{"id":42208,"date":"2026-04-19T15:26:20","date_gmt":"2026-04-19T15:26:20","guid":{"rendered":"https:\/\/singuli.wpress.me\/index.php\/proizvod\/gillette-fusion-smooth-brijac-s-zamjenskom-britvicom-3-kom\/"},"modified":"2026-04-20T12:33:44","modified_gmt":"2026-04-20T12:33:44","slug":"gillette-fusion-smooth-brijac-s-zamjenskom-britvicom-3-kom","status":"publish","type":"product","link":"https:\/\/singuli.wpress.me\/index.php\/proizvod\/gillette-fusion-smooth-brijac-s-zamjenskom-britvicom-3-kom\/","title":{"rendered":"GILLETTE Fusion Smooth, brija\u010d s zamjenskom britvicom, 3\u00a0kom"},"content":{"rendered":"<p>O\u0161trice Venusovih brija\u010da i britvica za \u017eene dizajnirane su upravo za \u017eensko tijelo. <\/p>\n<p>Zamjenske britvice Gillette Venus Smooth prve su zamjenjive britvice s 3 o\u0161trice namijenjene \u017eenama. <\/p>\n<p>Zamjenske britvice za brija\u010d imaju 3 o\u0161trice koje prate konture tijela sa za\u0161titnim jastu\u010di\u0107ima te zagla\u0111uju ko\u017eu za brzo i lako brijanje s pouzdanim rezultatima. <\/p>\n<p>Plava indikatorska trakica blije\u0111enjem pokazuje kada o\u0161trice vi\u0161e ne pru\u017eaju optimalnu razinu brijanja. <\/p>\n<p>Sve britvice Gillette Venus mogu se koristiti sa svim dr\u0161kama Gillette Venus (osim Gillette Simply Venus i Gillette Venus Pubic Hair and Skin).<\/p>\n","protected":false},"excerpt":{"rendered":"<p>3 o\u0161trice koje prate konture tijela<br \/>\nErgonomska dr\u0161ka SoftGrip za bolju kontrolu<br \/>\nSet uklju\u010duje aparat za brijanje i 2 zamjenska nastavka za brijanje<\/p>\n","protected":false},"featured_media":0,"template":"","meta":{"_seopress_robots_primary_cat":"","_seopress_titles_title":"","_seopress_titles_desc":"","_seopress_robots_index":"","iawp_total_views":0},"product_brand":[323],"product_cat":[280,192,279],"product_tag":[],"class_list":{"0":"post-42208","1":"product","2":"type-product","3":"status-publish","5":"product_brand-gillette","6":"product_cat-aparati-za-muskarce-279","7":"product_cat-aparati-za-osobnu-njegu","8":"product_cat-brijanje-i-sisanje-192","10":"first","11":"outofstock","12":"shipping-taxable","13":"purchasable","14":"product-type-simple"},"_links":{"self":[{"href":"https:\/\/singuli.wpress.me\/index.php\/wp-json\/wp\/v2\/product\/42208","targetHints":{"allow":["GET"]}}],"collection":[{"href":"https:\/\/singuli.wpress.me\/index.php\/wp-json\/wp\/v2\/product"}],"about":[{"href":"https:\/\/singuli.wpress.me\/index.php\/wp-json\/wp\/v2\/types\/product"}],"version-history":[{"count":0,"href":"https:\/\/singuli.wpress.me\/index.php\/wp-json\/wp\/v2\/product\/42208\/revisions"}],"wp:attachment":[{"href":"https:\/\/singuli.wpress.me\/index.php\/wp-json\/wp\/v2\/media?parent=42208"}],"wp:term":[{"taxonomy":"product_brand","embeddable":true,"href":"https:\/\/singuli.wpress.me\/index.php\/wp-json\/wp\/v2\/product_brand?post=42208"},{"taxonomy":"product_cat","embeddable":true,"href":"https:\/\/singuli.wpress.me\/index.php\/wp-json\/wp\/v2\/product_cat?post=42208"},{"taxonomy":"product_tag","embeddable":true,"href":"https:\/\/singuli.wpress.me\/index.php\/wp-json\/wp\/v2\/product_tag?post=42208"}],"curies":[{"name":"wp","href":"https:\/\/api.w.org\/{rel}","templated":true}]}}