{"id":42209,"date":"2026-04-19T15:26:20","date_gmt":"2026-04-19T15:26:20","guid":{"rendered":"https:\/\/singuli.wpress.me\/index.php\/proizvod\/barbie-color-reveal-lutka\/"},"modified":"2026-04-20T12:33:44","modified_gmt":"2026-04-20T12:33:44","slug":"barbie-color-reveal-lutka","status":"publish","type":"product","link":"https:\/\/singuli.wpress.me\/index.php\/proizvod\/barbie-color-reveal-lutka\/","title":{"rendered":"BARBIE Color Reveal, lutka"},"content":{"rendered":"<p>Barbie\u00ae Color Reveal\u2122 lutke pru\u017eaju iskustvo znati\u017eeljnog otvaranja proizvoda, a unutra se nalazi sedam iznena\u0111enja, uklju\u010duju\u0107i mirisnu Barbie\u00ae lutku prekrivenu premazom \u010diji se izgled otkriva vodom!<\/p>\n<p>Djeca \u0107e mo\u0107i unutar tube prona\u0107i jednu od pet mogu\u0107ih lutaka, od kojih svaka ima vlastiti vo\u0107ni miris. Neodoljivi mirisi Barbie\u00ae Color Reveal\u2122 lutaka su slatki mirisi tre\u0161nje, lubenice, jagode, ananasa i citrusnog limuna. U 4 tajanstvene vre\u0107ice mo\u017eete prona\u0107i i odje\u0107u te dodatke s temom vo\u0107a. <\/p>\n<p>Zapo\u010dnite igru uklanjanjem vanjskog sloja pakiranja, otvaranjem tube i izvla\u010denjem Barbie\u00ae lutke \u010diji je izgled prekriven Color Reveal\u2122 premazom s printom mije\u0161anog vo\u0107a. Napunite tubu toplom vodom, stavite lutku unutra i vrtite ju u krug- voda postaje ljubi\u010dasta za \u010daroban do\u017eivljaj!<\/p>\n<p>WOW izgled svakoj Barbie\u00ae Color Reveal\u2122 lutki daju efekti promjene boje na o\u010dima i usnama koje mo\u017eete mijenjati po \u017eelji upotrebom ledeno hladne i tople vode!<\/p>\n<p>U ovoj vo\u0107noj kolekciji nalazi se i lutka koja dolazi s bonus torbicom i jarko ru\u017ei\u010dastim ekstenzijama za kosu \u2013 napominjemo da je rijetka pa se nadamo da \u0107e\u0161 ju uspjeti prona\u0107i!<\/p>\n<p>Igra\u010dka dolazi u vi\u0161e razli\u010ditih modela, a isporuka ovisi o njihovoj trenutnoj raspolo\u017eivosti. Koju Barbie \u0107e\u0161 ti otkriti?<\/p>\n","protected":false},"excerpt":{"rendered":"<p>U kutiji se nalazi sedam iznena\u0111enja<br \/>\nEfekti promjene boje na o\u010dima i usnama koje mo\u017eete mijenjati po \u017eelji upotrebom ledeno hladne i tople vode<br \/>\nIgra\u010dka dolazi u vi\u0161e razli\u010ditih modela<\/p>\n","protected":false},"featured_media":0,"template":"","meta":{"_seopress_robots_primary_cat":"","_seopress_titles_title":"","_seopress_titles_desc":"","_seopress_robots_index":"","iawp_total_views":0},"product_brand":[324],"product_cat":[221,291],"product_tag":[],"class_list":{"0":"post-42209","1":"product","2":"type-product","3":"status-publish","5":"product_brand-barbie","6":"product_cat-igracke","7":"product_cat-igracke-za-djecu-221","9":"first","10":"instock","11":"shipping-taxable","12":"purchasable","13":"product-type-simple"},"_links":{"self":[{"href":"https:\/\/singuli.wpress.me\/index.php\/wp-json\/wp\/v2\/product\/42209","targetHints":{"allow":["GET"]}}],"collection":[{"href":"https:\/\/singuli.wpress.me\/index.php\/wp-json\/wp\/v2\/product"}],"about":[{"href":"https:\/\/singuli.wpress.me\/index.php\/wp-json\/wp\/v2\/types\/product"}],"version-history":[{"count":0,"href":"https:\/\/singuli.wpress.me\/index.php\/wp-json\/wp\/v2\/product\/42209\/revisions"}],"wp:attachment":[{"href":"https:\/\/singuli.wpress.me\/index.php\/wp-json\/wp\/v2\/media?parent=42209"}],"wp:term":[{"taxonomy":"product_brand","embeddable":true,"href":"https:\/\/singuli.wpress.me\/index.php\/wp-json\/wp\/v2\/product_brand?post=42209"},{"taxonomy":"product_cat","embeddable":true,"href":"https:\/\/singuli.wpress.me\/index.php\/wp-json\/wp\/v2\/product_cat?post=42209"},{"taxonomy":"product_tag","embeddable":true,"href":"https:\/\/singuli.wpress.me\/index.php\/wp-json\/wp\/v2\/product_tag?post=42209"}],"curies":[{"name":"wp","href":"https:\/\/api.w.org\/{rel}","templated":true}]}}