{"id":42214,"date":"2026-04-19T15:26:23","date_gmt":"2026-04-19T15:26:23","guid":{"rendered":"https:\/\/singuli.wpress.me\/index.php\/proizvod\/pronto-trigger-aloe-vera-sprej-za-drvene-povrsine-500-ml\/"},"modified":"2026-04-20T12:33:44","modified_gmt":"2026-04-20T12:33:44","slug":"pronto-trigger-aloe-vera-sprej-za-drvene-povrsine-500-ml","status":"publish","type":"product","link":"https:\/\/singuli.wpress.me\/index.php\/proizvod\/pronto-trigger-aloe-vera-sprej-za-drvene-povrsine-500-ml\/","title":{"rendered":"PRONTO Trigger Aloe Vera, sprej, za drvene povr\u0161ine, 500\u00a0ml"},"content":{"rendered":"<p>Pronto\u00ae Trigger Aloe Vera nje\u017eno \u010disti drvene povr\u0161ine isti\u010du\u0107i njihovu prirodnu ljepotu uz ugodan miris Aloe Vere.<\/p>\n<p>Upute za uporabu: <br \/>\n1. Okrenite poklopac na raspr\u0161iva\u010du na oznaku ON.<br \/>\n2. Raspr\u0161ite teku\u0107inu po povr\u0161ini i obri\u0161ite mekom krpom dok povr\u0161ina ne postane \u010dista. <\/p>\n<p>Prije uporabe provjerite u\u010dinak na maloj, manje vidljivoj povr\u0161ini.<\/p>\n<p>Proizvod nije namijenjen za uporabu na ko\u017enom namje\u0161taju, neobra\u0111enom drvu, mramoru ili granitu. Ne mije\u0161ati s ostalim sredstvima za \u010di\u0161\u0107enje. <\/p>\n","protected":false},"excerpt":{"rendered":"<p>S ugodnim mirisom Aloe Vere<br \/>\nIsti\u010de prirodnu ljepotu drvenih povr\u0161ina<br \/>\nUklanja mrlje i do 90% alergene pra\u0161ine<\/p>\n","protected":false},"featured_media":0,"template":"","meta":{"_seopress_robots_primary_cat":"","_seopress_titles_title":"","_seopress_titles_desc":"","_seopress_robots_index":"","iawp_total_views":0},"product_brand":[815],"product_cat":[274,238],"product_tag":[],"class_list":{"0":"post-42214","1":"product","2":"type-product","3":"status-publish","5":"product_brand-pronto","6":"product_cat-kucanski-pribor-238","7":"product_cat-sve-za-dom","9":"first","10":"instock","11":"shipping-taxable","12":"purchasable","13":"product-type-simple"},"_links":{"self":[{"href":"https:\/\/singuli.wpress.me\/index.php\/wp-json\/wp\/v2\/product\/42214","targetHints":{"allow":["GET"]}}],"collection":[{"href":"https:\/\/singuli.wpress.me\/index.php\/wp-json\/wp\/v2\/product"}],"about":[{"href":"https:\/\/singuli.wpress.me\/index.php\/wp-json\/wp\/v2\/types\/product"}],"version-history":[{"count":0,"href":"https:\/\/singuli.wpress.me\/index.php\/wp-json\/wp\/v2\/product\/42214\/revisions"}],"wp:attachment":[{"href":"https:\/\/singuli.wpress.me\/index.php\/wp-json\/wp\/v2\/media?parent=42214"}],"wp:term":[{"taxonomy":"product_brand","embeddable":true,"href":"https:\/\/singuli.wpress.me\/index.php\/wp-json\/wp\/v2\/product_brand?post=42214"},{"taxonomy":"product_cat","embeddable":true,"href":"https:\/\/singuli.wpress.me\/index.php\/wp-json\/wp\/v2\/product_cat?post=42214"},{"taxonomy":"product_tag","embeddable":true,"href":"https:\/\/singuli.wpress.me\/index.php\/wp-json\/wp\/v2\/product_tag?post=42214"}],"curies":[{"name":"wp","href":"https:\/\/api.w.org\/{rel}","templated":true}]}}