{"id":42216,"date":"2026-04-19T15:26:24","date_gmt":"2026-04-19T15:26:24","guid":{"rendered":"https:\/\/singuli.wpress.me\/index.php\/proizvod\/herbal-essences-maska-za-kosu-argan-oil-380-ml\/"},"modified":"2026-04-20T12:33:44","modified_gmt":"2026-04-20T12:33:44","slug":"herbal-essences-maska-za-kosu-argan-oil-380-ml","status":"publish","type":"product","link":"https:\/\/singuli.wpress.me\/index.php\/proizvod\/herbal-essences-maska-za-kosu-argan-oil-380-ml\/","title":{"rendered":"HERBAL ESSENCES, maska za kosu, Argan Oil, 380\u00a0ml"},"content":{"rendered":"<p>Herbal Essences Repair &amp; Renew Intensive Mask maska za kosu s arganovim uljem prodire dubinski u vlasi i poma\u017ee obnoviti o\u0161te\u0107enu kosu. <\/p>\n<p>Zahvaljuju\u0107i marokanskom arganovom ulju kosa je mek\u0161a i gla\u0111a, a kremasta tekstura i mlije\u010dni, slatkasti miris s nje\u017enim notama orijentalnih za\u010dina i vanilije pru\u017eaju prekrasan miris va\u0161oj kosi. <\/p>\n<p>Herbal Essences vjeruje u nutritivnu mo\u0107 biljaka. Njeguju\u0107a, bogata formula oboga\u0107ena je \u010distim biljnim esencijama i nutrijentima na biljnoj bazi te dolazi u ekolo\u0161kom pakiranju. <\/p>\n<p>Uz Herbal Essences Argan Oil masku pru\u017eate najbolju njegu va\u0161oj kosi dok istovremeno \u0161titite planet.<\/p>\n","protected":false},"excerpt":{"rendered":"<p>Za prirodno meku i sjajnu kosu<br \/>\nOboga\u0107ena je uljem marokanskog argana i \u010distim biljnim esencijama<br \/>\n2 na\u010dina primjene; kao maska i kao balzam<\/p>\n","protected":false},"featured_media":0,"template":"","meta":{"_seopress_robots_primary_cat":"","_seopress_titles_title":"","_seopress_titles_desc":"","_seopress_robots_index":"","iawp_total_views":0},"product_brand":[483],"product_cat":[268,300],"product_tag":[],"class_list":{"0":"post-42216","1":"product","2":"type-product","3":"status-publish","5":"product_brand-herbal-essences","6":"product_cat-kozmetika-2","7":"product_cat-njega-kose-268","9":"first","10":"outofstock","11":"shipping-taxable","12":"purchasable","13":"product-type-simple"},"_links":{"self":[{"href":"https:\/\/singuli.wpress.me\/index.php\/wp-json\/wp\/v2\/product\/42216","targetHints":{"allow":["GET"]}}],"collection":[{"href":"https:\/\/singuli.wpress.me\/index.php\/wp-json\/wp\/v2\/product"}],"about":[{"href":"https:\/\/singuli.wpress.me\/index.php\/wp-json\/wp\/v2\/types\/product"}],"version-history":[{"count":0,"href":"https:\/\/singuli.wpress.me\/index.php\/wp-json\/wp\/v2\/product\/42216\/revisions"}],"wp:attachment":[{"href":"https:\/\/singuli.wpress.me\/index.php\/wp-json\/wp\/v2\/media?parent=42216"}],"wp:term":[{"taxonomy":"product_brand","embeddable":true,"href":"https:\/\/singuli.wpress.me\/index.php\/wp-json\/wp\/v2\/product_brand?post=42216"},{"taxonomy":"product_cat","embeddable":true,"href":"https:\/\/singuli.wpress.me\/index.php\/wp-json\/wp\/v2\/product_cat?post=42216"},{"taxonomy":"product_tag","embeddable":true,"href":"https:\/\/singuli.wpress.me\/index.php\/wp-json\/wp\/v2\/product_tag?post=42216"}],"curies":[{"name":"wp","href":"https:\/\/api.w.org\/{rel}","templated":true}]}}