{"id":42219,"date":"2026-04-19T15:26:24","date_gmt":"2026-04-19T15:26:24","guid":{"rendered":"https:\/\/singuli.wpress.me\/index.php\/proizvod\/jacobs-lungo-kapsule-10-kom\/"},"modified":"2026-04-20T12:33:44","modified_gmt":"2026-04-20T12:33:44","slug":"jacobs-lungo-kapsule-10-kom","status":"publish","type":"product","link":"https:\/\/singuli.wpress.me\/index.php\/proizvod\/jacobs-lungo-kapsule-10-kom\/","title":{"rendered":"JACOBS Lungo, kapsule, 10\u00a0kom"},"content":{"rendered":"<p>Intenzivnog okusa, pune arome, slojevit u\u017eitak! Savr\u0161en za one koji \u017eele u\u017eivati dulje<\/p>\n","protected":false},"excerpt":{"rendered":"<p>Mljevena kava<br \/>\nPakirana u kapsule<br \/>\nKompatibilne s Nespresso aparat za kavu<\/p>\n","protected":false},"featured_media":0,"template":"","meta":{"_seopress_robots_primary_cat":"","_seopress_titles_title":"","_seopress_titles_desc":"","_seopress_robots_index":"","iawp_total_views":0},"product_brand":[419],"product_cat":[261,275],"product_tag":[],"class_list":{"0":"post-42219","1":"product","2":"type-product","3":"status-publish","5":"product_brand-jacobs","6":"product_cat-hrana-i-pice","7":"product_cat-kava-i-cajevi-261","9":"first","10":"instock","11":"shipping-taxable","12":"purchasable","13":"product-type-simple"},"_links":{"self":[{"href":"https:\/\/singuli.wpress.me\/index.php\/wp-json\/wp\/v2\/product\/42219","targetHints":{"allow":["GET"]}}],"collection":[{"href":"https:\/\/singuli.wpress.me\/index.php\/wp-json\/wp\/v2\/product"}],"about":[{"href":"https:\/\/singuli.wpress.me\/index.php\/wp-json\/wp\/v2\/types\/product"}],"version-history":[{"count":0,"href":"https:\/\/singuli.wpress.me\/index.php\/wp-json\/wp\/v2\/product\/42219\/revisions"}],"wp:attachment":[{"href":"https:\/\/singuli.wpress.me\/index.php\/wp-json\/wp\/v2\/media?parent=42219"}],"wp:term":[{"taxonomy":"product_brand","embeddable":true,"href":"https:\/\/singuli.wpress.me\/index.php\/wp-json\/wp\/v2\/product_brand?post=42219"},{"taxonomy":"product_cat","embeddable":true,"href":"https:\/\/singuli.wpress.me\/index.php\/wp-json\/wp\/v2\/product_cat?post=42219"},{"taxonomy":"product_tag","embeddable":true,"href":"https:\/\/singuli.wpress.me\/index.php\/wp-json\/wp\/v2\/product_tag?post=42219"}],"curies":[{"name":"wp","href":"https:\/\/api.w.org\/{rel}","templated":true}]}}