{"id":42223,"date":"2026-04-19T15:26:26","date_gmt":"2026-04-19T15:26:26","guid":{"rendered":"https:\/\/singuli.wpress.me\/index.php\/proizvod\/braun-series-5-51-r1200s-brijaci-aparat\/"},"modified":"2026-04-20T12:33:44","modified_gmt":"2026-04-20T12:33:44","slug":"braun-series-5-51-r1200s-brijaci-aparat","status":"publish","type":"product","link":"https:\/\/singuli.wpress.me\/index.php\/proizvod\/braun-series-5-51-r1200s-brijaci-aparat\/","title":{"rendered":"BRAUN Series 5 51-R1200s, brija\u0107i aparat"},"content":{"rendered":"<p>Elektri\u010dni aparat za brijanje Braun Series 5 51-M1200s be\u017ei\u010dni aparat za brijanje s mre\u017eicom za mokro i suho kori\u0161tenje<br \/>\n&#8211; Jednostavan na\u010din za temeljito brijanje: ovaj elektri\u010dni aparat za brijanje opremljen je s tri fleksibilne o\u0161trice koje se neprestano pokretima prilago\u0111avaju obrazima, EasyClean sustav omogu\u0107uje brzo i jednostavno \u010di\u0161\u0107enje &#8211; bez skidanja glave brija\u010da.<br \/>\n&#8211; U\u010dinkovito na gustim bradama: AutoSense tehnologija analizira va\u0161u bradu i prilago\u0111ava ja\u010dinu njezinoj gusto\u0107i, kako bi oja\u010dala i odrezala vi\u0161e dla\u010dica sa svakim brijanjem.<br \/>\n&#8211; Li-ion baterija omogu\u0107uje do tri tjedna brijanja (50 minuta). 5-minutno brzo punjenje za ravnomjeran proces brijanja.<br \/>\n&#8211; 100% vodootporan elektri\u010dni aparat za brijanje za mokro i suho kori\u0161tenje<\/p>\n","protected":false},"excerpt":{"rendered":"<p>U\u010dinkovito na gustim bradama<br \/>\nLitij-ionska baterija pru\u017ea do 3 tjedna brijanja<br \/>\n100% vodootporan elektri\u010dni aparat za brijanje za mokro i suho kori\u0161tenje.<\/p>\n","protected":false},"featured_media":0,"template":"","meta":{"_seopress_robots_primary_cat":"","_seopress_titles_title":"","_seopress_titles_desc":"","_seopress_robots_index":"","iawp_total_views":0},"product_brand":[144],"product_cat":[280,192,279],"product_tag":[],"class_list":{"0":"post-42223","1":"product","2":"type-product","3":"status-publish","5":"product_brand-braun","6":"product_cat-aparati-za-muskarce-279","7":"product_cat-aparati-za-osobnu-njegu","8":"product_cat-brijanje-i-sisanje-192","10":"first","11":"outofstock","12":"shipping-taxable","13":"purchasable","14":"product-type-simple"},"_links":{"self":[{"href":"https:\/\/singuli.wpress.me\/index.php\/wp-json\/wp\/v2\/product\/42223","targetHints":{"allow":["GET"]}}],"collection":[{"href":"https:\/\/singuli.wpress.me\/index.php\/wp-json\/wp\/v2\/product"}],"about":[{"href":"https:\/\/singuli.wpress.me\/index.php\/wp-json\/wp\/v2\/types\/product"}],"version-history":[{"count":0,"href":"https:\/\/singuli.wpress.me\/index.php\/wp-json\/wp\/v2\/product\/42223\/revisions"}],"wp:attachment":[{"href":"https:\/\/singuli.wpress.me\/index.php\/wp-json\/wp\/v2\/media?parent=42223"}],"wp:term":[{"taxonomy":"product_brand","embeddable":true,"href":"https:\/\/singuli.wpress.me\/index.php\/wp-json\/wp\/v2\/product_brand?post=42223"},{"taxonomy":"product_cat","embeddable":true,"href":"https:\/\/singuli.wpress.me\/index.php\/wp-json\/wp\/v2\/product_cat?post=42223"},{"taxonomy":"product_tag","embeddable":true,"href":"https:\/\/singuli.wpress.me\/index.php\/wp-json\/wp\/v2\/product_tag?post=42223"}],"curies":[{"name":"wp","href":"https:\/\/api.w.org\/{rel}","templated":true}]}}