{"id":42228,"date":"2026-04-19T15:26:28","date_gmt":"2026-04-19T15:26:28","guid":{"rendered":"https:\/\/singuli.wpress.me\/index.php\/proizvod\/herbal-essences-balzam-za-kosu-argan-oil-275-ml\/"},"modified":"2026-04-20T12:33:44","modified_gmt":"2026-04-20T12:33:44","slug":"herbal-essences-balzam-za-kosu-argan-oil-275-ml","status":"publish","type":"product","link":"https:\/\/singuli.wpress.me\/index.php\/proizvod\/herbal-essences-balzam-za-kosu-argan-oil-275-ml\/","title":{"rendered":"HERBAL ESSENCES, balzam za kosu, Argan Oil, 275\u00a0ml"},"content":{"rendered":"<p>Herbal Essences Repair obnavljaju\u0107i regenerator s arganovim uljem poma\u017ee obnoviti o\u0161te\u0107enu i suhu kosu te je ostavlja glatkom i prirodno sjajnom. Kosa je mek\u0161a i gla\u0111a. <\/p>\n<p>Herbal Essences vjeruje u nutritivnu mo\u0107 biljaka. Kolekcija \u0161ampona i balzama s arganovim uljem vra\u0107a va\u0161u kosu u \u017eivot. <\/p>\n<p>Njeguju\u0107a, bogata formula oboga\u0107ena je \u010distim biljnim esencijama i biljnim hranjivim tvarima te dolazi u ekolo\u0161kom pakiranju. <\/p>\n<p>Otkrijte najbolje izdanje svoje kose i veselite se dok istovremeno \u0161titite i planet.<\/p>\n","protected":false},"excerpt":{"rendered":"<p>Vra\u0107a kosi njezinu glatko\u0107u i sjaj<br \/>\nSadr\u017ei antioksidansom koji poma\u017ee pro\u010distiti i za\u0161tititi kosu<br \/>\n95 % sastojaka prirodnog porijekla<\/p>\n","protected":false},"featured_media":0,"template":"","meta":{"_seopress_robots_primary_cat":"","_seopress_titles_title":"","_seopress_titles_desc":"","_seopress_robots_index":"","iawp_total_views":0},"product_brand":[483],"product_cat":[268,300],"product_tag":[],"class_list":{"0":"post-42228","1":"product","2":"type-product","3":"status-publish","5":"product_brand-herbal-essences","6":"product_cat-kozmetika-2","7":"product_cat-njega-kose-268","9":"first","10":"outofstock","11":"shipping-taxable","12":"purchasable","13":"product-type-simple"},"_links":{"self":[{"href":"https:\/\/singuli.wpress.me\/index.php\/wp-json\/wp\/v2\/product\/42228","targetHints":{"allow":["GET"]}}],"collection":[{"href":"https:\/\/singuli.wpress.me\/index.php\/wp-json\/wp\/v2\/product"}],"about":[{"href":"https:\/\/singuli.wpress.me\/index.php\/wp-json\/wp\/v2\/types\/product"}],"version-history":[{"count":0,"href":"https:\/\/singuli.wpress.me\/index.php\/wp-json\/wp\/v2\/product\/42228\/revisions"}],"wp:attachment":[{"href":"https:\/\/singuli.wpress.me\/index.php\/wp-json\/wp\/v2\/media?parent=42228"}],"wp:term":[{"taxonomy":"product_brand","embeddable":true,"href":"https:\/\/singuli.wpress.me\/index.php\/wp-json\/wp\/v2\/product_brand?post=42228"},{"taxonomy":"product_cat","embeddable":true,"href":"https:\/\/singuli.wpress.me\/index.php\/wp-json\/wp\/v2\/product_cat?post=42228"},{"taxonomy":"product_tag","embeddable":true,"href":"https:\/\/singuli.wpress.me\/index.php\/wp-json\/wp\/v2\/product_tag?post=42228"}],"curies":[{"name":"wp","href":"https:\/\/api.w.org\/{rel}","templated":true}]}}