{"id":42232,"date":"2026-04-19T15:26:29","date_gmt":"2026-04-19T15:26:29","guid":{"rendered":"https:\/\/singuli.wpress.me\/index.php\/proizvod\/argina-s2-40-motorno-ulje-1000-l\/"},"modified":"2026-04-20T12:33:44","modified_gmt":"2026-04-20T12:33:44","slug":"argina-s2-40-motorno-ulje-1000-l","status":"publish","type":"product","link":"https:\/\/singuli.wpress.me\/index.php\/proizvod\/argina-s2-40-motorno-ulje-1000-l\/","title":{"rendered":"ARGINA S2 40, motorno ulje, 1000\u00a0l"},"content":{"rendered":"<p>Ulje za \u010detverotaktne srednjohodne dizel motore koji rade na preostalim, mije\u0161anim ili destilatnim gorivima. Argina S2 ima BN od 20 i dizajnirana je za uvjete niskog naprezanja ulja. Mo\u017ee biti kori\u0161teno s razli\u010ditim tipovima goriva.<\/p>\n<p><span style=\"font-weight: bold\">Specifikacija: <\/span>Wartsilla, MAN Energy Solutions<\/p>\n","protected":false},"excerpt":{"rendered":"<p>Ulje za \u010detverotaktne srednjohodne dizel motore<br \/>\nDizajnirana za uvjete niskog naprezanja ulja<br \/>\nMo\u017ee biti kori\u0161teno s razli\u010ditim tipovima goriva<\/p>\n","protected":false},"featured_media":0,"template":"","meta":{"_seopress_robots_primary_cat":"","_seopress_titles_title":"","_seopress_titles_desc":"","_seopress_robots_index":"","iawp_total_views":0},"product_brand":[455],"product_cat":[243,276],"product_tag":[],"class_list":{"0":"post-42232","1":"product","2":"type-product","3":"status-publish","5":"product_brand-argina","6":"product_cat-automobili-i-motori","7":"product_cat-industrijska-i-specijalna-ulja-243","9":"first","10":"outofstock","11":"shipping-taxable","12":"purchasable","13":"product-type-simple"},"_links":{"self":[{"href":"https:\/\/singuli.wpress.me\/index.php\/wp-json\/wp\/v2\/product\/42232","targetHints":{"allow":["GET"]}}],"collection":[{"href":"https:\/\/singuli.wpress.me\/index.php\/wp-json\/wp\/v2\/product"}],"about":[{"href":"https:\/\/singuli.wpress.me\/index.php\/wp-json\/wp\/v2\/types\/product"}],"version-history":[{"count":0,"href":"https:\/\/singuli.wpress.me\/index.php\/wp-json\/wp\/v2\/product\/42232\/revisions"}],"wp:attachment":[{"href":"https:\/\/singuli.wpress.me\/index.php\/wp-json\/wp\/v2\/media?parent=42232"}],"wp:term":[{"taxonomy":"product_brand","embeddable":true,"href":"https:\/\/singuli.wpress.me\/index.php\/wp-json\/wp\/v2\/product_brand?post=42232"},{"taxonomy":"product_cat","embeddable":true,"href":"https:\/\/singuli.wpress.me\/index.php\/wp-json\/wp\/v2\/product_cat?post=42232"},{"taxonomy":"product_tag","embeddable":true,"href":"https:\/\/singuli.wpress.me\/index.php\/wp-json\/wp\/v2\/product_tag?post=42232"}],"curies":[{"name":"wp","href":"https:\/\/api.w.org\/{rel}","templated":true}]}}