{"id":42241,"date":"2026-04-19T15:26:32","date_gmt":"2026-04-19T15:26:32","guid":{"rendered":"https:\/\/singuli.wpress.me\/index.php\/proizvod\/ariel-black-kapsule-za-pranje-rublja-26-pranja\/"},"modified":"2026-04-21T00:27:16","modified_gmt":"2026-04-21T00:27:16","slug":"ariel-black-kapsule-za-pranje-rublja-26-pranja","status":"publish","type":"product","link":"https:\/\/singuli.wpress.me\/index.php\/proizvod\/ariel-black-kapsule-za-pranje-rublja-26-pranja\/","title":{"rendered":"ARIEL Black, kapsule za pranje rublja, 26 pranja"},"content":{"rendered":"<p>Kapsule za pranje rublja Ariel Black sada uklju\u010duju i dodatnu ljubi\u010dastu komoru koja osvje\u017eava sjaj crnih i tamnih boja s 0 % bojila. Ariel kapsule koriste jedinstvenu tehnologiju Cool Clean koja omogu\u0107uje u\u010dinkovito uklanjanje mrlja na niskim temperaturama \u010dime \u0161tedite energiju pri svakom pranju. <\/p>\n<p>Nadalje, ECOCLIC kartonska kutija koja se mo\u017ee reciklirati zna\u010di da Ariel kapsule za pranje sada mogu pomo\u0107i u smanjenju plasti\u010dnog otpada. Napravljen je za o\u010duvanje kapsula i ne sadr\u017ei vi\u0161e od 5 % plastike. Uz Ariel Black kapsule, 100 % vodotopivi omota\u010d kapsule odmah se otapa nakon kontakta s vodom i osloba\u0111a mo\u0107nu tehnologiju uklanjanja mrlja za temeljito \u010di\u0161\u0107enje.<\/p>\n","protected":false},"excerpt":{"rendered":"<p>Uklanja mrlje, \u010duva boje, osvje\u017eava i \u0161titi tkaninu<br \/>\nRazvijeno za pranje na niskim temperaturama koriste\u0107i tehnologiju Cool Clean<br \/>\nOmot 100 % topiv u vodi<\/p>\n","protected":false},"featured_media":0,"template":"","meta":{"_seopress_robots_primary_cat":"","_seopress_titles_title":"","_seopress_titles_desc":"","_seopress_robots_index":"","iawp_total_views":0},"product_brand":[427],"product_cat":[283,238],"product_tag":[],"class_list":{"0":"post-42241","1":"product","2":"type-product","3":"status-publish","5":"product_brand-ariel","6":"product_cat-pranje-rublja-238","7":"product_cat-sve-za-dom","9":"first","10":"outofstock","11":"shipping-taxable","12":"purchasable","13":"product-type-simple"},"_links":{"self":[{"href":"https:\/\/singuli.wpress.me\/index.php\/wp-json\/wp\/v2\/product\/42241","targetHints":{"allow":["GET"]}}],"collection":[{"href":"https:\/\/singuli.wpress.me\/index.php\/wp-json\/wp\/v2\/product"}],"about":[{"href":"https:\/\/singuli.wpress.me\/index.php\/wp-json\/wp\/v2\/types\/product"}],"version-history":[{"count":0,"href":"https:\/\/singuli.wpress.me\/index.php\/wp-json\/wp\/v2\/product\/42241\/revisions"}],"wp:attachment":[{"href":"https:\/\/singuli.wpress.me\/index.php\/wp-json\/wp\/v2\/media?parent=42241"}],"wp:term":[{"taxonomy":"product_brand","embeddable":true,"href":"https:\/\/singuli.wpress.me\/index.php\/wp-json\/wp\/v2\/product_brand?post=42241"},{"taxonomy":"product_cat","embeddable":true,"href":"https:\/\/singuli.wpress.me\/index.php\/wp-json\/wp\/v2\/product_cat?post=42241"},{"taxonomy":"product_tag","embeddable":true,"href":"https:\/\/singuli.wpress.me\/index.php\/wp-json\/wp\/v2\/product_tag?post=42241"}],"curies":[{"name":"wp","href":"https:\/\/api.w.org\/{rel}","templated":true}]}}