{"id":42245,"date":"2026-04-19T15:26:33","date_gmt":"2026-04-19T15:26:33","guid":{"rendered":"https:\/\/singuli.wpress.me\/index.php\/proizvod\/twistshake-bocica-sa-slamkom-pastel-roza-6m-360-ml\/"},"modified":"2026-04-21T00:27:16","modified_gmt":"2026-04-21T00:27:16","slug":"twistshake-bocica-sa-slamkom-pastel-roza-6m-360-ml","status":"publish","type":"product","link":"https:\/\/singuli.wpress.me\/index.php\/proizvod\/twistshake-bocica-sa-slamkom-pastel-roza-6m-360-ml\/","title":{"rendered":"TWISTSHAKE, bo\u010dica sa slamkom, pastel roza 6+m, 360\u00a0ml"},"content":{"rendered":"<p>Twisthake Bo\u010dica sa slamkom (Straw Cup) kojom se sprje\u010dava prolijevanje za smoothije ili napitke za vrijeme objeda. Dizajn kojim se omogu\u0107ava udoban hvat. Dostupno u nekoliko boja. Ne sadr\u017ei BPA \u2013 siguran proizvod za va\u0161e dijete. Bo\u010dica je prikladna od 6. mjeseci nadalje.<\/p>\n","protected":false},"excerpt":{"rendered":"<p>Sprje\u010dava prolijevanje<br \/>\nSlamka izra\u0111ena od silikona<br \/>\nNe sadr\u017ei BPA \u2013 siguran proizvod za vas i va\u0161e dijete<\/p>\n","protected":false},"featured_media":0,"template":"","meta":{"_seopress_robots_primary_cat":"","_seopress_titles_title":"","_seopress_titles_desc":"","_seopress_robots_index":"","iawp_total_views":0},"product_brand":[433],"product_cat":[211,286,287],"product_tag":[],"class_list":{"0":"post-42245","1":"product","2":"type-product","3":"status-publish","5":"product_brand-twistshake","6":"product_cat-njega-majke-i-djeteta","7":"product_cat-oprema-za-bebe-211","8":"product_cat-za-bebe-286","10":"first","11":"instock","12":"shipping-taxable","13":"purchasable","14":"product-type-simple"},"_links":{"self":[{"href":"https:\/\/singuli.wpress.me\/index.php\/wp-json\/wp\/v2\/product\/42245","targetHints":{"allow":["GET"]}}],"collection":[{"href":"https:\/\/singuli.wpress.me\/index.php\/wp-json\/wp\/v2\/product"}],"about":[{"href":"https:\/\/singuli.wpress.me\/index.php\/wp-json\/wp\/v2\/types\/product"}],"version-history":[{"count":0,"href":"https:\/\/singuli.wpress.me\/index.php\/wp-json\/wp\/v2\/product\/42245\/revisions"}],"wp:attachment":[{"href":"https:\/\/singuli.wpress.me\/index.php\/wp-json\/wp\/v2\/media?parent=42245"}],"wp:term":[{"taxonomy":"product_brand","embeddable":true,"href":"https:\/\/singuli.wpress.me\/index.php\/wp-json\/wp\/v2\/product_brand?post=42245"},{"taxonomy":"product_cat","embeddable":true,"href":"https:\/\/singuli.wpress.me\/index.php\/wp-json\/wp\/v2\/product_cat?post=42245"},{"taxonomy":"product_tag","embeddable":true,"href":"https:\/\/singuli.wpress.me\/index.php\/wp-json\/wp\/v2\/product_tag?post=42245"}],"curies":[{"name":"wp","href":"https:\/\/api.w.org\/{rel}","templated":true}]}}