{"id":42247,"date":"2026-04-19T15:26:34","date_gmt":"2026-04-19T15:26:34","guid":{"rendered":"https:\/\/singuli.wpress.me\/index.php\/proizvod\/rimula-r6-lme-5w30-motorno-ulje-za-gospodarska-vozila-20-l\/"},"modified":"2026-04-20T12:33:44","modified_gmt":"2026-04-20T12:33:44","slug":"rimula-r6-lme-5w30-motorno-ulje-za-gospodarska-vozila-20-l","status":"publish","type":"product","link":"https:\/\/singuli.wpress.me\/index.php\/proizvod\/rimula-r6-lme-5w30-motorno-ulje-za-gospodarska-vozila-20-l\/","title":{"rendered":"RIMULA R6 LME 5W30 , motorno ulje za gospodarska vozila, 20\u00a0l"},"content":{"rendered":"<p>Sinteti\u010dko motorno ulje za dizelske motore gospodarskih vozila. <\/p>\n<p>Odlikuje ga niska emisija \u0161tetnih plinova, u\u0161teda energije i u\u0161teda u tro\u0161kovima odr\u017eavanja zahvaljuju\u0107i aditivima s niskim sadr\u017eajem sulfatnog pepela, sumpora i fosfora (Low-SAPS). <\/p>\n<p>Snaga za\u0161tite dodatno je poja\u010dana upotrebom sinteti\u010dkih baznih ulja koja poja\u010davaju djelovanje aditiva da bi se postigla niska razina viskoziteta koja donosi beskompromisnu u\u0161tedu u potro\u0161nji goriva. <\/p>\n<p>Glavne primjene su za cestovna gospodarska vozila i za motore s niskom emisijom \u0161tetnih plinova. <\/p>\n<p><span style=\"font-weight: bold\">Specifikacija:<\/span> ACEA E6, E7, Cummins CES 20077, Deutz DQC IV-10 LA, Iveco TLS E6, Mack EO-N, MAN M 3477, M 3271-1, MB odobrenje 228.51, MTU Category 3.1, Renault RLD-2, Volvo VDS-3, Scania Low Ash.<\/p>\n","protected":false},"excerpt":{"rendered":"<p>Niski sadr\u017eaj pepela, sumpora i fosfora<br \/>\nGlavne primjene su za cestovna gospodarska vozila i za motore s niskom emisijom \u0161tetnih plinova<br \/>\nSpecifikacija u opisu<\/p>\n","protected":false},"featured_media":0,"template":"","meta":{"_seopress_robots_primary_cat":"","_seopress_titles_title":"","_seopress_titles_desc":"","_seopress_robots_index":"","iawp_total_views":0},"product_brand":[469],"product_cat":[243,276,272],"product_tag":[],"class_list":{"0":"post-42247","1":"product","2":"type-product","3":"status-publish","5":"product_brand-rimula","6":"product_cat-automobili-i-motori","7":"product_cat-industrijska-i-specijalna-ulja-243","8":"product_cat-motorna-ulja-243","10":"first","11":"outofstock","12":"shipping-taxable","13":"purchasable","14":"product-type-simple"},"_links":{"self":[{"href":"https:\/\/singuli.wpress.me\/index.php\/wp-json\/wp\/v2\/product\/42247","targetHints":{"allow":["GET"]}}],"collection":[{"href":"https:\/\/singuli.wpress.me\/index.php\/wp-json\/wp\/v2\/product"}],"about":[{"href":"https:\/\/singuli.wpress.me\/index.php\/wp-json\/wp\/v2\/types\/product"}],"version-history":[{"count":0,"href":"https:\/\/singuli.wpress.me\/index.php\/wp-json\/wp\/v2\/product\/42247\/revisions"}],"wp:attachment":[{"href":"https:\/\/singuli.wpress.me\/index.php\/wp-json\/wp\/v2\/media?parent=42247"}],"wp:term":[{"taxonomy":"product_brand","embeddable":true,"href":"https:\/\/singuli.wpress.me\/index.php\/wp-json\/wp\/v2\/product_brand?post=42247"},{"taxonomy":"product_cat","embeddable":true,"href":"https:\/\/singuli.wpress.me\/index.php\/wp-json\/wp\/v2\/product_cat?post=42247"},{"taxonomy":"product_tag","embeddable":true,"href":"https:\/\/singuli.wpress.me\/index.php\/wp-json\/wp\/v2\/product_tag?post=42247"}],"curies":[{"name":"wp","href":"https:\/\/api.w.org\/{rel}","templated":true}]}}