{"id":42248,"date":"2026-04-19T15:26:34","date_gmt":"2026-04-19T15:26:34","guid":{"rendered":"https:\/\/singuli.wpress.me\/index.php\/proizvod\/plantaze-malvazija-bijelo-vino-0-75-l\/"},"modified":"2026-04-20T12:33:44","modified_gmt":"2026-04-20T12:33:44","slug":"plantaze-malvazija-bijelo-vino-0-75-l","status":"publish","type":"product","link":"https:\/\/singuli.wpress.me\/index.php\/proizvod\/plantaze-malvazija-bijelo-vino-0-75-l\/","title":{"rendered":"PLANTA\u017dE Malvazija, bijelo vino, 0.75\u00a0l"},"content":{"rendered":"<p>Vrhunsko suho bijelo vino  <\/p>\n<p>Vino zaokru\u017eena, lepr\u0161avog, postojanog i punog okusa sa zavr\u0161nicom citrusnih aroma, kao i aromom breskve i marelice, cvijeta bazge i bagrema, primamljivo za sva\u010diji ukus.<\/p>\n<p>Temperatura serviranja: 10-12\u00b0C <\/p>\n","protected":false},"excerpt":{"rendered":"<p>Vrhunsko suho bijelo vino<br \/>\nVino zaokru\u017eena, lepr\u0161avog, postojanog i punog okusa sa zavr\u0161nicom citrusnih aroma, kao i aromom breskve i marelice, cvijeta bazge i bagrema, primamljivo za sva\u010diji ukus<br \/>\nTemperatura serviranja: 10-12\u00b0C<\/p>\n","protected":false},"featured_media":0,"template":"","meta":{"_seopress_robots_primary_cat":"","_seopress_titles_title":"","_seopress_titles_desc":"","_seopress_robots_index":"","iawp_total_views":0},"product_brand":[508],"product_cat":[298,261],"product_tag":[],"class_list":{"0":"post-42248","1":"product","2":"type-product","3":"status-publish","5":"product_brand-plantaze","6":"product_cat-alkoholna-pica-261","7":"product_cat-hrana-i-pice","9":"first","10":"instock","11":"shipping-taxable","12":"purchasable","13":"product-type-simple"},"_links":{"self":[{"href":"https:\/\/singuli.wpress.me\/index.php\/wp-json\/wp\/v2\/product\/42248","targetHints":{"allow":["GET"]}}],"collection":[{"href":"https:\/\/singuli.wpress.me\/index.php\/wp-json\/wp\/v2\/product"}],"about":[{"href":"https:\/\/singuli.wpress.me\/index.php\/wp-json\/wp\/v2\/types\/product"}],"version-history":[{"count":0,"href":"https:\/\/singuli.wpress.me\/index.php\/wp-json\/wp\/v2\/product\/42248\/revisions"}],"wp:attachment":[{"href":"https:\/\/singuli.wpress.me\/index.php\/wp-json\/wp\/v2\/media?parent=42248"}],"wp:term":[{"taxonomy":"product_brand","embeddable":true,"href":"https:\/\/singuli.wpress.me\/index.php\/wp-json\/wp\/v2\/product_brand?post=42248"},{"taxonomy":"product_cat","embeddable":true,"href":"https:\/\/singuli.wpress.me\/index.php\/wp-json\/wp\/v2\/product_cat?post=42248"},{"taxonomy":"product_tag","embeddable":true,"href":"https:\/\/singuli.wpress.me\/index.php\/wp-json\/wp\/v2\/product_tag?post=42248"}],"curies":[{"name":"wp","href":"https:\/\/api.w.org\/{rel}","templated":true}]}}