{"id":42252,"date":"2026-04-19T15:26:36","date_gmt":"2026-04-19T15:26:36","guid":{"rendered":"https:\/\/singuli.wpress.me\/index.php\/proizvod\/rimula-ultra-5w30-motorno-ulje-za-gospodarska-vozila-209-l\/"},"modified":"2026-04-20T12:33:44","modified_gmt":"2026-04-20T12:33:44","slug":"rimula-ultra-5w30-motorno-ulje-za-gospodarska-vozila-209-l","status":"publish","type":"product","link":"https:\/\/singuli.wpress.me\/index.php\/proizvod\/rimula-ultra-5w30-motorno-ulje-za-gospodarska-vozila-209-l\/","title":{"rendered":"RIMULA ULTRA 5W30, motorno ulje za gospodarska vozila, 209\u00a0l"},"content":{"rendered":"<p>Potpuno sinteti\u010dko motorno ulje za gospodarska vozila pru\u017ea aktivnu za\u0161titu zahvaljuju\u0107i formulaciji aditiva s niskim sadr\u017eajem sulfatnog pepela, sumpora i fosfora (Low-SAPS tehnologiji) osna\u017eeno jedinstvenom za\u0161titom protiv tro\u0161enja.<\/p>\n<p>Snaga za\u0161tite dodatno je poja\u010dana upotrebom sinteti\u010dkih baznih ulja \u0161to produljuje interval odr\u017eavanja i donosi u\u0161tedu u potro\u0161nji goriva. <\/p>\n<p>Prikladno je za Euro 4,5,6 motore. <\/p>\n<p>Osigurava visoku \u010disto\u0107u klipova koja je od su\u0161tinske va\u017enosti za dugi vijek trajanja motora.<\/p>\n<p><span style=\"font-weight: bold\">Specifikacija: <\/span>ACEA E6, E7, E9, API CJ-4, CI-4, CH-4, CG-4, CF-4, CF, JASO DH-2, Caterpillar ECF-3, Cummins CES 20081, Deutz DQC IV-10 LA, Iveco TLS E6, MAN M 3477, M3677, Mack EO-O Premium Plus, MB odobrenje 228.51, MTU kategorija 3.1, Renault kamioni RLD-3, Volvo VDS-4, Scania LDF-4..<\/p>\n","protected":false},"excerpt":{"rendered":"<p>Niski sadr\u017eaj pepela<br \/>\nPrikladno za Euro 4, 5, 6 motore<br \/>\nSpecifikacija u opisu<\/p>\n","protected":false},"featured_media":0,"template":"","meta":{"_seopress_robots_primary_cat":"","_seopress_titles_title":"","_seopress_titles_desc":"","_seopress_robots_index":"","iawp_total_views":0},"product_brand":[469],"product_cat":[243,276,272],"product_tag":[],"class_list":{"0":"post-42252","1":"product","2":"type-product","3":"status-publish","5":"product_brand-rimula","6":"product_cat-automobili-i-motori","7":"product_cat-industrijska-i-specijalna-ulja-243","8":"product_cat-motorna-ulja-243","10":"first","11":"outofstock","12":"shipping-taxable","13":"purchasable","14":"product-type-simple"},"_links":{"self":[{"href":"https:\/\/singuli.wpress.me\/index.php\/wp-json\/wp\/v2\/product\/42252","targetHints":{"allow":["GET"]}}],"collection":[{"href":"https:\/\/singuli.wpress.me\/index.php\/wp-json\/wp\/v2\/product"}],"about":[{"href":"https:\/\/singuli.wpress.me\/index.php\/wp-json\/wp\/v2\/types\/product"}],"version-history":[{"count":0,"href":"https:\/\/singuli.wpress.me\/index.php\/wp-json\/wp\/v2\/product\/42252\/revisions"}],"wp:attachment":[{"href":"https:\/\/singuli.wpress.me\/index.php\/wp-json\/wp\/v2\/media?parent=42252"}],"wp:term":[{"taxonomy":"product_brand","embeddable":true,"href":"https:\/\/singuli.wpress.me\/index.php\/wp-json\/wp\/v2\/product_brand?post=42252"},{"taxonomy":"product_cat","embeddable":true,"href":"https:\/\/singuli.wpress.me\/index.php\/wp-json\/wp\/v2\/product_cat?post=42252"},{"taxonomy":"product_tag","embeddable":true,"href":"https:\/\/singuli.wpress.me\/index.php\/wp-json\/wp\/v2\/product_tag?post=42252"}],"curies":[{"name":"wp","href":"https:\/\/api.w.org\/{rel}","templated":true}]}}