{"id":42257,"date":"2026-04-19T15:26:37","date_gmt":"2026-04-19T15:26:37","guid":{"rendered":"https:\/\/singuli.wpress.me\/index.php\/proizvod\/raid-laminirane-tablete-za-elektricni-aparat-miris-eukaliptusa-30n-30-kom-2\/"},"modified":"2026-04-21T00:27:16","modified_gmt":"2026-04-21T00:27:16","slug":"raid-laminirane-tablete-za-elektricni-aparat-miris-eukaliptusa-30n-30-kom-2","status":"publish","type":"product","link":"https:\/\/singuli.wpress.me\/index.php\/proizvod\/raid-laminirane-tablete-za-elektricni-aparat-miris-eukaliptusa-30n-30-kom-2\/","title":{"rendered":"RAID, laminirane tablete, za elektri\u010dni aparat, miris eukaliptusa, 30N, 30\u00a0kom"},"content":{"rendered":"<p>Raid\u00ae Tablete za elektri\u010dni aparati\u0107, s aromom ulja eukaliptusa, zahvaljuju\u0107i svojoj formuli osiguravaju djelotvornu za\u0161titu tijekom cijele no\u0107i protiv obi\u010dnih komaraca* te tigrastih komaraca tijekom dana. <\/p>\n<p>Koristite samo Raid\u00ae tablete protiv komaraca uz Raid\u00ae elektri\u010dni aparati\u0107.<\/p>\n<p>*do 10 sati za\u0161tite po tableti<\/p>\n<p>Upute za uporabu:<br \/>\n1. Izvadite tabletu iz omota.<br \/>\n2. Umetnite Raid\u00ae tabletu u aparati\u0107.<br \/>\n3. Uklju\u010dite aparat u struju. Tablete po\u010dinju djelovati nakon 30 minuta.<br \/>\n4. Nakon 10 sati upotrebe, isklju\u010dite aparat iz struje, izvadite potro\u0161enu tabletu i zamijenite ju novom.<br \/>\n5. Odlo\u017eite proizvod na suho mjesto, daleko od visokih temperatura i direktnog sun\u010devog svjetla.<br \/>\nKoristite jedan aparat s jednom tabletom za prostorije do 30 m3. Koristite samo Raid\u00ae tablete protiv komaraca uz Raid\u00ae elektri\u010dni aparati\u0107.<\/p>\n<p><img decoding=\"async\" src=\"https:\/\/prod-minio-orbico.nd0.pl\/orbico.ohr\/Piktogrami\/upozorenje.jpg\" alt=\"Upozorenje\" width=\"100\" height=\"100\"><br \/>\n<img decoding=\"async\" src=\"https:\/\/prod-minio-orbico.nd0.pl\/orbico.ohr\/Piktogrami\/Zapaljivo.png\" alt=\"Zapaljivo\" width=\"100\" height=\"100\"><\/p>\n<p>\nUPOZORENJA: Teku\u0107i omek\u0161iva\u010d mo\u017ee pove\u0107ati zapaljivost tkanine. Primjena ve\u0107e doze od preporu\u010dene mo\u017ee pove\u0107ati ovaj u\u010dinak. Nemojte koristiti proizvod: Na dje\u010djoj odje\u0107i za spavanje i na odje\u0107i ozna\u010denoj kao vatrootporna, jer mo\u017ee smanjiti njihovu otpornost na vatru. Na odje\u0107i izra\u0111enoj od lepr\u0161avijeg materijala (kao \u0161to je flis, bar\u0161un, \u0161enil ili frotir). \u010cuvati izvan dohvata djece. Dr\u017eati dalje od o\u010diju.<br \/> <br \/>\nU SLU\u010cAJU DODIRA S O\u010cIMA: oprezno ispirati vodom nekoliko minuta.<\/p>\n","protected":false},"excerpt":{"rendered":"<p>Aroma ulja eukaliptusa<br \/>\nFormula osigurava djelotvornu za\u0161titu<br \/>\nDo 10 sati za\u0161tite po tableti<\/p>\n","protected":false},"featured_media":0,"template":"","meta":{"_seopress_robots_primary_cat":"","_seopress_titles_title":"","_seopress_titles_desc":"","_seopress_robots_index":"","iawp_total_views":0},"product_brand":[457],"product_cat":[192,267],"product_tag":[],"class_list":{"0":"post-42257","1":"product","2":"type-product","3":"status-publish","5":"product_brand-raid","6":"product_cat-aparati-za-osobnu-njegu","7":"product_cat-zdravstveni-uredaji-192","9":"first","10":"outofstock","11":"shipping-taxable","12":"purchasable","13":"product-type-simple"},"_links":{"self":[{"href":"https:\/\/singuli.wpress.me\/index.php\/wp-json\/wp\/v2\/product\/42257","targetHints":{"allow":["GET"]}}],"collection":[{"href":"https:\/\/singuli.wpress.me\/index.php\/wp-json\/wp\/v2\/product"}],"about":[{"href":"https:\/\/singuli.wpress.me\/index.php\/wp-json\/wp\/v2\/types\/product"}],"version-history":[{"count":0,"href":"https:\/\/singuli.wpress.me\/index.php\/wp-json\/wp\/v2\/product\/42257\/revisions"}],"wp:attachment":[{"href":"https:\/\/singuli.wpress.me\/index.php\/wp-json\/wp\/v2\/media?parent=42257"}],"wp:term":[{"taxonomy":"product_brand","embeddable":true,"href":"https:\/\/singuli.wpress.me\/index.php\/wp-json\/wp\/v2\/product_brand?post=42257"},{"taxonomy":"product_cat","embeddable":true,"href":"https:\/\/singuli.wpress.me\/index.php\/wp-json\/wp\/v2\/product_cat?post=42257"},{"taxonomy":"product_tag","embeddable":true,"href":"https:\/\/singuli.wpress.me\/index.php\/wp-json\/wp\/v2\/product_tag?post=42257"}],"curies":[{"name":"wp","href":"https:\/\/api.w.org\/{rel}","templated":true}]}}