{"id":42265,"date":"2026-04-19T15:26:40","date_gmt":"2026-04-19T15:26:40","guid":{"rendered":"https:\/\/singuli.wpress.me\/index.php\/proizvod\/glade-sensespray-punjenje-za-automatski-osvjezivac-zraka-vanilija-18-ml\/"},"modified":"2026-04-20T12:33:44","modified_gmt":"2026-04-20T12:33:44","slug":"glade-sensespray-punjenje-za-automatski-osvjezivac-zraka-vanilija-18-ml","status":"publish","type":"product","link":"https:\/\/singuli.wpress.me\/index.php\/proizvod\/glade-sensespray-punjenje-za-automatski-osvjezivac-zraka-vanilija-18-ml\/","title":{"rendered":"GLADE Sense&amp;Spray, punjenje za automatski osvje\u017eiva\u010d zraka, vanilija, 18\u00a0ml"},"content":{"rendered":"<p>Glade\u00ae Sense &amp; spray\u2122 raspr\u0161uje miris kada sjena padne na senzor.<\/p>\n<p>Nakon raspr\u0161ivanja senzor se automatski isklju\u010duje, a osvje\u017eiva\u010d ne raspr\u0161uje miris sljede\u0107ih 20 minuta.<\/p>\n<p>Proizvod dolazi u vi\u0161e razli\u010ditih modela, a isporuka ovisi o njihovoj trenutnoj raspolo\u017eivosti. <\/p>\n<p>Upute za uporabu:<br \/>\n1. Otvorite Glade\u00ae Sense &amp; spray\u2122 aparati\u0107.<br \/>\n2. Uklonite za\u0161titnu foliju iza baterije.<br \/>\n3. Zatvorite Glade\u00ae Sense &amp; spray\u2122 aparati\u0107 i u\u017eivajte u mirisu.<br \/>\n4. Pritisnite gumb ukoliko \u017eelite dodatnu svje\u017einu.<\/p>\n","protected":false},"excerpt":{"rendered":"<p>Raspr\u0161uje miris kada sjena padne na senzor<br \/>\nJednostavan za kori\u0161tenje<br \/>\nDolazi u 3 mirisne varijante<\/p>\n","protected":false},"featured_media":0,"template":"","meta":{"_seopress_robots_primary_cat":"","_seopress_titles_title":"","_seopress_titles_desc":"","_seopress_robots_index":"","iawp_total_views":0},"product_brand":[405],"product_cat":[243,272],"product_tag":[],"class_list":{"0":"post-42265","1":"product","2":"type-product","3":"status-publish","5":"product_brand-glade","6":"product_cat-automobili-i-motori","7":"product_cat-motorna-ulja-243","9":"first","10":"outofstock","11":"shipping-taxable","12":"purchasable","13":"product-type-simple"},"_links":{"self":[{"href":"https:\/\/singuli.wpress.me\/index.php\/wp-json\/wp\/v2\/product\/42265","targetHints":{"allow":["GET"]}}],"collection":[{"href":"https:\/\/singuli.wpress.me\/index.php\/wp-json\/wp\/v2\/product"}],"about":[{"href":"https:\/\/singuli.wpress.me\/index.php\/wp-json\/wp\/v2\/types\/product"}],"version-history":[{"count":0,"href":"https:\/\/singuli.wpress.me\/index.php\/wp-json\/wp\/v2\/product\/42265\/revisions"}],"wp:attachment":[{"href":"https:\/\/singuli.wpress.me\/index.php\/wp-json\/wp\/v2\/media?parent=42265"}],"wp:term":[{"taxonomy":"product_brand","embeddable":true,"href":"https:\/\/singuli.wpress.me\/index.php\/wp-json\/wp\/v2\/product_brand?post=42265"},{"taxonomy":"product_cat","embeddable":true,"href":"https:\/\/singuli.wpress.me\/index.php\/wp-json\/wp\/v2\/product_cat?post=42265"},{"taxonomy":"product_tag","embeddable":true,"href":"https:\/\/singuli.wpress.me\/index.php\/wp-json\/wp\/v2\/product_tag?post=42265"}],"curies":[{"name":"wp","href":"https:\/\/api.w.org\/{rel}","templated":true}]}}