{"id":42267,"date":"2026-04-19T15:26:41","date_gmt":"2026-04-19T15:26:41","guid":{"rendered":"https:\/\/singuli.wpress.me\/index.php\/proizvod\/glade-punjenje-za-elektricni-aparat-ocean-adventure-20-ml\/"},"modified":"2026-04-20T12:33:44","modified_gmt":"2026-04-20T12:33:44","slug":"glade-punjenje-za-elektricni-aparat-ocean-adventure-20-ml","status":"publish","type":"product","link":"https:\/\/singuli.wpress.me\/index.php\/proizvod\/glade-punjenje-za-elektricni-aparat-ocean-adventure-20-ml\/","title":{"rendered":"GLADE, punjenje za elektri\u010dni aparat, Ocean Adventure, 20\u00a0ml"},"content":{"rendered":"<p>Glade\u00ae Elektri\u010dni osvje\u017eiva\u010d zraka pru\u017ea do 100 dana svje\u017eine, pri niskom intenzitetu mirisa ukoliko se koristi 12 sati dnevno. <\/p>\n<p>Odaberite \u017eeljeni intenzitet mirisa te stvorite savr\u0161en ambijent u svakoj prostoriji. <\/p>\n<p>\nProbudite osjetila uz \u017eivahne mirisne note mora i citrusa koje u sudaru s valovima osvje\u017eavaju\u0107eg aromati\u010dnog cvjetnog mirisa stvaraju osje\u0107aj nesputanosti.<\/p>\n","protected":false},"excerpt":{"rendered":"<p>Do 100 dana svje\u017eine<br \/>\nPri niskom intenzitetu mirisa ukoliko se koristi 12 sati dnevno<br \/>\nStvaranje savr\u0161enog ambijenta u prostoriji<\/p>\n","protected":false},"featured_media":0,"template":"","meta":{"_seopress_robots_primary_cat":"","_seopress_titles_title":"","_seopress_titles_desc":"","_seopress_robots_index":"","iawp_total_views":0},"product_brand":[405],"product_cat":[243,272],"product_tag":[],"class_list":{"0":"post-42267","1":"product","2":"type-product","3":"status-publish","5":"product_brand-glade","6":"product_cat-automobili-i-motori","7":"product_cat-motorna-ulja-243","9":"first","10":"outofstock","11":"shipping-taxable","12":"purchasable","13":"product-type-simple"},"_links":{"self":[{"href":"https:\/\/singuli.wpress.me\/index.php\/wp-json\/wp\/v2\/product\/42267","targetHints":{"allow":["GET"]}}],"collection":[{"href":"https:\/\/singuli.wpress.me\/index.php\/wp-json\/wp\/v2\/product"}],"about":[{"href":"https:\/\/singuli.wpress.me\/index.php\/wp-json\/wp\/v2\/types\/product"}],"version-history":[{"count":0,"href":"https:\/\/singuli.wpress.me\/index.php\/wp-json\/wp\/v2\/product\/42267\/revisions"}],"wp:attachment":[{"href":"https:\/\/singuli.wpress.me\/index.php\/wp-json\/wp\/v2\/media?parent=42267"}],"wp:term":[{"taxonomy":"product_brand","embeddable":true,"href":"https:\/\/singuli.wpress.me\/index.php\/wp-json\/wp\/v2\/product_brand?post=42267"},{"taxonomy":"product_cat","embeddable":true,"href":"https:\/\/singuli.wpress.me\/index.php\/wp-json\/wp\/v2\/product_cat?post=42267"},{"taxonomy":"product_tag","embeddable":true,"href":"https:\/\/singuli.wpress.me\/index.php\/wp-json\/wp\/v2\/product_tag?post=42267"}],"curies":[{"name":"wp","href":"https:\/\/api.w.org\/{rel}","templated":true}]}}