{"id":42268,"date":"2026-04-19T15:26:41","date_gmt":"2026-04-19T15:26:41","guid":{"rendered":"https:\/\/singuli.wpress.me\/index.php\/proizvod\/jacobs-vanilija-cappuccino-8x12g-2\/"},"modified":"2026-04-21T00:27:16","modified_gmt":"2026-04-21T00:27:16","slug":"jacobs-vanilija-cappuccino-8x12g-2","status":"publish","type":"product","link":"https:\/\/singuli.wpress.me\/index.php\/proizvod\/jacobs-vanilija-cappuccino-8x12g-2\/","title":{"rendered":"JACOBS Vanilija, cappuccino, 8x12g"},"content":{"rendered":"<p>U\u017eivajte bilo gdje &#8211; Jacobs Cappuccino s okusom vanilije idealan su pratilac u pokretu, na poslu ili na odmoru. U\u017eivajte u \u010darobnoj aromi uz svaku \u0161alicu Jacobs cappuccina i probudite svoje snove!<\/p>\n","protected":false},"excerpt":{"rendered":"<p>Instant mje\u0161avina za napitak od kave s okusom Vanilije<br \/>\nNapitak je ugodne arome i nezaboravnog okusa<br \/>\nPriu\u0161tite si \u0161alicu omiljenog Jacobs toplog napitka \/ili Cappuccina<\/p>\n","protected":false},"featured_media":0,"template":"","meta":{"_seopress_robots_primary_cat":"","_seopress_titles_title":"","_seopress_titles_desc":"","_seopress_robots_index":"","iawp_total_views":0},"product_brand":[419],"product_cat":[261,270],"product_tag":[],"class_list":{"0":"post-42268","1":"product","2":"type-product","3":"status-publish","5":"product_brand-jacobs","6":"product_cat-hrana-i-pice","7":"product_cat-slasticarstvo-261","9":"first","10":"instock","11":"shipping-taxable","12":"purchasable","13":"product-type-simple"},"_links":{"self":[{"href":"https:\/\/singuli.wpress.me\/index.php\/wp-json\/wp\/v2\/product\/42268","targetHints":{"allow":["GET"]}}],"collection":[{"href":"https:\/\/singuli.wpress.me\/index.php\/wp-json\/wp\/v2\/product"}],"about":[{"href":"https:\/\/singuli.wpress.me\/index.php\/wp-json\/wp\/v2\/types\/product"}],"version-history":[{"count":0,"href":"https:\/\/singuli.wpress.me\/index.php\/wp-json\/wp\/v2\/product\/42268\/revisions"}],"wp:attachment":[{"href":"https:\/\/singuli.wpress.me\/index.php\/wp-json\/wp\/v2\/media?parent=42268"}],"wp:term":[{"taxonomy":"product_brand","embeddable":true,"href":"https:\/\/singuli.wpress.me\/index.php\/wp-json\/wp\/v2\/product_brand?post=42268"},{"taxonomy":"product_cat","embeddable":true,"href":"https:\/\/singuli.wpress.me\/index.php\/wp-json\/wp\/v2\/product_cat?post=42268"},{"taxonomy":"product_tag","embeddable":true,"href":"https:\/\/singuli.wpress.me\/index.php\/wp-json\/wp\/v2\/product_tag?post=42268"}],"curies":[{"name":"wp","href":"https:\/\/api.w.org\/{rel}","templated":true}]}}