{"id":42277,"date":"2026-04-19T15:26:44","date_gmt":"2026-04-19T15:26:44","guid":{"rendered":"https:\/\/singuli.wpress.me\/index.php\/proizvod\/braun-facespa-pro-911-epilator-za-lice\/"},"modified":"2026-04-20T12:33:44","modified_gmt":"2026-04-20T12:33:44","slug":"braun-facespa-pro-911-epilator-za-lice","status":"publish","type":"product","link":"https:\/\/singuli.wpress.me\/index.php\/proizvod\/braun-facespa-pro-911-epilator-za-lice\/","title":{"rendered":"BRAUN FaceSpa Pro 911, epilator za lice"},"content":{"rendered":"<p>Braun FaceSpa Pro 911 epilator \u2013 3-u-1 sustav za epilaciju lica, \u010di\u0161\u0107enje i toniziranje ko\u017ee.<\/p>\n<p>&#8211; Prvi ure\u0111aj na svijetu za epilaciju lica, \u010di\u0161\u0107enje i toniranje ko\u017ee.<br \/>\n&#8211; Epilator za lice uklanja \u010detiri puta kra\u0107e dla\u010dice od voska i tako osigurava gladak, \u010dist ten.<br \/>\n&#8211; \u010cetka za \u010di\u0161\u0107enje lica \u010disti ko\u017eu \u0161est puta u\u010dinkovitije od ru\u010dnog \u010di\u0161\u0107enja.<br \/>\n&#8211; MicroVibration glava tonera za bolji izgled ko\u017ee.<\/p>\n","protected":false},"excerpt":{"rendered":"<p>Prvi ure\u0111aj na svijetu za epilaciju lica, \u010di\u0161\u0107enje i toniziranje ko\u017ee.<br \/>\nUklanja \u010detiri puta kra\u0107e dla\u010dice od voska.<br \/>\n\u010cisti ko\u017eu \u0161est puta u\u010dinkovitije od ru\u010dnog \u010di\u0161\u0107enja.<\/p>\n","protected":false},"featured_media":0,"template":"","meta":{"_seopress_robots_primary_cat":"","_seopress_titles_title":"","_seopress_titles_desc":"","_seopress_robots_index":"","iawp_total_views":0},"product_brand":[144],"product_cat":[192,282,281],"product_tag":[],"class_list":{"0":"post-42277","1":"product","2":"type-product","3":"status-publish","5":"product_brand-braun","6":"product_cat-aparati-za-osobnu-njegu","7":"product_cat-aparati-za-zene-281","8":"product_cat-epilatori-i-ipl-192","10":"first","11":"outofstock","12":"shipping-taxable","13":"purchasable","14":"product-type-simple"},"_links":{"self":[{"href":"https:\/\/singuli.wpress.me\/index.php\/wp-json\/wp\/v2\/product\/42277","targetHints":{"allow":["GET"]}}],"collection":[{"href":"https:\/\/singuli.wpress.me\/index.php\/wp-json\/wp\/v2\/product"}],"about":[{"href":"https:\/\/singuli.wpress.me\/index.php\/wp-json\/wp\/v2\/types\/product"}],"version-history":[{"count":0,"href":"https:\/\/singuli.wpress.me\/index.php\/wp-json\/wp\/v2\/product\/42277\/revisions"}],"wp:attachment":[{"href":"https:\/\/singuli.wpress.me\/index.php\/wp-json\/wp\/v2\/media?parent=42277"}],"wp:term":[{"taxonomy":"product_brand","embeddable":true,"href":"https:\/\/singuli.wpress.me\/index.php\/wp-json\/wp\/v2\/product_brand?post=42277"},{"taxonomy":"product_cat","embeddable":true,"href":"https:\/\/singuli.wpress.me\/index.php\/wp-json\/wp\/v2\/product_cat?post=42277"},{"taxonomy":"product_tag","embeddable":true,"href":"https:\/\/singuli.wpress.me\/index.php\/wp-json\/wp\/v2\/product_tag?post=42277"}],"curies":[{"name":"wp","href":"https:\/\/api.w.org\/{rel}","templated":true}]}}