{"id":42280,"date":"2026-04-19T15:26:46","date_gmt":"2026-04-19T15:26:46","guid":{"rendered":"https:\/\/singuli.wpress.me\/index.php\/proizvod\/borotalco-manneti-intensive-dezodorans-u-spreju-150-ml\/"},"modified":"2026-04-21T00:27:16","modified_gmt":"2026-04-21T00:27:16","slug":"borotalco-manneti-intensive-dezodorans-u-spreju-150-ml","status":"publish","type":"product","link":"https:\/\/singuli.wpress.me\/index.php\/proizvod\/borotalco-manneti-intensive-dezodorans-u-spreju-150-ml\/","title":{"rendered":"BOROTALCO Manneti Intensive, dezodorans u spreju, 150\u00a0ml"},"content":{"rendered":"<p>Borotalco Intensive dezodorans u spreju donosi iznimno u\u010dinkovitu tehnologiju s dodatnim aktivnim sastojcima koji imaju veliku mo\u0107 upijanja i \u010desticama mikrotalka koje pru\u017eaju savr\u0161en osje\u0107aj suho\u0107e. <\/p>\n<p>Borotalco Intensive deo sprej donosi bezvremenski puderasti miris osvje\u017een agrumima i bijelim cvije\u0107em. <\/p>\n","protected":false},"excerpt":{"rendered":"<p>Osigurava 72 sata u\u010dinkovite za\u0161tite od znojenja<br \/>\nNova tehnologija s dodatnim aktivnim sastojcima za veliku mo\u0107 upijanja<br \/>\nMiris agruma s bijelim cvije\u0107em<\/p>\n","protected":false},"featured_media":0,"template":"","meta":{"_seopress_robots_primary_cat":"","_seopress_titles_title":"","_seopress_titles_desc":"","_seopress_robots_index":"","iawp_total_views":0},"product_brand":[484],"product_cat":[285,268],"product_tag":[],"class_list":{"0":"post-42280","1":"product","2":"type-product","3":"status-publish","5":"product_brand-borotalco","6":"product_cat-dezodoransi-268","7":"product_cat-kozmetika-2","9":"first","10":"instock","11":"shipping-taxable","12":"purchasable","13":"product-type-simple"},"_links":{"self":[{"href":"https:\/\/singuli.wpress.me\/index.php\/wp-json\/wp\/v2\/product\/42280","targetHints":{"allow":["GET"]}}],"collection":[{"href":"https:\/\/singuli.wpress.me\/index.php\/wp-json\/wp\/v2\/product"}],"about":[{"href":"https:\/\/singuli.wpress.me\/index.php\/wp-json\/wp\/v2\/types\/product"}],"version-history":[{"count":0,"href":"https:\/\/singuli.wpress.me\/index.php\/wp-json\/wp\/v2\/product\/42280\/revisions"}],"wp:attachment":[{"href":"https:\/\/singuli.wpress.me\/index.php\/wp-json\/wp\/v2\/media?parent=42280"}],"wp:term":[{"taxonomy":"product_brand","embeddable":true,"href":"https:\/\/singuli.wpress.me\/index.php\/wp-json\/wp\/v2\/product_brand?post=42280"},{"taxonomy":"product_cat","embeddable":true,"href":"https:\/\/singuli.wpress.me\/index.php\/wp-json\/wp\/v2\/product_cat?post=42280"},{"taxonomy":"product_tag","embeddable":true,"href":"https:\/\/singuli.wpress.me\/index.php\/wp-json\/wp\/v2\/product_tag?post=42280"}],"curies":[{"name":"wp","href":"https:\/\/api.w.org\/{rel}","templated":true}]}}