{"id":42281,"date":"2026-04-19T15:26:46","date_gmt":"2026-04-19T15:26:46","guid":{"rendered":"https:\/\/singuli.wpress.me\/index.php\/proizvod\/rio-mare-natura-tunjevina-u-vlastitom-soku-3x56g-2\/"},"modified":"2026-04-20T12:33:44","modified_gmt":"2026-04-20T12:33:44","slug":"rio-mare-natura-tunjevina-u-vlastitom-soku-3x56g-2","status":"publish","type":"product","link":"https:\/\/singuli.wpress.me\/index.php\/proizvod\/rio-mare-natura-tunjevina-u-vlastitom-soku-3x56g-2\/","title":{"rendered":"RIO MARE Natura, tunjevina u vlastitom soku, 3x56g"},"content":{"rendered":"<p>Rio Mare Natura iznena\u0111uju\u0107e je dobra tunjevina u prirodnom soku \u2013 nje\u017ena, a \u010dvrsta, so\u010dna, uz samo kap vode. <\/p>\n<p>O\u010duvan okus i kvaliteta Rio Mare, ali u novom izdanju. <\/p>\n<p>Pripremljena samo s kap vode, prstohvatom soli i za\u010dina.<\/p>\n","protected":false},"excerpt":{"rendered":"<p>Nepogre\u0161iv okus Rio Mare tunjevine<br \/>\nDosljedna kvaliteta<br \/>\nPripremljena samo s kap vode, prstohvatom soli i za\u010dina<\/p>\n","protected":false},"featured_media":0,"template":"","meta":{"_seopress_robots_primary_cat":"","_seopress_titles_title":"","_seopress_titles_desc":"","_seopress_robots_index":"","iawp_total_views":0},"product_brand":[456],"product_cat":[261,299],"product_tag":[],"class_list":{"0":"post-42281","1":"product","2":"type-product","3":"status-publish","5":"product_brand-rio-mare","6":"product_cat-hrana-i-pice","7":"product_cat-konzervirana-i-gotova-hrana-261","9":"first","10":"instock","11":"shipping-taxable","12":"purchasable","13":"product-type-simple"},"_links":{"self":[{"href":"https:\/\/singuli.wpress.me\/index.php\/wp-json\/wp\/v2\/product\/42281","targetHints":{"allow":["GET"]}}],"collection":[{"href":"https:\/\/singuli.wpress.me\/index.php\/wp-json\/wp\/v2\/product"}],"about":[{"href":"https:\/\/singuli.wpress.me\/index.php\/wp-json\/wp\/v2\/types\/product"}],"version-history":[{"count":0,"href":"https:\/\/singuli.wpress.me\/index.php\/wp-json\/wp\/v2\/product\/42281\/revisions"}],"wp:attachment":[{"href":"https:\/\/singuli.wpress.me\/index.php\/wp-json\/wp\/v2\/media?parent=42281"}],"wp:term":[{"taxonomy":"product_brand","embeddable":true,"href":"https:\/\/singuli.wpress.me\/index.php\/wp-json\/wp\/v2\/product_brand?post=42281"},{"taxonomy":"product_cat","embeddable":true,"href":"https:\/\/singuli.wpress.me\/index.php\/wp-json\/wp\/v2\/product_cat?post=42281"},{"taxonomy":"product_tag","embeddable":true,"href":"https:\/\/singuli.wpress.me\/index.php\/wp-json\/wp\/v2\/product_tag?post=42281"}],"curies":[{"name":"wp","href":"https:\/\/api.w.org\/{rel}","templated":true}]}}