{"id":42283,"date":"2026-04-19T15:26:46","date_gmt":"2026-04-19T15:26:46","guid":{"rendered":"https:\/\/singuli.wpress.me\/index.php\/proizvod\/gadus-s2-v220ad-2-visenamjenska-mast-12x0-4kg-4-8-kg\/"},"modified":"2026-04-20T12:33:44","modified_gmt":"2026-04-20T12:33:44","slug":"gadus-s2-v220ad-2-visenamjenska-mast-12x0-4kg-4-8-kg","status":"publish","type":"product","link":"https:\/\/singuli.wpress.me\/index.php\/proizvod\/gadus-s2-v220ad-2-visenamjenska-mast-12x0-4kg-4-8-kg\/","title":{"rendered":"GADUS S2 V220AD 2, vi\u0161enamjenska mast, 12&#215;0.4kg, 4.8\u00a0kg"},"content":{"rendered":"<p>Vi\u0161enamjenska mast visokih performansi s krutim mazivom (MoS2) namijenjena za podmazivanje le\u017eajeva koji rade u izuzetno te\u0161kim uvjetima. Napravljena je od mineralnih ulja visokog indeksa viskoziteta pomije\u0161anih sa litij\/kalcij ugu\u0161\u010diva\u010dem. Sadr\u017eavaju aditive za poja\u010danje prianjanja kao i krute aditive za za\u0161titu tro\u0161enja pri \u0161ok optere\u0107enjima. Odlikuje ga dobra oksidacijska i mehani\u010dka stabilnost, dobra otpornost prema koroziji, otpornost na propadanje, omek\u0161avanje i posljedi\u010dno curenje pri udarnim optere\u0107enjima. Izuzetno su prikladna za uporabu u terenskim aplikacijama kao i za podmazivanje petog kota\u010da.<\/p>\n","protected":false},"excerpt":{"rendered":"<p>Vi\u0161enamjenska mast<br \/>\nDobra oksidacijska i mehani\u010dka stabilnost<br \/>\nPrikladna za uporabu u terenskim aplikacijama kao i za podmazivanje petog kota\u010da.<\/p>\n","protected":false},"featured_media":0,"template":"","meta":{"_seopress_robots_primary_cat":"","_seopress_titles_title":"","_seopress_titles_desc":"","_seopress_robots_index":"","iawp_total_views":0},"product_brand":[413],"product_cat":[268,278],"product_tag":[],"class_list":{"0":"post-42283","1":"product","2":"type-product","3":"status-publish","5":"product_brand-gadus","6":"product_cat-kozmetika-2","7":"product_cat-njega-tijela-268","9":"first","10":"outofstock","11":"shipping-taxable","12":"purchasable","13":"product-type-simple"},"_links":{"self":[{"href":"https:\/\/singuli.wpress.me\/index.php\/wp-json\/wp\/v2\/product\/42283","targetHints":{"allow":["GET"]}}],"collection":[{"href":"https:\/\/singuli.wpress.me\/index.php\/wp-json\/wp\/v2\/product"}],"about":[{"href":"https:\/\/singuli.wpress.me\/index.php\/wp-json\/wp\/v2\/types\/product"}],"version-history":[{"count":0,"href":"https:\/\/singuli.wpress.me\/index.php\/wp-json\/wp\/v2\/product\/42283\/revisions"}],"wp:attachment":[{"href":"https:\/\/singuli.wpress.me\/index.php\/wp-json\/wp\/v2\/media?parent=42283"}],"wp:term":[{"taxonomy":"product_brand","embeddable":true,"href":"https:\/\/singuli.wpress.me\/index.php\/wp-json\/wp\/v2\/product_brand?post=42283"},{"taxonomy":"product_cat","embeddable":true,"href":"https:\/\/singuli.wpress.me\/index.php\/wp-json\/wp\/v2\/product_cat?post=42283"},{"taxonomy":"product_tag","embeddable":true,"href":"https:\/\/singuli.wpress.me\/index.php\/wp-json\/wp\/v2\/product_tag?post=42283"}],"curies":[{"name":"wp","href":"https:\/\/api.w.org\/{rel}","templated":true}]}}