{"id":42285,"date":"2026-04-19T15:26:47","date_gmt":"2026-04-19T15:26:47","guid":{"rendered":"https:\/\/singuli.wpress.me\/index.php\/proizvod\/bison-poly-max-original-express-ljepilo-i-silikon-425-g\/"},"modified":"2026-04-20T12:33:44","modified_gmt":"2026-04-20T12:33:44","slug":"bison-poly-max-original-express-ljepilo-i-silikon-425-g","status":"publish","type":"product","link":"https:\/\/singuli.wpress.me\/index.php\/proizvod\/bison-poly-max-original-express-ljepilo-i-silikon-425-g\/","title":{"rendered":"BISON Poly Max Original Express, ljepilo i silikon, 425\u00a0g"},"content":{"rendered":"<p>Univerzalno monta\u017eno ljepilo i brtvilo s brzim postizanjem zavr\u0161ne snage.<\/p>\n<p>Lijepljenje: npr. staklo, kamen, prirodni kamen, beton, gips, mnogi sinteti\u010dki materijali, drvo, iverica, Trespa\u00ae, \u017eeljezo, aluminij, cink, \u010delik, nehr\u0111aju\u0107i \u010delik i drugi metali, kerami\u010dke plo\u010dice, pluto i ogledala. U\u010dvr\u0161\u0107ivanje: npr. lajsne, letvice, prozorske klup\u010dice, pragove, krovne rubove, gra\u0111evinske plo\u010de, izolacijski materijali, gipsane plo\u010de, polistirenske ukrase i ukrasne okvire. Brtvljenje: npr. lajsne (sintetika), prozorski okviri, stepenice, prozorske klupice, pragovi i suhozidi. Prikladan i za brtvljenje pukotina u zidovima i stropovima.<\/p>\n<p>Nije prikladno za PE, PP, PTFE i bitumen. Kod lijepljenja plastike uvijek prvo napravite test prianjanja. Prianjanje na plastiku mo\u017ee varirati ovisno o vrsti sintetike i kvaliteti plastike.<\/p>\n","protected":false},"excerpt":{"rendered":"<p>Trajno elasti\u010dno<br \/>\nZa unutarnju i vanjsku upotrebu<br \/>\nBez otpala, kiselina i mirisa<\/p>\n","protected":false},"featured_media":0,"template":"","meta":{"_seopress_robots_primary_cat":"","_seopress_titles_title":"","_seopress_titles_desc":"","_seopress_robots_index":"","iawp_total_views":0},"product_brand":[494],"product_cat":[264,238],"product_tag":[],"class_list":{"0":"post-42285","1":"product","2":"type-product","3":"status-publish","5":"product_brand-bison","6":"product_cat-ljepila-i-brtvila-238","7":"product_cat-sve-za-dom","9":"first","10":"instock","11":"shipping-taxable","12":"purchasable","13":"product-type-simple"},"_links":{"self":[{"href":"https:\/\/singuli.wpress.me\/index.php\/wp-json\/wp\/v2\/product\/42285","targetHints":{"allow":["GET"]}}],"collection":[{"href":"https:\/\/singuli.wpress.me\/index.php\/wp-json\/wp\/v2\/product"}],"about":[{"href":"https:\/\/singuli.wpress.me\/index.php\/wp-json\/wp\/v2\/types\/product"}],"version-history":[{"count":0,"href":"https:\/\/singuli.wpress.me\/index.php\/wp-json\/wp\/v2\/product\/42285\/revisions"}],"wp:attachment":[{"href":"https:\/\/singuli.wpress.me\/index.php\/wp-json\/wp\/v2\/media?parent=42285"}],"wp:term":[{"taxonomy":"product_brand","embeddable":true,"href":"https:\/\/singuli.wpress.me\/index.php\/wp-json\/wp\/v2\/product_brand?post=42285"},{"taxonomy":"product_cat","embeddable":true,"href":"https:\/\/singuli.wpress.me\/index.php\/wp-json\/wp\/v2\/product_cat?post=42285"},{"taxonomy":"product_tag","embeddable":true,"href":"https:\/\/singuli.wpress.me\/index.php\/wp-json\/wp\/v2\/product_tag?post=42285"}],"curies":[{"name":"wp","href":"https:\/\/api.w.org\/{rel}","templated":true}]}}