{"id":42300,"date":"2026-04-19T15:26:51","date_gmt":"2026-04-19T15:26:51","guid":{"rendered":"https:\/\/singuli.wpress.me\/index.php\/proizvod\/ben-12-omnitrix-sat\/"},"modified":"2026-04-20T12:33:44","modified_gmt":"2026-04-20T12:33:44","slug":"ben-12-omnitrix-sat","status":"publish","type":"product","link":"https:\/\/singuli.wpress.me\/index.php\/proizvod\/ben-12-omnitrix-sat\/","title":{"rendered":"BEN 12 Omnitrix, sat"},"content":{"rendered":"<p>Benov novi Omnitrix mo\u017eda izgleda kao obi\u010dan cool sat, ali ovaj sat iz druge galaksije odvodi te na sasvim novu razinu avanture! Omnitrix ima mo\u0107 pretvoriti Bena u 10 razli\u010ditih heroja &#8211; svaki sa posebnim mo\u0107ima. Ben poziva onog heroja kojeg treba da mu pomogne i potom stiskom aktivira Omnitrix &#8211; zabava po\u010dinje!<\/p>\n<p>Dob: 4+<\/p>\n","protected":false},"excerpt":{"rendered":"<p>Ru\u010dni sat<br \/>\nPretvara Ben 10 u 10 razli\u010ditih heroja<br \/>\nDob: 4+god<\/p>\n","protected":false},"featured_media":0,"template":"","meta":{"_seopress_robots_primary_cat":"","_seopress_titles_title":"","_seopress_titles_desc":"","_seopress_robots_index":"","iawp_total_views":0},"product_brand":[881],"product_cat":[221,263],"product_tag":[],"class_list":{"0":"post-42300","1":"product","2":"type-product","3":"status-publish","5":"product_brand-ben-12","6":"product_cat-igracke","7":"product_cat-tematske-igracke-221","9":"first","10":"outofstock","11":"shipping-taxable","12":"purchasable","13":"product-type-simple"},"_links":{"self":[{"href":"https:\/\/singuli.wpress.me\/index.php\/wp-json\/wp\/v2\/product\/42300","targetHints":{"allow":["GET"]}}],"collection":[{"href":"https:\/\/singuli.wpress.me\/index.php\/wp-json\/wp\/v2\/product"}],"about":[{"href":"https:\/\/singuli.wpress.me\/index.php\/wp-json\/wp\/v2\/types\/product"}],"version-history":[{"count":0,"href":"https:\/\/singuli.wpress.me\/index.php\/wp-json\/wp\/v2\/product\/42300\/revisions"}],"wp:attachment":[{"href":"https:\/\/singuli.wpress.me\/index.php\/wp-json\/wp\/v2\/media?parent=42300"}],"wp:term":[{"taxonomy":"product_brand","embeddable":true,"href":"https:\/\/singuli.wpress.me\/index.php\/wp-json\/wp\/v2\/product_brand?post=42300"},{"taxonomy":"product_cat","embeddable":true,"href":"https:\/\/singuli.wpress.me\/index.php\/wp-json\/wp\/v2\/product_cat?post=42300"},{"taxonomy":"product_tag","embeddable":true,"href":"https:\/\/singuli.wpress.me\/index.php\/wp-json\/wp\/v2\/product_tag?post=42300"}],"curies":[{"name":"wp","href":"https:\/\/api.w.org\/{rel}","templated":true}]}}