{"id":42302,"date":"2026-04-19T15:26:52","date_gmt":"2026-04-19T15:26:52","guid":{"rendered":"https:\/\/singuli.wpress.me\/index.php\/proizvod\/dr-oetker-prasak-za-pecivo-51-kom-72-g\/"},"modified":"2026-04-20T12:33:44","modified_gmt":"2026-04-20T12:33:44","slug":"dr-oetker-prasak-za-pecivo-51-kom-72-g","status":"publish","type":"product","link":"https:\/\/singuli.wpress.me\/index.php\/proizvod\/dr-oetker-prasak-za-pecivo-51-kom-72-g\/","title":{"rendered":"DR. OETKER, pra\u0161ak za pecivo, 5+1 kom, 72\u00a0g"},"content":{"rendered":"<p>Pra\u0161ak za pecivo se koristi za dizano tijesto, pove\u0107ava volumen tijesta i \u010dini ga rahlijim. <\/p>\n<p>Bakin recept i pra\u0161ak za pecivo savr\u0161ena su kombinacija za najfinija peciva i kola\u010de. <\/p>\n<p>Pecilni pra\u0161ak nezaobilazan je sastojak za izradu kruha i svih vrsta peciva. <\/p>\n<p>Dr. August Oetker zaslu\u017ean je za otkri\u0107e modernog pra\u0161ka za pecivo 1891. godine, koji je pod nazivom \u201cBackin\u201d popularizirao novi na\u010din dizanja tijesta. <\/p>\n<p>Jedna vre\u0107ica Dr. Oetker Backin pra\u0161ka za pecivo dovoljna je za pripremu tijesta koje sadr\u017ei do 500 g bra\u0161na.\u00a0<\/p>\n<p>Skladi\u0161tenje:\u00a0\u010cuvati na hladnom i suhom mjestu.<\/p>\n","protected":false},"excerpt":{"rendered":"<p>Pove\u0107ava volumen tijestu i \u010dini ga rahlijim<br \/>\nNezaobilazan sastojak mnogih delicija<br \/>\nIzvrsna kvaliteta od 1891. godine<\/p>\n","protected":false},"featured_media":0,"template":"","meta":{"_seopress_robots_primary_cat":"","_seopress_titles_title":"","_seopress_titles_desc":"","_seopress_robots_index":"","iawp_total_views":0},"product_brand":[328],"product_cat":[261,270],"product_tag":[],"class_list":{"0":"post-42302","1":"product","2":"type-product","3":"status-publish","5":"product_brand-dr-oetker","6":"product_cat-hrana-i-pice","7":"product_cat-slasticarstvo-261","9":"first","10":"outofstock","11":"shipping-taxable","12":"purchasable","13":"product-type-simple"},"_links":{"self":[{"href":"https:\/\/singuli.wpress.me\/index.php\/wp-json\/wp\/v2\/product\/42302","targetHints":{"allow":["GET"]}}],"collection":[{"href":"https:\/\/singuli.wpress.me\/index.php\/wp-json\/wp\/v2\/product"}],"about":[{"href":"https:\/\/singuli.wpress.me\/index.php\/wp-json\/wp\/v2\/types\/product"}],"version-history":[{"count":0,"href":"https:\/\/singuli.wpress.me\/index.php\/wp-json\/wp\/v2\/product\/42302\/revisions"}],"wp:attachment":[{"href":"https:\/\/singuli.wpress.me\/index.php\/wp-json\/wp\/v2\/media?parent=42302"}],"wp:term":[{"taxonomy":"product_brand","embeddable":true,"href":"https:\/\/singuli.wpress.me\/index.php\/wp-json\/wp\/v2\/product_brand?post=42302"},{"taxonomy":"product_cat","embeddable":true,"href":"https:\/\/singuli.wpress.me\/index.php\/wp-json\/wp\/v2\/product_cat?post=42302"},{"taxonomy":"product_tag","embeddable":true,"href":"https:\/\/singuli.wpress.me\/index.php\/wp-json\/wp\/v2\/product_tag?post=42302"}],"curies":[{"name":"wp","href":"https:\/\/api.w.org\/{rel}","templated":true}]}}