{"id":42305,"date":"2026-04-19T15:26:52","date_gmt":"2026-04-19T15:26:52","guid":{"rendered":"https:\/\/singuli.wpress.me\/index.php\/proizvod\/tomy-igracka-ploca-za-crtanje\/"},"modified":"2026-04-21T00:27:17","modified_gmt":"2026-04-21T00:27:17","slug":"tomy-igracka-ploca-za-crtanje","status":"publish","type":"product","link":"https:\/\/singuli.wpress.me\/index.php\/proizvod\/tomy-igracka-ploca-za-crtanje\/","title":{"rendered":"TOMY, igra\u010dka, plo\u010da za crtanje"},"content":{"rendered":"<p>Vrhunski zaslon ovog toliko voljenog klasika omogu\u0107uje budu\u0107im umjetnicima izvu\u0107i jasne, o\u0161tre slike.<\/p>\n<p>Slike magi\u010dno nestaju jednim pokretom brisala zaslona.<\/p>\n<p>Megasketcher olovka povla\u010di tanke linije s \u010detiri oblika pe\u010data uklju\u010denim u pakiranje.<\/p>\n","protected":false},"excerpt":{"rendered":"<p>Vrhunski zaslon omogu\u0107uje jasne, o\u0161tre slike<br \/>\n4 oblika pe\u010data uklju\u010deni u pakiranje<br \/>\nSlike magi\u010dno nestaju jednim pokretom brisala zaslona<\/p>\n","protected":false},"featured_media":0,"template":"","meta":{"_seopress_robots_primary_cat":"","_seopress_titles_title":"","_seopress_titles_desc":"","_seopress_robots_index":"","iawp_total_views":0},"product_brand":[487],"product_cat":[221,291],"product_tag":[],"class_list":{"0":"post-42305","1":"product","2":"type-product","3":"status-publish","5":"product_brand-tomy","6":"product_cat-igracke","7":"product_cat-igracke-za-djecu-221","9":"first","10":"outofstock","11":"shipping-taxable","12":"purchasable","13":"product-type-simple"},"_links":{"self":[{"href":"https:\/\/singuli.wpress.me\/index.php\/wp-json\/wp\/v2\/product\/42305","targetHints":{"allow":["GET"]}}],"collection":[{"href":"https:\/\/singuli.wpress.me\/index.php\/wp-json\/wp\/v2\/product"}],"about":[{"href":"https:\/\/singuli.wpress.me\/index.php\/wp-json\/wp\/v2\/types\/product"}],"version-history":[{"count":0,"href":"https:\/\/singuli.wpress.me\/index.php\/wp-json\/wp\/v2\/product\/42305\/revisions"}],"wp:attachment":[{"href":"https:\/\/singuli.wpress.me\/index.php\/wp-json\/wp\/v2\/media?parent=42305"}],"wp:term":[{"taxonomy":"product_brand","embeddable":true,"href":"https:\/\/singuli.wpress.me\/index.php\/wp-json\/wp\/v2\/product_brand?post=42305"},{"taxonomy":"product_cat","embeddable":true,"href":"https:\/\/singuli.wpress.me\/index.php\/wp-json\/wp\/v2\/product_cat?post=42305"},{"taxonomy":"product_tag","embeddable":true,"href":"https:\/\/singuli.wpress.me\/index.php\/wp-json\/wp\/v2\/product_tag?post=42305"}],"curies":[{"name":"wp","href":"https:\/\/api.w.org\/{rel}","templated":true}]}}