{"id":42306,"date":"2026-04-19T15:26:54","date_gmt":"2026-04-19T15:26:54","guid":{"rendered":"https:\/\/singuli.wpress.me\/index.php\/proizvod\/lavazza-xxl-mljevena-kava-qualita-rossa-2x250g\/"},"modified":"2026-04-20T12:33:44","modified_gmt":"2026-04-20T12:33:44","slug":"lavazza-xxl-mljevena-kava-qualita-rossa-2x250g","status":"publish","type":"product","link":"https:\/\/singuli.wpress.me\/index.php\/proizvod\/lavazza-xxl-mljevena-kava-qualita-rossa-2x250g\/","title":{"rendered":"LAVAZZA XXL, mljevena kava, Qualita Rossa, 2x250g"},"content":{"rendered":"<p><span style=\"font-weight: bold\">Qualita Rossa<\/span> je jedan od najpoznatijih brendova tradicionalne talijanske kave, prepoznatljiv simbol i jedinstvena kava. To je svakodnevno zadovoljstvo dobre kave koja je prisutna u talijanskim obiteljima ve\u0107 gotovo 50 godina. Nepogre\u0161iva aroma za po\u010detak dana uz pozitivnu energiju i podijeliti ugodne trenutke kod ku\u0107e.<br \/>\nZa ovu pomno odabranu mje\u0161avinu, Lavazzini stru\u010dnjaci kombiniraju brazilska Arabica zrna za tijelo i slatko\u0107u s afri\u010dkim i jugoisto\u010dnim azijskim Robusama za intenzivne i tople note kakaoa.<br \/>\nRezultat je kava bogata okusom, idealna za one koji \u017eele do\u0107i do velikog i energi\u010dnog po\u010detka dana.<\/p>\n<p>Sastav: 100% Arabica<br \/>\nIntenzitet: 5\/10<br \/>\nProfil okusa (aroma): Cvjetni \/vo\u0107ni<br \/>\nPr\u017eenje: srednje<\/p>\n","protected":false},"excerpt":{"rendered":"<p>100% Arabica uz cvjetno\/vo\u0107nu aromu<br \/>\nIntenzitet: 5\/10<br \/>\nSet 2 kave s limenkom<\/p>\n","protected":false},"featured_media":0,"template":"","meta":{"_seopress_robots_primary_cat":"","_seopress_titles_title":"","_seopress_titles_desc":"","_seopress_robots_index":"","iawp_total_views":0},"product_brand":[393],"product_cat":[261,275],"product_tag":[],"class_list":{"0":"post-42306","1":"product","2":"type-product","3":"status-publish","5":"product_brand-lavazza","6":"product_cat-hrana-i-pice","7":"product_cat-kava-i-cajevi-261","9":"first","10":"instock","11":"shipping-taxable","12":"purchasable","13":"product-type-simple"},"_links":{"self":[{"href":"https:\/\/singuli.wpress.me\/index.php\/wp-json\/wp\/v2\/product\/42306","targetHints":{"allow":["GET"]}}],"collection":[{"href":"https:\/\/singuli.wpress.me\/index.php\/wp-json\/wp\/v2\/product"}],"about":[{"href":"https:\/\/singuli.wpress.me\/index.php\/wp-json\/wp\/v2\/types\/product"}],"version-history":[{"count":0,"href":"https:\/\/singuli.wpress.me\/index.php\/wp-json\/wp\/v2\/product\/42306\/revisions"}],"wp:attachment":[{"href":"https:\/\/singuli.wpress.me\/index.php\/wp-json\/wp\/v2\/media?parent=42306"}],"wp:term":[{"taxonomy":"product_brand","embeddable":true,"href":"https:\/\/singuli.wpress.me\/index.php\/wp-json\/wp\/v2\/product_brand?post=42306"},{"taxonomy":"product_cat","embeddable":true,"href":"https:\/\/singuli.wpress.me\/index.php\/wp-json\/wp\/v2\/product_cat?post=42306"},{"taxonomy":"product_tag","embeddable":true,"href":"https:\/\/singuli.wpress.me\/index.php\/wp-json\/wp\/v2\/product_tag?post=42306"}],"curies":[{"name":"wp","href":"https:\/\/api.w.org\/{rel}","templated":true}]}}