{"id":42307,"date":"2026-04-19T15:26:54","date_gmt":"2026-04-19T15:26:54","guid":{"rendered":"https:\/\/singuli.wpress.me\/index.php\/proizvod\/braun-silkepil-5-5-820-epilator\/"},"modified":"2026-04-20T12:33:44","modified_gmt":"2026-04-20T12:33:44","slug":"braun-silkepil-5-5-820-epilator","status":"publish","type":"product","link":"https:\/\/singuli.wpress.me\/index.php\/proizvod\/braun-silkepil-5-5-820-epilator\/","title":{"rendered":"BRAUN SilkEpil 5 5-820, epilator"},"content":{"rendered":"<p>Braun Silk-\u00e9pil 5-820, epilator za po\u010detnice, s brija\u0107om glavom i glavom s trimerom, tehnologija pinceta MicroGrip, pokretljiva glava, mokra i suha epilacija, nastavak za visokofrekventnu masa\u017eu, protuklizno hvati\u0161te i trimer za bikini-zonu<\/p>\n<p>Istaknute zna\u010dajke:<br \/>\nNJE\u017dAN: Epilator savr\u0161en za po\u010detnice, koji pru\u017ea 100% nje\u017eno uklanjanje dla\u010dica jednim potezom.<br \/>\nTEMELJIT: Tehnologija pinceta Micro-Grip (28 pinceta) za uklanjanje i dla\u010dica sitnih poput zrnca pijeska.<br \/>\nPRECIZNE LINIJE: Trimer za bikini-zonu dizajniran je za brijanje preciznih linija, oblika i kontura.<br \/>\nUGODNOST: Nastavak za visokofrekventnu masa\u017eu svojim aktivnim pulsiraju\u0107im vibracijama poma\u017ee smanjiti osje\u0107aj boli.<br \/>\nU\u010cINKOVITOST: Prilago\u0111ava se konturama za u\u010dinkovitu epilaciju, \u010dak i na zahtjevnijim podru\u010djima poput koljena i pazuha.<\/p>\n<p>Braun Silk-\u00e9pil 5<br \/>\nSavr\u0161en epilator za po\u010detnice<\/p>\n<p>Izuzetno nje\u017ena epilacija<br \/>\nSilk-\u00e9pil 5 ima postavku za nje\u017eno uklanjanje dla\u010dica. Zahvaljuju\u0107i protukliznom hvati\u0161tu mo\u017eete se epilirati u kadi ili pod tu\u0161em, pa cijelo iskustvo postaje gotovo bezbolno \u2013 ako se redovito epilirate pod vodom \u2013 \u0161to je idealno za po\u010detnice u epilaciji.<\/p>\n<p>Epilacija u jednom potezu<br \/>\nRije\u0161ite se dla\u010dica br\u017ee nego prije i to tako da rezultati traju dulje. Tehnologija MicroGrip s 28 \u0161irih, duljih i dubljih pinceta pove\u0107ava vjerojatnost hvatanja vi\u0161e dla\u010dica jednim potezom.<\/p>\n<p>Glatki potezi<br \/>\nKada se koristi s gelom ili pjenom za brijanje, ure\u0111aj jo\u0161 gla\u0111e klizi po ko\u017ei. Epilacija u toploj vodi opu\u0161ta ko\u017eu i pru\u017ea jo\u0161 nje\u017enije iskustvo.<\/p>\n<p>Uredna bikini-zona<br \/>\nOvaj je trimer dizajniran za brijanje preciznih linija, oblika i kontura \u2013 \u0161to god zamislite. Otkrijte svoju kreativnost.<\/p>\n<p>Glatki pazusi<br \/>\nObucite svoj omiljeni top bez brige o tome kako vam izgledaju pazusi jer oni \u0107e biti meki i glatki. Za izuzetno osjetljiva podru\u010dja preporu\u010dujemo brija\u0107u glavu koju dobivate u ovom kompletu.<\/p>\n<p>Nastavak za visokofrekventnu masa\u017eu<br \/>\nNovi Silk-\u00e9pil 5 dolazi s masa\u017enim nastavkom za ugodniju i nje\u017eniju epilaciju.<\/p>\n<p>Brijanje i podrezivanje<br \/>\nBrija\u0107a glava pretvara epilator u pravi pravcati brija\u0107i aparat, dok glava s trimerom omogu\u0107uje podrezivanje dla\u010dica.<\/p>\n<p>Wet &amp; Dry<br \/>\nUre\u0111aj je 100% vodootporan i ima protukliznu dr\u0161ku pa se mo\u017eete epilirati u kadi ili pod tu\u0161em. Kada se provodi redovito i pod vodom, epilacija postaje gotovo bezbolna.<\/p>\n<p>2 brzine<br \/>\nNa raspolaganju su vam 2 postavke brzine: 1 za izuzetno nje\u017enu epilaciju i 2 za izuzetno u\u010dinkovitu epilaciju.<\/p>\n<p>Opis proizvoda:<br \/>\nBraun Silk-\u00e9pil 5-820 s postavkom za nje\u017eno uklanjanje dla\u010dica savr\u0161en je za po\u010detnice u epiliranju. U\u017eivajte u tjednima glatke ko\u017ee, kao nakon salonskog tretmana, zahvaljuju\u0107i tehnologiji MicroGrip koja s 28 pinceta uklanja i dla\u010dice duljine tek 0,5 mm. Brija\u0107a glava i glava s trimerom pru\u017eaju dodatne mogu\u0107nosti za osjetljiva podru\u010dja. Epilator je 100% vodootporan \u0161to zna\u010di da ga mo\u017eete koristiti u kadi ili pod tu\u0161em kako bi cijelo iskustvo bilo \u0161to ugodnije, a baterija traje 30 minuta. Ima i trimer za bikini-zonu za izradu najpreciznijih linija. Sve u svemu, precizna epilacija, brijanje i podrezivanje sada su vam nadohvat ruke.<\/p>\n<p>Sadr\u017eaj pakiranja:<br \/>\n1 X epilator<br \/>\n1 X brija\u0107a glava<br \/>\n1 X glava s trimerom<br \/>\n1 X trimer za bikini-zonu<br \/>\n1 X \u010detkica za \u010di\u0161\u0107enje<br \/>\n1 X punja\u010d<\/p>\n","protected":false},"excerpt":{"rendered":"<p>Epilator savr\u0161en za po\u010detnice, koji pru\u017ea 100% nje\u017eno uklanjanje dla\u010dica jednim potezom<br \/>\nTehnologija pinceta Micro-Grip (28 pinceta) za uklanjanje i dla\u010dica sitnih poput zrnca pijeska<br \/>\nPrilago\u0111ava se konturama za u\u010dinkovitu epilaciju, \u010dak i na zahtjevnijim podru\u010djima poput koljena i pazuha<\/p>\n","protected":false},"featured_media":0,"template":"","meta":{"_seopress_robots_primary_cat":"","_seopress_titles_title":"","_seopress_titles_desc":"","_seopress_robots_index":"","iawp_total_views":0},"product_brand":[144],"product_cat":[192,282,281],"product_tag":[],"class_list":{"0":"post-42307","1":"product","2":"type-product","3":"status-publish","5":"product_brand-braun","6":"product_cat-aparati-za-osobnu-njegu","7":"product_cat-aparati-za-zene-281","8":"product_cat-epilatori-i-ipl-192","10":"first","11":"outofstock","12":"shipping-taxable","13":"purchasable","14":"product-type-simple"},"_links":{"self":[{"href":"https:\/\/singuli.wpress.me\/index.php\/wp-json\/wp\/v2\/product\/42307","targetHints":{"allow":["GET"]}}],"collection":[{"href":"https:\/\/singuli.wpress.me\/index.php\/wp-json\/wp\/v2\/product"}],"about":[{"href":"https:\/\/singuli.wpress.me\/index.php\/wp-json\/wp\/v2\/types\/product"}],"version-history":[{"count":0,"href":"https:\/\/singuli.wpress.me\/index.php\/wp-json\/wp\/v2\/product\/42307\/revisions"}],"wp:attachment":[{"href":"https:\/\/singuli.wpress.me\/index.php\/wp-json\/wp\/v2\/media?parent=42307"}],"wp:term":[{"taxonomy":"product_brand","embeddable":true,"href":"https:\/\/singuli.wpress.me\/index.php\/wp-json\/wp\/v2\/product_brand?post=42307"},{"taxonomy":"product_cat","embeddable":true,"href":"https:\/\/singuli.wpress.me\/index.php\/wp-json\/wp\/v2\/product_cat?post=42307"},{"taxonomy":"product_tag","embeddable":true,"href":"https:\/\/singuli.wpress.me\/index.php\/wp-json\/wp\/v2\/product_tag?post=42307"}],"curies":[{"name":"wp","href":"https:\/\/api.w.org\/{rel}","templated":true}]}}