{"id":42310,"date":"2026-04-19T15:26:55","date_gmt":"2026-04-19T15:26:55","guid":{"rendered":"https:\/\/singuli.wpress.me\/index.php\/proizvod\/twistshake-jastuk-za-kadu-pastel-sivi\/"},"modified":"2026-04-20T12:33:44","modified_gmt":"2026-04-20T12:33:44","slug":"twistshake-jastuk-za-kadu-pastel-sivi","status":"publish","type":"product","link":"https:\/\/singuli.wpress.me\/index.php\/proizvod\/twistshake-jastuk-za-kadu-pastel-sivi\/","title":{"rendered":"TWISTSHAKE, jastuk za kadu, pastel sivi"},"content":{"rendered":"<p>Twistshake jastuk za kadicu idealan je dodatak za potpunu udobnost i sigurnost novoro\u0111en\u010dadi. Omogu\u0107ite svojoj bebi najugodnije kupke uz jastuk za kadicu marke Twistshake. Jastuk pristaje unutar kadice marke Twistshake radi ostvarivanja savr\u0161ene kombinacije za izuzetno iskustvo tijekom kupke.<\/p>\n<p>Trosmjerno fiksiranje \u010dini kupanje jo\u0161 sigurnijim, a samim time i zabavnijim.<\/p>\n<p>Visoko kvalitetni materijal omogu\u0107uje brzo su\u0161enje i laku odr\u017eivost.<\/p>\n","protected":false},"excerpt":{"rendered":"<p>Sigurnost novoro\u0111en\u010dadi<br \/>\nTrosmjerno fiksiranje<br \/>\nVisoko kvalitetni materijali<\/p>\n","protected":false},"featured_media":0,"template":"","meta":{"_seopress_robots_primary_cat":"","_seopress_titles_title":"","_seopress_titles_desc":"","_seopress_robots_index":"","iawp_total_views":0},"product_brand":[433],"product_cat":[274,238],"product_tag":[],"class_list":{"0":"post-42310","1":"product","2":"type-product","3":"status-publish","5":"product_brand-twistshake","6":"product_cat-kucanski-pribor-238","7":"product_cat-sve-za-dom","9":"first","10":"outofstock","11":"shipping-taxable","12":"purchasable","13":"product-type-simple"},"_links":{"self":[{"href":"https:\/\/singuli.wpress.me\/index.php\/wp-json\/wp\/v2\/product\/42310","targetHints":{"allow":["GET"]}}],"collection":[{"href":"https:\/\/singuli.wpress.me\/index.php\/wp-json\/wp\/v2\/product"}],"about":[{"href":"https:\/\/singuli.wpress.me\/index.php\/wp-json\/wp\/v2\/types\/product"}],"version-history":[{"count":0,"href":"https:\/\/singuli.wpress.me\/index.php\/wp-json\/wp\/v2\/product\/42310\/revisions"}],"wp:attachment":[{"href":"https:\/\/singuli.wpress.me\/index.php\/wp-json\/wp\/v2\/media?parent=42310"}],"wp:term":[{"taxonomy":"product_brand","embeddable":true,"href":"https:\/\/singuli.wpress.me\/index.php\/wp-json\/wp\/v2\/product_brand?post=42310"},{"taxonomy":"product_cat","embeddable":true,"href":"https:\/\/singuli.wpress.me\/index.php\/wp-json\/wp\/v2\/product_cat?post=42310"},{"taxonomy":"product_tag","embeddable":true,"href":"https:\/\/singuli.wpress.me\/index.php\/wp-json\/wp\/v2\/product_tag?post=42310"}],"curies":[{"name":"wp","href":"https:\/\/api.w.org\/{rel}","templated":true}]}}