{"id":42311,"date":"2026-04-19T15:26:56","date_gmt":"2026-04-19T15:26:56","guid":{"rendered":"https:\/\/singuli.wpress.me\/index.php\/proizvod\/heineken-svijetlo-pivo-0-33-l-2\/"},"modified":"2026-04-20T12:33:45","modified_gmt":"2026-04-20T12:33:45","slug":"heineken-svijetlo-pivo-0-33-l-2","status":"publish","type":"product","link":"https:\/\/singuli.wpress.me\/index.php\/proizvod\/heineken-svijetlo-pivo-0-33-l-2\/","title":{"rendered":"HEINEKEN Svijetlo, pivo, 0.33\u00a0l"},"content":{"rendered":"<p><span style=\", sans-serif;font-size: 18px;font-weight: bold\">Stvaran da bude najbolji od 1873.! <\/span><\/p>\n<p><span style=\", sans-serif;font-size: 18px\">Vi\u0161e od 150 godina predanost \u010disto\u0107i i kvaliteti u\u010dinile su Heineken najpoznatijim pivom na svijetu. Kad vidi\u0161 crvenu zvijezdu na zelenoj bo\u010dici, odmah zna\u0161 da nakon svakog ledenog, osvje\u017eavaju\u0107eg gutljaja dolazi zadovoljstvo bogatog okusa sa suptilnim vo\u0107nim notama. To je okus tradicije koja \u017eivi vi\u0161e od stolje\u0107a i pol, a koja je rezultat jednostavnosti i kvalitete sastojaka te velike pa\u017enje posve\u0107ene procesu varenja.<\/span><\/p>\n","protected":false},"excerpt":{"rendered":"<p>Svijetlo lager pivo<br \/>\nAlkohol:  5,0% vol.<br \/>\n\u010cuvati na suhom i hladnom mjestu<\/p>\n","protected":false},"featured_media":0,"template":"","meta":{"_seopress_robots_primary_cat":"","_seopress_titles_title":"","_seopress_titles_desc":"","_seopress_robots_index":"","iawp_total_views":0},"product_brand":[776],"product_cat":[243,276],"product_tag":[],"class_list":{"0":"post-42311","1":"product","2":"type-product","3":"status-publish","5":"product_brand-heineken","6":"product_cat-automobili-i-motori","7":"product_cat-industrijska-i-specijalna-ulja-243","9":"first","10":"outofstock","11":"shipping-taxable","12":"purchasable","13":"product-type-simple"},"_links":{"self":[{"href":"https:\/\/singuli.wpress.me\/index.php\/wp-json\/wp\/v2\/product\/42311","targetHints":{"allow":["GET"]}}],"collection":[{"href":"https:\/\/singuli.wpress.me\/index.php\/wp-json\/wp\/v2\/product"}],"about":[{"href":"https:\/\/singuli.wpress.me\/index.php\/wp-json\/wp\/v2\/types\/product"}],"version-history":[{"count":0,"href":"https:\/\/singuli.wpress.me\/index.php\/wp-json\/wp\/v2\/product\/42311\/revisions"}],"wp:attachment":[{"href":"https:\/\/singuli.wpress.me\/index.php\/wp-json\/wp\/v2\/media?parent=42311"}],"wp:term":[{"taxonomy":"product_brand","embeddable":true,"href":"https:\/\/singuli.wpress.me\/index.php\/wp-json\/wp\/v2\/product_brand?post=42311"},{"taxonomy":"product_cat","embeddable":true,"href":"https:\/\/singuli.wpress.me\/index.php\/wp-json\/wp\/v2\/product_cat?post=42311"},{"taxonomy":"product_tag","embeddable":true,"href":"https:\/\/singuli.wpress.me\/index.php\/wp-json\/wp\/v2\/product_tag?post=42311"}],"curies":[{"name":"wp","href":"https:\/\/api.w.org\/{rel}","templated":true}]}}