{"id":42312,"date":"2026-04-19T15:26:56","date_gmt":"2026-04-19T15:26:56","guid":{"rendered":"https:\/\/singuli.wpress.me\/index.php\/proizvod\/bildo-igracka-set-zdravstvena-klinika\/"},"modified":"2026-04-20T12:33:45","modified_gmt":"2026-04-20T12:33:45","slug":"bildo-igracka-set-zdravstvena-klinika","status":"publish","type":"product","link":"https:\/\/singuli.wpress.me\/index.php\/proizvod\/bildo-igracka-set-zdravstvena-klinika\/","title":{"rendered":"BILDO, igra\u010dka, set zdravstvena klinika"},"content":{"rendered":"<p>Set zdravstvena klinika idealan je za \u201eigru uloga\u201c.<\/p>\n<p>Upotrijebi ma\u0161tu i zabavi se!<\/p>\n<p>Dimenzije: 70 cm \u0161irina i 52 cm visina<\/p>\n<p>9 dodataka<\/p>\n<p>Sa pakiranja mo\u017ee\u0161 izrezati prema to\u010dkicama karton za dodatnu igru.<\/p>\n<p>Dob: 3+ <\/p>\n","protected":false},"excerpt":{"rendered":"<p>9 dodataka<br \/>\nDimenzije: 70 cm \u0161irina i 52 cm visina<br \/>\nDob: 3+ god<\/p>\n","protected":false},"featured_media":0,"template":"","meta":{"_seopress_robots_primary_cat":"","_seopress_titles_title":"","_seopress_titles_desc":"","_seopress_robots_index":"","iawp_total_views":0},"product_brand":[512],"product_cat":[274,238],"product_tag":[],"class_list":{"0":"post-42312","1":"product","2":"type-product","3":"status-publish","5":"product_brand-bildo","6":"product_cat-kucanski-pribor-238","7":"product_cat-sve-za-dom","9":"first","10":"instock","11":"shipping-taxable","12":"purchasable","13":"product-type-simple"},"_links":{"self":[{"href":"https:\/\/singuli.wpress.me\/index.php\/wp-json\/wp\/v2\/product\/42312","targetHints":{"allow":["GET"]}}],"collection":[{"href":"https:\/\/singuli.wpress.me\/index.php\/wp-json\/wp\/v2\/product"}],"about":[{"href":"https:\/\/singuli.wpress.me\/index.php\/wp-json\/wp\/v2\/types\/product"}],"version-history":[{"count":0,"href":"https:\/\/singuli.wpress.me\/index.php\/wp-json\/wp\/v2\/product\/42312\/revisions"}],"wp:attachment":[{"href":"https:\/\/singuli.wpress.me\/index.php\/wp-json\/wp\/v2\/media?parent=42312"}],"wp:term":[{"taxonomy":"product_brand","embeddable":true,"href":"https:\/\/singuli.wpress.me\/index.php\/wp-json\/wp\/v2\/product_brand?post=42312"},{"taxonomy":"product_cat","embeddable":true,"href":"https:\/\/singuli.wpress.me\/index.php\/wp-json\/wp\/v2\/product_cat?post=42312"},{"taxonomy":"product_tag","embeddable":true,"href":"https:\/\/singuli.wpress.me\/index.php\/wp-json\/wp\/v2\/product_tag?post=42312"}],"curies":[{"name":"wp","href":"https:\/\/api.w.org\/{rel}","templated":true}]}}