{"id":42315,"date":"2026-04-19T15:26:57","date_gmt":"2026-04-19T15:26:57","guid":{"rendered":"https:\/\/singuli.wpress.me\/index.php\/proizvod\/glade-punjenje-za-automatski-osvjezivac-zraka-jasmin-i-sandalovina-269-ml-3\/"},"modified":"2026-04-20T12:33:45","modified_gmt":"2026-04-20T12:33:45","slug":"glade-punjenje-za-automatski-osvjezivac-zraka-jasmin-i-sandalovina-269-ml-3","status":"publish","type":"product","link":"https:\/\/singuli.wpress.me\/index.php\/proizvod\/glade-punjenje-za-automatski-osvjezivac-zraka-jasmin-i-sandalovina-269-ml-3\/","title":{"rendered":"GLADE, punjenje za automatski osvje\u017eiva\u010d zraka, jasmin i sandalovina, 269\u00a0ml"},"content":{"rendered":"<p>Automatski osvje\u017eiva\u010d zraka Glade\u00ae s dekorativnim dizajnom osigurava pouzdanu svje\u017einu u svakoj prostoriji do 60 dana. <\/p>\n<p>Neutralizira neugodne mirise i automatski ispu\u0161ta ugodan miris svakih 9, 18 ili 36 minuta.<\/p>\n<p>Upute za kori\u0161tenje:<br \/>\n1. Postavite mjera\u010d vremena na Glade\u00ae automatskom osvje\u017eiva\u010du zraka na &quot;Isklju\u010deno&quot;.<br \/>\n2. Umetnite novo punjenje Glade\u00ae automatskog osvje\u017eiva\u010da zraka.<br \/>\n3. Postavite mjera\u010d vremena na \u017eeljeno vrijeme odabirom frekvencije emitiranja mirisa: svakih 9, 18, 36 minuta.<\/p>\n<p>Uvijek otvarajte osvje\u017eiva\u010d dalje od lica.<br \/>\nGlade\u00ae punjenje za automatski osvje\u017eiva\u010d zraka mo\u017ee se koristiti i samostalno.<\/p>\n","protected":false},"excerpt":{"rendered":"<p>Dekorativni dizajn<br \/>\nOsigurava pouzdanu svje\u017einu u svakoj prostoriji do 60 dana<br \/>\nIspu\u0161ta ugodan miris svakih 9, 18 ili 36 minuta<\/p>\n","protected":false},"featured_media":0,"template":"","meta":{"_seopress_robots_primary_cat":"","_seopress_titles_title":"","_seopress_titles_desc":"","_seopress_robots_index":"","iawp_total_views":0},"product_brand":[405],"product_cat":[243,272],"product_tag":[],"class_list":{"0":"post-42315","1":"product","2":"type-product","3":"status-publish","5":"product_brand-glade","6":"product_cat-automobili-i-motori","7":"product_cat-motorna-ulja-243","9":"first","10":"outofstock","11":"shipping-taxable","12":"purchasable","13":"product-type-simple"},"_links":{"self":[{"href":"https:\/\/singuli.wpress.me\/index.php\/wp-json\/wp\/v2\/product\/42315","targetHints":{"allow":["GET"]}}],"collection":[{"href":"https:\/\/singuli.wpress.me\/index.php\/wp-json\/wp\/v2\/product"}],"about":[{"href":"https:\/\/singuli.wpress.me\/index.php\/wp-json\/wp\/v2\/types\/product"}],"version-history":[{"count":0,"href":"https:\/\/singuli.wpress.me\/index.php\/wp-json\/wp\/v2\/product\/42315\/revisions"}],"wp:attachment":[{"href":"https:\/\/singuli.wpress.me\/index.php\/wp-json\/wp\/v2\/media?parent=42315"}],"wp:term":[{"taxonomy":"product_brand","embeddable":true,"href":"https:\/\/singuli.wpress.me\/index.php\/wp-json\/wp\/v2\/product_brand?post=42315"},{"taxonomy":"product_cat","embeddable":true,"href":"https:\/\/singuli.wpress.me\/index.php\/wp-json\/wp\/v2\/product_cat?post=42315"},{"taxonomy":"product_tag","embeddable":true,"href":"https:\/\/singuli.wpress.me\/index.php\/wp-json\/wp\/v2\/product_tag?post=42315"}],"curies":[{"name":"wp","href":"https:\/\/api.w.org\/{rel}","templated":true}]}}