{"id":42318,"date":"2026-04-19T15:26:58","date_gmt":"2026-04-19T15:26:58","guid":{"rendered":"https:\/\/singuli.wpress.me\/index.php\/proizvod\/always-classic-super-higijenski-ulosci-9-kom\/"},"modified":"2026-04-20T12:33:45","modified_gmt":"2026-04-20T12:33:45","slug":"always-classic-super-higijenski-ulosci-9-kom","status":"publish","type":"product","link":"https:\/\/singuli.wpress.me\/index.php\/proizvod\/always-classic-super-higijenski-ulosci-9-kom\/","title":{"rendered":"ALWAYS Classic Super, higijenski ulo\u0161ci, 9\u00a0kom"},"content":{"rendered":"<p>Higijenski ulo\u0161ci s krilcima Always Classic Long pru\u017eaju za\u0161titu i osje\u0107aj \u010disto\u0107e, a imaju i 3 aktivne zone upijanja koje poma\u017eu da se osje\u0107ate za\u0161ti\u0107eno tijekom cijelog dana.<\/p>\n","protected":false},"excerpt":{"rendered":"<p>Pouzdana za\u0161tita do 8 sati.<br \/>\n3 aktivne zone upijanja.<br \/>\nNeutralizacija neugodnih mirisa.<\/p>\n","protected":false},"featured_media":0,"template":"","meta":{"_seopress_robots_primary_cat":"","_seopress_titles_title":"","_seopress_titles_desc":"","_seopress_robots_index":"","iawp_total_views":0},"product_brand":[449],"product_cat":[211,288],"product_tag":[],"class_list":{"0":"post-42318","1":"product","2":"type-product","3":"status-publish","5":"product_brand-always","6":"product_cat-njega-majke-i-djeteta","7":"product_cat-zenska-higijena-211","9":"first","10":"outofstock","11":"shipping-taxable","12":"purchasable","13":"product-type-simple"},"_links":{"self":[{"href":"https:\/\/singuli.wpress.me\/index.php\/wp-json\/wp\/v2\/product\/42318","targetHints":{"allow":["GET"]}}],"collection":[{"href":"https:\/\/singuli.wpress.me\/index.php\/wp-json\/wp\/v2\/product"}],"about":[{"href":"https:\/\/singuli.wpress.me\/index.php\/wp-json\/wp\/v2\/types\/product"}],"version-history":[{"count":0,"href":"https:\/\/singuli.wpress.me\/index.php\/wp-json\/wp\/v2\/product\/42318\/revisions"}],"wp:attachment":[{"href":"https:\/\/singuli.wpress.me\/index.php\/wp-json\/wp\/v2\/media?parent=42318"}],"wp:term":[{"taxonomy":"product_brand","embeddable":true,"href":"https:\/\/singuli.wpress.me\/index.php\/wp-json\/wp\/v2\/product_brand?post=42318"},{"taxonomy":"product_cat","embeddable":true,"href":"https:\/\/singuli.wpress.me\/index.php\/wp-json\/wp\/v2\/product_cat?post=42318"},{"taxonomy":"product_tag","embeddable":true,"href":"https:\/\/singuli.wpress.me\/index.php\/wp-json\/wp\/v2\/product_tag?post=42318"}],"curies":[{"name":"wp","href":"https:\/\/api.w.org\/{rel}","templated":true}]}}