{"id":42319,"date":"2026-04-19T15:26:58","date_gmt":"2026-04-19T15:26:58","guid":{"rendered":"https:\/\/singuli.wpress.me\/index.php\/proizvod\/naturelle-s2-hydfl32-biorazgradljivo-ulje-209-l\/"},"modified":"2026-04-20T12:33:45","modified_gmt":"2026-04-20T12:33:45","slug":"naturelle-s2-hydfl32-biorazgradljivo-ulje-209-l","status":"publish","type":"product","link":"https:\/\/singuli.wpress.me\/index.php\/proizvod\/naturelle-s2-hydfl32-biorazgradljivo-ulje-209-l\/","title":{"rendered":"NATURELLE S2 HYDFL32, biorazgradljivo ulje, 209\u00a0l"},"content":{"rendered":"<p>Shell Naturelle S2 Hydraulic Fluid  teku\u0107ine su moderne biorazgradive sinteti\u010dke hidrauli\u010dke teku\u0107ine za upotrebu u transmisijama i hidrauli\u010dkim sustavima, koji rade u podru\u010djima strogih ekolo\u0161kih zahtjeva. Sinteti\u010dki esteri mje\u0161ani sa posebno formiranim sustavom bezpepelni aditiva, osiguravaju ovoj teku\u0107ini odli\u010dnu i uravnote\u017eenu biorazgradivost, svojstva podmazivanja i kompatibilnost sa okolinom.<\/p>\n<p><span style=\"font-weight: bold\">Specifikacija: <\/span>USDA Bio-preferirani program, EU Ecolabel certifikata broj NL\/027\/019, ISO 15380 HEES, \u0161vedski standard SS 15 54 34 SP, EPA Vessel General Permit 2013.<\/p>\n","protected":false},"excerpt":{"rendered":"<p>Hidrauli\u010dna teku\u0107ina<br \/>\nBiorazgradivo s niskom ekotoksi\u010dno\u0161\u0107u<br \/>\nEkolo\u0161ko prihvatljivo<\/p>\n","protected":false},"featured_media":0,"template":"","meta":{"_seopress_robots_primary_cat":"","_seopress_titles_title":"","_seopress_titles_desc":"","_seopress_robots_index":"","iawp_total_views":0},"product_brand":[872],"product_cat":[243,276],"product_tag":[],"class_list":{"0":"post-42319","1":"product","2":"type-product","3":"status-publish","5":"product_brand-naturelle","6":"product_cat-automobili-i-motori","7":"product_cat-industrijska-i-specijalna-ulja-243","9":"first","10":"outofstock","11":"shipping-taxable","12":"purchasable","13":"product-type-simple"},"_links":{"self":[{"href":"https:\/\/singuli.wpress.me\/index.php\/wp-json\/wp\/v2\/product\/42319","targetHints":{"allow":["GET"]}}],"collection":[{"href":"https:\/\/singuli.wpress.me\/index.php\/wp-json\/wp\/v2\/product"}],"about":[{"href":"https:\/\/singuli.wpress.me\/index.php\/wp-json\/wp\/v2\/types\/product"}],"version-history":[{"count":0,"href":"https:\/\/singuli.wpress.me\/index.php\/wp-json\/wp\/v2\/product\/42319\/revisions"}],"wp:attachment":[{"href":"https:\/\/singuli.wpress.me\/index.php\/wp-json\/wp\/v2\/media?parent=42319"}],"wp:term":[{"taxonomy":"product_brand","embeddable":true,"href":"https:\/\/singuli.wpress.me\/index.php\/wp-json\/wp\/v2\/product_brand?post=42319"},{"taxonomy":"product_cat","embeddable":true,"href":"https:\/\/singuli.wpress.me\/index.php\/wp-json\/wp\/v2\/product_cat?post=42319"},{"taxonomy":"product_tag","embeddable":true,"href":"https:\/\/singuli.wpress.me\/index.php\/wp-json\/wp\/v2\/product_tag?post=42319"}],"curies":[{"name":"wp","href":"https:\/\/api.w.org\/{rel}","templated":true}]}}