{"id":42327,"date":"2026-04-19T15:27:01","date_gmt":"2026-04-19T15:27:01","guid":{"rendered":"https:\/\/singuli.wpress.me\/index.php\/proizvod\/medex-apikompleks-mjesavina-s-medom-250-g\/"},"modified":"2026-04-20T12:33:45","modified_gmt":"2026-04-20T12:33:45","slug":"medex-apikompleks-mjesavina-s-medom-250-g","status":"publish","type":"product","link":"https:\/\/singuli.wpress.me\/index.php\/proizvod\/medex-apikompleks-mjesavina-s-medom-250-g\/","title":{"rendered":"MEDEX Apikompleks\u00ae, mje\u0161avina s medom, 250\u00a0g"},"content":{"rendered":"<p>Apikompleks, mje\u0161avina s medom, vi\u0161e je do samo \u017eli\u010dica meda. Sadr\u017ei najbolje \u0161to p\u010dele nude.Apikompleks mje\u0161avina s medom s originalnom recepturom ve\u0107 gotovo 40 godina odu\u0161evljava iz generacije u generaciju. Neka svojom vitalno\u0161\u0107u uvjeri i vas. Sastojke koji p\u010delama osiguravaju svakodnevni elan, mo\u017eete uzeti na \u017eli\u010dicu ili pomije\u0161ati s toplim \u010dajem. Apikompleks sadr\u017ei i vitamin C, koji doprinosi normalnoj funkciji imunolo\u0161kog sustava, i riboflavin (vitamin B2), koji doprinosi smanjenju umora i iscrpljenosti te odr\u017eavanju normalnih crvenih krvnih stanica.<\/p>\n<p>Med<br \/>\nMed je prirodni slatki dar koji p\u010dele izra\u0111uju od cvjetnog nektara (nektarni med) ili od izlu\u010devina kukaca, koje kao ljepljiva teku\u0107ina ostaju na stablima (medna rosa ili medljikovac). Nektarni medovi su cvjetni, bagrem, kesten, lipa i uljana repica, a me\u0111u medljikovce spadaju \u0161umski, jela, javor, hrast i smreka. P\u010dele prera\u0111uju nektar ili mednu rosu, oplemenjuju je izlu\u010devinama svojih \u017elijezda, a zatim je deponiraju u sa\u0107e i ostave da sazri. Med predstavlja zalihu sun\u010deve energije i gorivo \u017eivota u p\u010delinjoj ko\u0161nici. Sadr\u017ei dragocjene hranjive tvari te tako predstavlja bogat nutrijent.<br \/>\nPelud<br \/>\nPelud ili cvjetni prah p\u010dele skupljaju na pra\u0161nicima biljaka u cvatu. Skupljeni pelud vla\u017ee slinom, nektarom ili medom iz svog mednog \u017eeluca, izra\u0111uju grudice od njega i uviju posebnom ovojnicom. Pelud je proteinski najbogatiji izvor biljke, namijenjen njezinu razmno\u017eavanju. P\u010delama je pelud va\u017ean izvor bjelan\u010devina i uz med i vodu njihova je glavna hrana. Sadr\u017ei neophodne sastojke za razvoj p\u010delinjeg nara\u0161taja i osnovna je sirovina za proizvodnju mati\u010dne mlije\u010di, potrebne za hranjenje p\u010delinje matice. Pelud osim bjelan\u010devina sadr\u017ei i mnogo slobodnih aminokiselina, i to \u010dak 20 od 22 prirodne, od toga osam neophodnih, esencijalnih za \u010dovjeka. Poznato je da 100 g peludi sadr\u017ei toliko bjelan\u010devina koliko i 500 g govedine ili 7 jaja. Dvije velike \u017elice peludi (30 g) u potpunosti zadovoljavaju dnevnu potrebu za esencijalnim bjelan\u010devinama kod odrasloga \u010dovjeka (Izvor: Pedrotti, W. 2003).<\/p>\n<p>Mati\u010dna mlije\u010d<br \/>\nMati\u010dna mlije\u010d ili gel\u00e9e royale najdragocjeniji je dar p\u010delinje ko\u0161nice. Proizvode je mlade p\u010dele hraniteljice u dobi od 5 do 12 dana i njome \u010ditav \u017eivot hrane p\u010delinju kraljicu \u2013 maticu, koja se brine za pre\u017eivljavanje vrste. Matica je genetski posve jednaka drugim p\u010delama, ali je zbog hranjenja samo mati\u010dnom mlije\u010di gotovo dva puta ve\u0107a od p\u010dela radilica, pre\u017eivi \u010dak 15 rodova p\u010dela i u ko\u0161nici je jedina spolno razvijena. Smatra se najplodnijim bi\u0107em na planetu jer na dan izle\u017ee i do 3000 jaja\u0161aca, \u010dija ukupna masa prelazi njezinu vlastitu. U starom su Egiptu mati\u010dnu mlije\u010d koristili jo\u0161 faraoni koji su je nazivali \u00bbhranom za bogove\u00ab, a danas znamo da se njezina izuzetnost temelji na sadr\u017eaju jedinstvene nezasi\u0107ene masne kiseline 10 HDA (10-hidroksi-2-decenska kiselina) koja se u prirodi nigdje drugdje ne mo\u017ee na\u0107i. Sadr\u017eaj 10 HDA va\u017eno je mjerilo kvalitete mati\u010dne mlije\u010di, stoga smo u Medexu njezinu vrijednosti u proizvodima standardizirali i tako osigurali njihovu stalnu kvalitetu.<\/p>\n<p>Propolis<br \/>\nPropolis ili p\u010delinje ljepilo p\u010delinji je proizvod potreban za o\u010duvanje zdrave ko\u0161nice. Sadr\u017ei razne biljne smole koje p\u010dele skupljaju na pupoljcima drve\u0107a, oplemenjuju ih izlu\u010devinama svojih \u017elijezda te im dodaju vosak. Ljepljiva im je smjesa potrebna za popravak sa\u0107a i premaz unutarnjih zidova ko\u0161nice, \u010dime sprje\u010davaju ulazak vlage i vjetra te \u0161tite ko\u0161nicu od mikroba. Koriste ga i za balzamiranje ve\u0107ih nametnika kojih se ne mogu druk\u010dije rije\u0161iti. Time sprje\u010davaju njihov raspad i tako se \u0161tite od zaraza i bolesti. Propolis u ko\u0161nici tako\u0111er hlapi te time stvara prirodnu za\u0161titu koja omogu\u0107ava zdrav razvoj i \u017eivot p\u010delinjih obitelji. Glavne su djelatne tvari propolisa bioflavonoidi, biljna bojila koja \u0161tite biljke od mikroorganizama. Upravo sadr\u017eaj bioflavonoida odre\u0111uje kvalitetu propolisa, stoga smo u Medexu standardizirali njegovu vrijednost u proizvodima i tako osigurali njihovu stalnu kvalitetu.<\/p>\n<p>Vitamini<\/p>\n<p>Vitamin C doprinosi normalnoj funkciji imunolo\u0161kog sustava.<\/p>\n<p>Riboflavin (vitamin B2) doprinosi smanjenju umora i iscrpljenosti te odr\u017eavanju normalnih crvenih krvnih stanica.<\/p>\n<p><span style=\"font-weight: bold\">Na\u010din primjene:<\/span> Preporu\u010dena dnevna doza jest 6 \u017eli\u010dica. Uzmite 1 do 2 \u017eli\u010dice 3 puta na dan.<\/p>\n<p>U 30g proizvida sadr\u017ei riboflavin (vitamin B2) 0,42mg 30% PU*; vitamon C (askorbinska kiselina) 12mg 15% PU*<\/p>\n","protected":false},"excerpt":{"rendered":"<p>Sadr\u017ei med, pelud, mati\u010dnu mlije\u010d, ekstrakt propolisa, vitamin C i riboflavin (vitamin B2).<br \/>\nSa standardiziranim sadr\u017eajem nezasi\u0107enih masnih kiselina 10 HDA u mati\u010dnoj mlije\u010di i bioflavonoida u propolisu.<br \/>\nU staklenoj ambala\u017ei koja osigurava i \u010duva kvalitetu proizvoda<\/p>\n","protected":false},"featured_media":0,"template":"","meta":{"_seopress_robots_primary_cat":"","_seopress_titles_title":"","_seopress_titles_desc":"","_seopress_robots_index":"","iawp_total_views":0},"product_brand":[415],"product_cat":[268,269],"product_tag":[],"class_list":{"0":"post-42327","1":"product","2":"type-product","3":"status-publish","5":"product_brand-medex","6":"product_cat-kozmetika-2","7":"product_cat-zastita-koze-268","9":"first","10":"instock","11":"shipping-taxable","12":"purchasable","13":"product-type-simple"},"_links":{"self":[{"href":"https:\/\/singuli.wpress.me\/index.php\/wp-json\/wp\/v2\/product\/42327","targetHints":{"allow":["GET"]}}],"collection":[{"href":"https:\/\/singuli.wpress.me\/index.php\/wp-json\/wp\/v2\/product"}],"about":[{"href":"https:\/\/singuli.wpress.me\/index.php\/wp-json\/wp\/v2\/types\/product"}],"version-history":[{"count":0,"href":"https:\/\/singuli.wpress.me\/index.php\/wp-json\/wp\/v2\/product\/42327\/revisions"}],"wp:attachment":[{"href":"https:\/\/singuli.wpress.me\/index.php\/wp-json\/wp\/v2\/media?parent=42327"}],"wp:term":[{"taxonomy":"product_brand","embeddable":true,"href":"https:\/\/singuli.wpress.me\/index.php\/wp-json\/wp\/v2\/product_brand?post=42327"},{"taxonomy":"product_cat","embeddable":true,"href":"https:\/\/singuli.wpress.me\/index.php\/wp-json\/wp\/v2\/product_cat?post=42327"},{"taxonomy":"product_tag","embeddable":true,"href":"https:\/\/singuli.wpress.me\/index.php\/wp-json\/wp\/v2\/product_tag?post=42327"}],"curies":[{"name":"wp","href":"https:\/\/api.w.org\/{rel}","templated":true}]}}