{"id":42329,"date":"2026-04-19T15:27:01","date_gmt":"2026-04-19T15:27:01","guid":{"rendered":"https:\/\/singuli.wpress.me\/index.php\/proizvod\/bison-max-repair-power-ljepilo-8-g\/"},"modified":"2026-04-21T00:27:17","modified_gmt":"2026-04-21T00:27:17","slug":"bison-max-repair-power-ljepilo-8-g","status":"publish","type":"product","link":"https:\/\/singuli.wpress.me\/index.php\/proizvod\/bison-max-repair-power-ljepilo-8-g\/","title":{"rendered":"BISON Max Repair Power, ljepilo, 8\u00a0g"},"content":{"rendered":"<p>Max Repair Power sna\u017eno je i fleksibilno ljepilo za sve vrste popravaka uz dugotrajne rezultate.<\/p>\n<p>Otporno na udarce i vibracije, temperature i UV zra\u010denje.<\/p>\n<p>Max Repair Power je iznimno sna\u017eno ljepilo za popravljanje poroznih i neporoznih materijala kao \u0161to su drvo, tekstil, ko\u017ea, pluto, metal, staklo, plastika, guma, kerami\u010dke plo\u010dice, kamen, cement i mnogi drugi materijali. <\/p>\n<p>Prikladno za unutarnju i vanjsku upotrebu. Sigurno za pranje u perilici posu\u0111a.<\/p>\n<p>Nije prikladno za polipropilen (PP), Polietilen (PE) i PTFE.<\/p>\n","protected":false},"excerpt":{"rendered":"<p>Iznimno sna\u017eno<br \/>\nIznimno fleksibilno<br \/>\nOtporno na vodu<\/p>\n","protected":false},"featured_media":0,"template":"","meta":{"_seopress_robots_primary_cat":"","_seopress_titles_title":"","_seopress_titles_desc":"","_seopress_robots_index":"","iawp_total_views":0},"product_brand":[494],"product_cat":[264,238],"product_tag":[],"class_list":{"0":"post-42329","1":"product","2":"type-product","3":"status-publish","5":"product_brand-bison","6":"product_cat-ljepila-i-brtvila-238","7":"product_cat-sve-za-dom","9":"first","10":"instock","11":"shipping-taxable","12":"purchasable","13":"product-type-simple"},"_links":{"self":[{"href":"https:\/\/singuli.wpress.me\/index.php\/wp-json\/wp\/v2\/product\/42329","targetHints":{"allow":["GET"]}}],"collection":[{"href":"https:\/\/singuli.wpress.me\/index.php\/wp-json\/wp\/v2\/product"}],"about":[{"href":"https:\/\/singuli.wpress.me\/index.php\/wp-json\/wp\/v2\/types\/product"}],"version-history":[{"count":0,"href":"https:\/\/singuli.wpress.me\/index.php\/wp-json\/wp\/v2\/product\/42329\/revisions"}],"wp:attachment":[{"href":"https:\/\/singuli.wpress.me\/index.php\/wp-json\/wp\/v2\/media?parent=42329"}],"wp:term":[{"taxonomy":"product_brand","embeddable":true,"href":"https:\/\/singuli.wpress.me\/index.php\/wp-json\/wp\/v2\/product_brand?post=42329"},{"taxonomy":"product_cat","embeddable":true,"href":"https:\/\/singuli.wpress.me\/index.php\/wp-json\/wp\/v2\/product_cat?post=42329"},{"taxonomy":"product_tag","embeddable":true,"href":"https:\/\/singuli.wpress.me\/index.php\/wp-json\/wp\/v2\/product_tag?post=42329"}],"curies":[{"name":"wp","href":"https:\/\/api.w.org\/{rel}","templated":true}]}}