{"id":42334,"date":"2026-04-19T15:27:02","date_gmt":"2026-04-19T15:27:02","guid":{"rendered":"https:\/\/singuli.wpress.me\/index.php\/proizvod\/gillette-venus-tropical-jednokratne-britvice-3-kom\/"},"modified":"2026-04-21T00:27:17","modified_gmt":"2026-04-21T00:27:17","slug":"gillette-venus-tropical-jednokratne-britvice-3-kom","status":"publish","type":"product","link":"https:\/\/singuli.wpress.me\/index.php\/proizvod\/gillette-venus-tropical-jednokratne-britvice-3-kom\/","title":{"rendered":"GILLETTE Venus Tropical, jednokratne britvice, 3\u00a0kom"},"content":{"rendered":"<p>O\u0161trice brija\u010da Venus Tropical dizajnirane su upravo za \u017eensko tijelo i dolaze u vi\u0161e boja i mirisnih dr\u0161ki, kako biste se brijali uz svje\u017e tropski miris. <\/p>\n<p>Ove jednokratne britvice za \u017eene imaju tri o\u0161trice koje prate konture tijela i pokretljivu zaobljenu glavu koja poma\u017ee za\u0161tititi ko\u017eu od iritacija pri brijanju. <\/p>\n<p>Dizajnirane s dr\u0161kom s mekanim hvati\u0161tem i 3 o\u0161trice za temeljito i ugodno brijanje, britvice Venus Tropical imaju lubrikantnu trakicu za pobolj\u0161ano klizanje o\u0161trica, uz da\u0161ak aloa vere.<\/p>\n","protected":false},"excerpt":{"rendered":"<p>Dolaze u vi\u0161e boja te imaju mirisne dr\u0161ke<br \/>\n3 o\u0161trice i pokretljiva zaobljena glava<br \/>\nImaju lubrikantnu trakicu za pobolj\u0161ano klizanje o\u0161trica<\/p>\n","protected":false},"featured_media":0,"template":"","meta":{"_seopress_robots_primary_cat":"","_seopress_titles_title":"","_seopress_titles_desc":"","_seopress_robots_index":"","iawp_total_views":0},"product_brand":[323],"product_cat":[266,265,160],"product_tag":[],"class_list":{"0":"post-42334","1":"product","2":"type-product","3":"status-publish","5":"product_brand-gillette","6":"product_cat-aparati-za-kuhanje-265","7":"product_cat-kuhinjski-aparati-160","8":"product_cat-mali-kucanski-aparati","10":"first","11":"outofstock","12":"shipping-taxable","13":"purchasable","14":"product-type-simple"},"_links":{"self":[{"href":"https:\/\/singuli.wpress.me\/index.php\/wp-json\/wp\/v2\/product\/42334","targetHints":{"allow":["GET"]}}],"collection":[{"href":"https:\/\/singuli.wpress.me\/index.php\/wp-json\/wp\/v2\/product"}],"about":[{"href":"https:\/\/singuli.wpress.me\/index.php\/wp-json\/wp\/v2\/types\/product"}],"version-history":[{"count":0,"href":"https:\/\/singuli.wpress.me\/index.php\/wp-json\/wp\/v2\/product\/42334\/revisions"}],"wp:attachment":[{"href":"https:\/\/singuli.wpress.me\/index.php\/wp-json\/wp\/v2\/media?parent=42334"}],"wp:term":[{"taxonomy":"product_brand","embeddable":true,"href":"https:\/\/singuli.wpress.me\/index.php\/wp-json\/wp\/v2\/product_brand?post=42334"},{"taxonomy":"product_cat","embeddable":true,"href":"https:\/\/singuli.wpress.me\/index.php\/wp-json\/wp\/v2\/product_cat?post=42334"},{"taxonomy":"product_tag","embeddable":true,"href":"https:\/\/singuli.wpress.me\/index.php\/wp-json\/wp\/v2\/product_tag?post=42334"}],"curies":[{"name":"wp","href":"https:\/\/api.w.org\/{rel}","templated":true}]}}