{"id":42337,"date":"2026-04-19T15:27:03","date_gmt":"2026-04-19T15:27:03","guid":{"rendered":"https:\/\/singuli.wpress.me\/index.php\/proizvod\/swiffer-sweeper-pocetni-komplet-dry-wet\/"},"modified":"2026-04-20T12:33:45","modified_gmt":"2026-04-20T12:33:45","slug":"swiffer-sweeper-pocetni-komplet-dry-wet","status":"publish","type":"product","link":"https:\/\/singuli.wpress.me\/index.php\/proizvod\/swiffer-sweeper-pocetni-komplet-dry-wet\/","title":{"rendered":"SWIFFER Sweeper, po\u010detni komplet, Dry + Wet"},"content":{"rendered":"<p>Napokon imate rje\u0161enje za metenje i pranje poda samo jednim alatom. <\/p>\n<p>Po\u010detni komplet Swiffer Sweeper dolazi s osam jednokratnih krpica guste teksture koje hvataju i zadr\u017eavaju tri puta vi\u0161e pra\u0161ine, prljav\u0161tine i dlaka od obi\u010dne metle. Mogu se koristiti i kao nadopuna za \u010di\u0161\u0107enje usisava\u010dem jer hvataju sitne \u010destice pra\u0161ine koje ostaju nakon usisavanja ili izme\u0111u dva usisavanja pa onda ne morate toliko \u010desto detaljno usisavati. Kako? Za\u0161to? Gusto\u0107a i poseban uzorak materijala u kombinaciji s elektrostati\u010dkim djelovanjem omogu\u0107uje hvatanje i zadr\u017eavanje pra\u0161ine. Ali to nije sve; kad obri\u0161ete pra\u0161inu, vrijeme je za pranje poda. <\/p>\n<p>Po\u010detni komplet sadr\u017ei i tri vla\u017ene maramice. Vla\u017ene maramice za podove otapaju prljav\u0161tinu, zadr\u017eavaju je u svojoj jezgri te za sobom ostavljaju svje\u017e miris \u010disto\u0107e. Osim toga Swiffer Sweeper mo\u017ee se okretati za 360\u00b0 pa mo\u017eete \u010distiti bilo gdje, \u010dak i te\u0161ko dostupna mjesta, kao \u0161to su ona ispod hladnjaka, pe\u0107nice i perilice posu\u0111a, ispod kreveta, kau\u010da pa \u010dak i u kutovima gdje metle i drugi \u010dista\u010di za podove obi\u010dno ne mogu. Nije li to sjajno? <\/p>\n<p>Nemojte koristiti vla\u017ene maramice za Swiffer Sweeper na neobra\u0111enim podovima, nauljenim ili navo\u0161tenim drvenim oblogama, neglaziranim plo\u010dicama ili tapisonima. Proizvod treba sastaviti.<\/p>\n<p> Po\u010detni komplet sadr\u017ei 1 dr\u0161ku, 8 jednokratkih krpica za pra\u0161inu i 3 vla\u017ene maramice.<\/p>\n","protected":false},"excerpt":{"rendered":"<p>Komplet uklju\u010duje 1 dr\u0161ku, 8 jednokratnih krpica za pra\u0161inu i 3 vla\u017ene maramice<br \/>\nSuho i mokro \u010di\u0161\u0107enje djeluje na gotovo svim podnim povr\u0161inama i ne ostavlja tragove<br \/>\nGlava za \u010di\u0161\u0107enje mo\u017ee se okretati za 360 stupnjeva, \u0161to \u0107e vam pomo\u0107i da dosegnete ispod kreveta, kau\u010da ili ormari\u0107a<\/p>\n","protected":false},"featured_media":0,"template":"","meta":{"_seopress_robots_primary_cat":"","_seopress_titles_title":"","_seopress_titles_desc":"","_seopress_robots_index":"","iawp_total_views":0},"product_brand":[514],"product_cat":[274,238],"product_tag":[],"class_list":{"0":"post-42337","1":"product","2":"type-product","3":"status-publish","5":"product_brand-swiffer","6":"product_cat-kucanski-pribor-238","7":"product_cat-sve-za-dom","9":"first","10":"instock","11":"shipping-taxable","12":"purchasable","13":"product-type-simple"},"_links":{"self":[{"href":"https:\/\/singuli.wpress.me\/index.php\/wp-json\/wp\/v2\/product\/42337","targetHints":{"allow":["GET"]}}],"collection":[{"href":"https:\/\/singuli.wpress.me\/index.php\/wp-json\/wp\/v2\/product"}],"about":[{"href":"https:\/\/singuli.wpress.me\/index.php\/wp-json\/wp\/v2\/types\/product"}],"version-history":[{"count":0,"href":"https:\/\/singuli.wpress.me\/index.php\/wp-json\/wp\/v2\/product\/42337\/revisions"}],"wp:attachment":[{"href":"https:\/\/singuli.wpress.me\/index.php\/wp-json\/wp\/v2\/media?parent=42337"}],"wp:term":[{"taxonomy":"product_brand","embeddable":true,"href":"https:\/\/singuli.wpress.me\/index.php\/wp-json\/wp\/v2\/product_brand?post=42337"},{"taxonomy":"product_cat","embeddable":true,"href":"https:\/\/singuli.wpress.me\/index.php\/wp-json\/wp\/v2\/product_cat?post=42337"},{"taxonomy":"product_tag","embeddable":true,"href":"https:\/\/singuli.wpress.me\/index.php\/wp-json\/wp\/v2\/product_tag?post=42337"}],"curies":[{"name":"wp","href":"https:\/\/api.w.org\/{rel}","templated":true}]}}