{"id":42339,"date":"2026-04-19T15:27:04","date_gmt":"2026-04-19T15:27:04","guid":{"rendered":"https:\/\/singuli.wpress.me\/index.php\/proizvod\/tomy-jurassic-igracka-dinosaur-za-slaganje\/"},"modified":"2026-04-20T12:33:45","modified_gmt":"2026-04-20T12:33:45","slug":"tomy-jurassic-igracka-dinosaur-za-slaganje","status":"publish","type":"product","link":"https:\/\/singuli.wpress.me\/index.php\/proizvod\/tomy-jurassic-igracka-dinosaur-za-slaganje\/","title":{"rendered":"TOMY Jurassic, igra\u010dka, dinosaur za slaganje"},"content":{"rendered":"<p>Dinosaur Ankylosaurus je igra\u010dka na povla\u010denje koja poti\u010de razvojnu igru kod male djece. Igra sortiranja razli\u010ditih veli\u010dina prstenova s razli\u010ditom teksturom i pravim redoslijedom razvija logiku, rje\u0161avanje problema te fine motori\u010dke sposobnosti.<\/p>\n<p>Protresite bebu Ankylosaurusa u njegovoj ljusci i slu\u0161ajte slatke zvukove re\u017eanja. Kre\u0107e se i trese repom te zamahuje s jedne na drugu stranu.<\/p>\n<p>Dob: 12+ mjeseci<\/p>\n","protected":false},"excerpt":{"rendered":"<p>Poti\u010de razvojnu igru kod male djece<br \/>\nRazvija logiku i motori\u010dke sposobnosti<br \/>\nDob: 12+ mjeseci<\/p>\n","protected":false},"featured_media":0,"template":"","meta":{"_seopress_robots_primary_cat":"","_seopress_titles_title":"","_seopress_titles_desc":"","_seopress_robots_index":"","iawp_total_views":0},"product_brand":[487],"product_cat":[221,291],"product_tag":[],"class_list":{"0":"post-42339","1":"product","2":"type-product","3":"status-publish","5":"product_brand-tomy","6":"product_cat-igracke","7":"product_cat-igracke-za-djecu-221","9":"first","10":"instock","11":"shipping-taxable","12":"purchasable","13":"product-type-simple"},"_links":{"self":[{"href":"https:\/\/singuli.wpress.me\/index.php\/wp-json\/wp\/v2\/product\/42339","targetHints":{"allow":["GET"]}}],"collection":[{"href":"https:\/\/singuli.wpress.me\/index.php\/wp-json\/wp\/v2\/product"}],"about":[{"href":"https:\/\/singuli.wpress.me\/index.php\/wp-json\/wp\/v2\/types\/product"}],"version-history":[{"count":0,"href":"https:\/\/singuli.wpress.me\/index.php\/wp-json\/wp\/v2\/product\/42339\/revisions"}],"wp:attachment":[{"href":"https:\/\/singuli.wpress.me\/index.php\/wp-json\/wp\/v2\/media?parent=42339"}],"wp:term":[{"taxonomy":"product_brand","embeddable":true,"href":"https:\/\/singuli.wpress.me\/index.php\/wp-json\/wp\/v2\/product_brand?post=42339"},{"taxonomy":"product_cat","embeddable":true,"href":"https:\/\/singuli.wpress.me\/index.php\/wp-json\/wp\/v2\/product_cat?post=42339"},{"taxonomy":"product_tag","embeddable":true,"href":"https:\/\/singuli.wpress.me\/index.php\/wp-json\/wp\/v2\/product_tag?post=42339"}],"curies":[{"name":"wp","href":"https:\/\/api.w.org\/{rel}","templated":true}]}}