{"id":42344,"date":"2026-04-19T15:27:06","date_gmt":"2026-04-19T15:27:06","guid":{"rendered":"https:\/\/singuli.wpress.me\/index.php\/proizvod\/pronto-sredstvo-za-ciscenje-glatkih-povrsina-750-ml\/"},"modified":"2026-04-20T12:33:45","modified_gmt":"2026-04-20T12:33:45","slug":"pronto-sredstvo-za-ciscenje-glatkih-povrsina-750-ml","status":"publish","type":"product","link":"https:\/\/singuli.wpress.me\/index.php\/proizvod\/pronto-sredstvo-za-ciscenje-glatkih-povrsina-750-ml\/","title":{"rendered":"PRONTO, sredstvo za \u010di\u0161\u0107enje, glatkih povr\u0161ina, 750\u00a0ml"},"content":{"rendered":"<p>Pronto\u00ae Univerzalna teku\u0107ina za \u010di\u0161\u0107enje podova uklanja prljav\u0161tinu s plo\u010dica, mramora, granita i drugih osjetljivih povr\u0161ina uz svje\u017e miris.<\/p>\n<p>Upute za kori\u0161tenje:<br \/>\n1. Ulijte 2 \u010depa Pronto\u00ae teku\u0107ine u 5 litara tople vode. <br \/>\n2. Nanesite na radne povr\u0161ine spu\u017evom ili krpom. <\/p>\n<p>Nema potrebe za ispiranjem ili su\u0161enjem krpom. <\/p>\n<p>Ako ga koristite na osjetljivim povr\u0161inama, prvo isprobajte u\u010dinak na malom, manje vidljivom podru\u010dju. <\/p>\n<p>Ne koristiti nerazrije\u0111eno.<\/p>\n","protected":false},"excerpt":{"rendered":"<p>Uklanja prljav\u0161tinu s tvrdih povr\u0161ina<br \/>\nIma svje\u017e i ugodan miris<br \/>\nKoristiti razrije\u0111eno<\/p>\n","protected":false},"featured_media":0,"template":"","meta":{"_seopress_robots_primary_cat":"","_seopress_titles_title":"","_seopress_titles_desc":"","_seopress_robots_index":"","iawp_total_views":0},"product_brand":[815],"product_cat":[274,238],"product_tag":[],"class_list":{"0":"post-42344","1":"product","2":"type-product","3":"status-publish","5":"product_brand-pronto","6":"product_cat-kucanski-pribor-238","7":"product_cat-sve-za-dom","9":"first","10":"instock","11":"shipping-taxable","12":"purchasable","13":"product-type-simple"},"_links":{"self":[{"href":"https:\/\/singuli.wpress.me\/index.php\/wp-json\/wp\/v2\/product\/42344","targetHints":{"allow":["GET"]}}],"collection":[{"href":"https:\/\/singuli.wpress.me\/index.php\/wp-json\/wp\/v2\/product"}],"about":[{"href":"https:\/\/singuli.wpress.me\/index.php\/wp-json\/wp\/v2\/types\/product"}],"version-history":[{"count":0,"href":"https:\/\/singuli.wpress.me\/index.php\/wp-json\/wp\/v2\/product\/42344\/revisions"}],"wp:attachment":[{"href":"https:\/\/singuli.wpress.me\/index.php\/wp-json\/wp\/v2\/media?parent=42344"}],"wp:term":[{"taxonomy":"product_brand","embeddable":true,"href":"https:\/\/singuli.wpress.me\/index.php\/wp-json\/wp\/v2\/product_brand?post=42344"},{"taxonomy":"product_cat","embeddable":true,"href":"https:\/\/singuli.wpress.me\/index.php\/wp-json\/wp\/v2\/product_cat?post=42344"},{"taxonomy":"product_tag","embeddable":true,"href":"https:\/\/singuli.wpress.me\/index.php\/wp-json\/wp\/v2\/product_tag?post=42344"}],"curies":[{"name":"wp","href":"https:\/\/api.w.org\/{rel}","templated":true}]}}