{"id":42345,"date":"2026-04-19T15:27:06","date_gmt":"2026-04-19T15:27:06","guid":{"rendered":"https:\/\/singuli.wpress.me\/index.php\/proizvod\/gadus-s5-t460-1-5-visenamjenska-mast-180-kg\/"},"modified":"2026-04-20T12:33:45","modified_gmt":"2026-04-20T12:33:45","slug":"gadus-s5-t460-1-5-visenamjenska-mast-180-kg","status":"publish","type":"product","link":"https:\/\/singuli.wpress.me\/index.php\/proizvod\/gadus-s5-t460-1-5-visenamjenska-mast-180-kg\/","title":{"rendered":"GADUS S5 T460 1.5, vi\u0161enamjenska mast, 180\u00a0kg"},"content":{"rendered":"<p>Shell Gadus S5 T460 mast je proizvod visokih performansi za primjenu pri visokim temperaturama u te\u0161kim industrijskim aplikacijama uz dug vijek trajanja. Napravljena je od potpuno sinteti\u010dkih ulja i diurea ugu\u0161\u010diva\u010da najnovije tehnologije. Sadr\u017ei najnovije aditive koji nude izvrsnu za\u0161titu od oksidacije pri visokim temperaturama kao i druge aditive koji pobolj\u0161avaju za\u0161titu od tro\u0161enja i korozije. Mo\u017ee se koristiti za podmazivanje sporih zatvorenih i poluzatvorenih te\u0161ko optere\u0107enih le\u017eajeva koji se koriste u \u010deli\u010danama, tvornicama cementa, tvornicama papira, vjetroelektranama, kemijskoj industriji i rudarstvu.<\/p>\n","protected":false},"excerpt":{"rendered":"<p>Vi\u0161enamjenska mast za te\u0161ka optere\u0107enja<br \/>\nPrimjena pri visokim temperaturama<br \/>\nSlu\u017ei za podmazivanje sporih zatvorenih i poluzatvorenih te\u0161ko optere\u0107enih le\u017eajeva<\/p>\n","protected":false},"featured_media":0,"template":"","meta":{"_seopress_robots_primary_cat":"","_seopress_titles_title":"","_seopress_titles_desc":"","_seopress_robots_index":"","iawp_total_views":0},"product_brand":[413],"product_cat":[268,278],"product_tag":[],"class_list":{"0":"post-42345","1":"product","2":"type-product","3":"status-publish","5":"product_brand-gadus","6":"product_cat-kozmetika-2","7":"product_cat-njega-tijela-268","9":"first","10":"outofstock","11":"shipping-taxable","12":"purchasable","13":"product-type-simple"},"_links":{"self":[{"href":"https:\/\/singuli.wpress.me\/index.php\/wp-json\/wp\/v2\/product\/42345","targetHints":{"allow":["GET"]}}],"collection":[{"href":"https:\/\/singuli.wpress.me\/index.php\/wp-json\/wp\/v2\/product"}],"about":[{"href":"https:\/\/singuli.wpress.me\/index.php\/wp-json\/wp\/v2\/types\/product"}],"version-history":[{"count":0,"href":"https:\/\/singuli.wpress.me\/index.php\/wp-json\/wp\/v2\/product\/42345\/revisions"}],"wp:attachment":[{"href":"https:\/\/singuli.wpress.me\/index.php\/wp-json\/wp\/v2\/media?parent=42345"}],"wp:term":[{"taxonomy":"product_brand","embeddable":true,"href":"https:\/\/singuli.wpress.me\/index.php\/wp-json\/wp\/v2\/product_brand?post=42345"},{"taxonomy":"product_cat","embeddable":true,"href":"https:\/\/singuli.wpress.me\/index.php\/wp-json\/wp\/v2\/product_cat?post=42345"},{"taxonomy":"product_tag","embeddable":true,"href":"https:\/\/singuli.wpress.me\/index.php\/wp-json\/wp\/v2\/product_tag?post=42345"}],"curies":[{"name":"wp","href":"https:\/\/api.w.org\/{rel}","templated":true}]}}