{"id":42354,"date":"2026-04-19T15:27:09","date_gmt":"2026-04-19T15:27:09","guid":{"rendered":"https:\/\/singuli.wpress.me\/index.php\/proizvod\/naturelle-s4-stern-tb-fluid-100-biorazgradljivo-ulje-209-l\/"},"modified":"2026-04-20T12:33:45","modified_gmt":"2026-04-20T12:33:45","slug":"naturelle-s4-stern-tb-fluid-100-biorazgradljivo-ulje-209-l","status":"publish","type":"product","link":"https:\/\/singuli.wpress.me\/index.php\/proizvod\/naturelle-s4-stern-tb-fluid-100-biorazgradljivo-ulje-209-l\/","title":{"rendered":"NATURELLE S4 STERN TB FLUID 100, biorazgradljivo ulje, 209\u00a0l"},"content":{"rendered":"<p>Biorazgradiva sinteti\u010dka teku\u0107ina za statvenu cijev posebne namjene. Proizveden od potpuno zasi\u0107enih estera, dizajniran je da nudi vrhunske performanse podmazivanja, a istovremeno je lako biorazgradiv s niskom ekotoksi\u010dno\u0161\u0107u. Ekolo\u0161ki prihvatljivo mazivo (EAL) prema definicijama op\u0107e dozvole ameri\u010dkog EPA Vessel General Permit 2013.<\/p>\n<p><span style=\"font-weight: bold\">Specifikacija: <\/span>ISO 3448 VG 100, u skladu s US EPA VGP, SKF Blohm &amp; Voss, Wartsila, KEMEL, James Walker Seals, Aegir Marine, Ecolabel license DE\/027\/290.<\/p>\n","protected":false},"excerpt":{"rendered":"<p>Teku\u0107ina razvijena za uporabu u  statvenim cijevima<br \/>\nRazvijena za uporabu u statvenim cijevima<br \/>\nBiorazgradivo s niskom ekotoksi\u010dno\u0161\u0107u<\/p>\n","protected":false},"featured_media":0,"template":"","meta":{"_seopress_robots_primary_cat":"","_seopress_titles_title":"","_seopress_titles_desc":"","_seopress_robots_index":"","iawp_total_views":0},"product_brand":[872],"product_cat":[243,276],"product_tag":[],"class_list":{"0":"post-42354","1":"product","2":"type-product","3":"status-publish","5":"product_brand-naturelle","6":"product_cat-automobili-i-motori","7":"product_cat-industrijska-i-specijalna-ulja-243","9":"first","10":"instock","11":"shipping-taxable","12":"purchasable","13":"product-type-simple"},"_links":{"self":[{"href":"https:\/\/singuli.wpress.me\/index.php\/wp-json\/wp\/v2\/product\/42354","targetHints":{"allow":["GET"]}}],"collection":[{"href":"https:\/\/singuli.wpress.me\/index.php\/wp-json\/wp\/v2\/product"}],"about":[{"href":"https:\/\/singuli.wpress.me\/index.php\/wp-json\/wp\/v2\/types\/product"}],"version-history":[{"count":0,"href":"https:\/\/singuli.wpress.me\/index.php\/wp-json\/wp\/v2\/product\/42354\/revisions"}],"wp:attachment":[{"href":"https:\/\/singuli.wpress.me\/index.php\/wp-json\/wp\/v2\/media?parent=42354"}],"wp:term":[{"taxonomy":"product_brand","embeddable":true,"href":"https:\/\/singuli.wpress.me\/index.php\/wp-json\/wp\/v2\/product_brand?post=42354"},{"taxonomy":"product_cat","embeddable":true,"href":"https:\/\/singuli.wpress.me\/index.php\/wp-json\/wp\/v2\/product_cat?post=42354"},{"taxonomy":"product_tag","embeddable":true,"href":"https:\/\/singuli.wpress.me\/index.php\/wp-json\/wp\/v2\/product_tag?post=42354"}],"curies":[{"name":"wp","href":"https:\/\/api.w.org\/{rel}","templated":true}]}}