{"id":42357,"date":"2026-04-19T15:27:10","date_gmt":"2026-04-19T15:27:10","guid":{"rendered":"https:\/\/singuli.wpress.me\/index.php\/proizvod\/wellaflex-shiny-hold-jacina-5-5-pjena-za-kosu-200-ml\/"},"modified":"2026-04-20T12:33:45","modified_gmt":"2026-04-20T12:33:45","slug":"wellaflex-shiny-hold-jacina-5-5-pjena-za-kosu-200-ml","status":"publish","type":"product","link":"https:\/\/singuli.wpress.me\/index.php\/proizvod\/wellaflex-shiny-hold-jacina-5-5-pjena-za-kosu-200-ml\/","title":{"rendered":"WELLAFLEX Shiny Hold, ja\u010dina 5\/5, pjena za kosu, 200\u00a0ml"},"content":{"rendered":"<p>Preparat za u\u010dvr\u0161\u0107ivanje <span style=\"font-weight: bold\">Wella Wellaflex Shiny Hold<\/span> va\u0161oj frizuri pru\u017eit \u0107e \u017eeljeni oblik i volumen.<\/p>\n<p><span style=\"font-weight: bold\">Svojstva:<\/span><br \/>\n&#8211; Ekstra jaka fiksacija<br \/>\n&#8211; Pove\u0107ava prirodni sjaj kose<br \/>\n&#8211; Osigurava elasti\u010dnost kose<br \/>\n&#8211; Dugotrajni u\u010dinak na koji se mo\u017eete osloniti<\/p>\n<p><span style=\"font-weight: bold\">Na\u010din upotrebe:<\/span><br \/>\nPrije uporabe dobro protresite. Nanesite na mokru kosu. Uredite na \u017eeljeni na\u010din.<\/p>\n<p>Iskoristite svaki trenutak s punim povjerenjem i pobrinite se da va\u0161 izgled uvijek bude na mjestu, zahvaljuju\u0107i \u0161irokoj ponudi Wellaflex proizvoda za oblikovanje. Stvorena da naglasi va\u0161u prirodnu ljepotu i podigne va\u0161 individualni stil, Wellaflex Shiny Hold pjena va\u0161oj kosi daje 100% prirodan sjaj do 24 sata. Osim toga, ova pjena za ultra sna\u017eno u\u010dvr\u0161\u0107ivanje formulirana je s <span style=\"font-weight: bold\">FlexActive tehnologijom<\/span> kako bi vam pru\u017eila 3 najtra\u017eenija znaka prirodne, fleksibilne frizure. Zaljubite se u nje\u017eni dodir kose i postignite pouzdano u\u010dvr\u0161\u0107ivanje koje \u0107e va\u0161u frizuru odr\u017eati netaknutom do 24 sata, bez gubitka fleksibilnosti dopu\u0161taju\u0107i va\u0161oj kosi slobodno kretanje. Prakti\u010dna za nano\u0161enje i jednostavan za ra\u0161\u010de\u0161ljavanje, Wellaflex Shiny Hold savr\u0161eno je rje\u0161enje za brzo u\u010dvr\u0161\u0107ivanje. Tako\u0111er poma\u017ee u pru\u017eanju UV za\u0161tite, tako da \u0107e va\u0161a kosa izgledati lijepo, prirodno i zdravo svaki dan.<\/p>\n","protected":false},"excerpt":{"rendered":"<p>100% prirodna kosa sjaji do 24 sata<br \/>\nS FlexActive tehnologijom za 3 znaka prirodne, fleksibilne i dugotrajne frizure<br \/>\nUltra jako dr\u017eanje: 5\/5<\/p>\n","protected":false},"featured_media":0,"template":"","meta":{"_seopress_robots_primary_cat":"","_seopress_titles_title":"","_seopress_titles_desc":"","_seopress_robots_index":"","iawp_total_views":0},"product_brand":[841],"product_cat":[268,300],"product_tag":[],"class_list":{"0":"post-42357","1":"product","2":"type-product","3":"status-publish","5":"product_brand-wellaflex","6":"product_cat-kozmetika-2","7":"product_cat-njega-kose-268","9":"first","10":"instock","11":"shipping-taxable","12":"purchasable","13":"product-type-simple"},"_links":{"self":[{"href":"https:\/\/singuli.wpress.me\/index.php\/wp-json\/wp\/v2\/product\/42357","targetHints":{"allow":["GET"]}}],"collection":[{"href":"https:\/\/singuli.wpress.me\/index.php\/wp-json\/wp\/v2\/product"}],"about":[{"href":"https:\/\/singuli.wpress.me\/index.php\/wp-json\/wp\/v2\/types\/product"}],"version-history":[{"count":0,"href":"https:\/\/singuli.wpress.me\/index.php\/wp-json\/wp\/v2\/product\/42357\/revisions"}],"wp:attachment":[{"href":"https:\/\/singuli.wpress.me\/index.php\/wp-json\/wp\/v2\/media?parent=42357"}],"wp:term":[{"taxonomy":"product_brand","embeddable":true,"href":"https:\/\/singuli.wpress.me\/index.php\/wp-json\/wp\/v2\/product_brand?post=42357"},{"taxonomy":"product_cat","embeddable":true,"href":"https:\/\/singuli.wpress.me\/index.php\/wp-json\/wp\/v2\/product_cat?post=42357"},{"taxonomy":"product_tag","embeddable":true,"href":"https:\/\/singuli.wpress.me\/index.php\/wp-json\/wp\/v2\/product_tag?post=42357"}],"curies":[{"name":"wp","href":"https:\/\/api.w.org\/{rel}","templated":true}]}}