{"id":42359,"date":"2026-04-19T15:27:11","date_gmt":"2026-04-19T15:27:11","guid":{"rendered":"https:\/\/singuli.wpress.me\/index.php\/proizvod\/old-spice-whitewater-dezodorans-u-spreju-150-ml\/"},"modified":"2026-04-20T12:33:45","modified_gmt":"2026-04-20T12:33:45","slug":"old-spice-whitewater-dezodorans-u-spreju-150-ml","status":"publish","type":"product","link":"https:\/\/singuli.wpress.me\/index.php\/proizvod\/old-spice-whitewater-dezodorans-u-spreju-150-ml\/","title":{"rendered":"OLD SPICE Whitewater, dezodorans u spreju, 150\u00a0ml"},"content":{"rendered":"<p>\u010cesto se mo\u017ee \u010duti da je voda najmo\u0107niji element na Zemlji. Me\u0111utim, to nije ba\u0161 najto\u010dnije jer voda nije element, a nije ni mo\u0107na kao uranij-235. <\/p>\n<p>No, bilo kako bilo, miris Old Spice Whitewater vrlo je svje\u017e miris, tvrde znanstvenici. Barem oni koji znaju kako dobro mirisati. <\/p>\n<p>Dezodorans Old Spice poma\u017ee ti da se rije\u0161i\u0161 neugodnih tjelesnih mirisa i mirisa ispod pazuha. Zato zgrabi sprej za tijelo Old Spice i doka\u017ei da je njegov osvje\u017eavaju\u0107i miris izgubljena karika prema mu\u017eevnosti.<\/p>\n","protected":false},"excerpt":{"rendered":"<p>\u010cesto se mo\u017ee \u010duti da je voda najmo\u0107niji element na Zemlji. Me\u0111utim, to nije ba\u0161 najto\u010dnije jer voda nije element,<\/p>\n","protected":false},"featured_media":0,"template":"","meta":{"_seopress_robots_primary_cat":"","_seopress_titles_title":"","_seopress_titles_desc":"","_seopress_robots_index":"","iawp_total_views":0},"product_brand":[448],"product_cat":[268,278],"product_tag":[],"class_list":{"0":"post-42359","1":"product","2":"type-product","3":"status-publish","5":"product_brand-old-spice","6":"product_cat-kozmetika-2","7":"product_cat-njega-tijela-268","9":"first","10":"instock","11":"shipping-taxable","12":"purchasable","13":"product-type-simple"},"_links":{"self":[{"href":"https:\/\/singuli.wpress.me\/index.php\/wp-json\/wp\/v2\/product\/42359","targetHints":{"allow":["GET"]}}],"collection":[{"href":"https:\/\/singuli.wpress.me\/index.php\/wp-json\/wp\/v2\/product"}],"about":[{"href":"https:\/\/singuli.wpress.me\/index.php\/wp-json\/wp\/v2\/types\/product"}],"version-history":[{"count":0,"href":"https:\/\/singuli.wpress.me\/index.php\/wp-json\/wp\/v2\/product\/42359\/revisions"}],"wp:attachment":[{"href":"https:\/\/singuli.wpress.me\/index.php\/wp-json\/wp\/v2\/media?parent=42359"}],"wp:term":[{"taxonomy":"product_brand","embeddable":true,"href":"https:\/\/singuli.wpress.me\/index.php\/wp-json\/wp\/v2\/product_brand?post=42359"},{"taxonomy":"product_cat","embeddable":true,"href":"https:\/\/singuli.wpress.me\/index.php\/wp-json\/wp\/v2\/product_cat?post=42359"},{"taxonomy":"product_tag","embeddable":true,"href":"https:\/\/singuli.wpress.me\/index.php\/wp-json\/wp\/v2\/product_tag?post=42359"}],"curies":[{"name":"wp","href":"https:\/\/api.w.org\/{rel}","templated":true}]}}