{"id":42360,"date":"2026-04-19T15:27:11","date_gmt":"2026-04-19T15:27:11","guid":{"rendered":"https:\/\/singuli.wpress.me\/index.php\/proizvod\/encanto-maxi-puzzle-obostrane-180-kom\/"},"modified":"2026-04-21T00:27:17","modified_gmt":"2026-04-21T00:27:17","slug":"encanto-maxi-puzzle-obostrane-180-kom","status":"publish","type":"product","link":"https:\/\/singuli.wpress.me\/index.php\/proizvod\/encanto-maxi-puzzle-obostrane-180-kom\/","title":{"rendered":"ENCANTO Maxi, puzzle, obostrane , 180\u00a0kom"},"content":{"rendered":"<p><span style=\"font-weight: bold\">Lisciani obostrane puzzle<\/span> su jedinstvene. Nisu samo puzzle za slo\u017eiti ve\u0107 pru\u017eaju sate zabave djeci koja mogu obojati pozadinu slo\u017eene puzzle. Jo\u0161 vi\u0161e zabave i igre uz mnogo ma\u0161te i kreativnosti.<br \/>\nSadr\u017eaj: 108 kom puzzli, 70 x 50 cm<br \/>\nDob: 4+ godine<\/p>\n","protected":false},"excerpt":{"rendered":"<p>Poti\u010de ma\u0161tu, kreativnost i razvoj motori\u010dkih vje\u0161tina<br \/>\nEdukativna i zabavna aktivnost koja poti\u010de koncentraciju i strpljenje<br \/>\nDob: 4+ god<\/p>\n","protected":false},"featured_media":0,"template":"","meta":{"_seopress_robots_primary_cat":"","_seopress_titles_title":"","_seopress_titles_desc":"","_seopress_robots_index":"","iawp_total_views":0},"product_brand":[863],"product_cat":[290,221],"product_tag":[],"class_list":{"0":"post-42360","1":"product","2":"type-product","3":"status-publish","5":"product_brand-encanto","6":"product_cat-drustvene-igre-221","7":"product_cat-igracke","9":"first","10":"outofstock","11":"shipping-taxable","12":"purchasable","13":"product-type-simple"},"_links":{"self":[{"href":"https:\/\/singuli.wpress.me\/index.php\/wp-json\/wp\/v2\/product\/42360","targetHints":{"allow":["GET"]}}],"collection":[{"href":"https:\/\/singuli.wpress.me\/index.php\/wp-json\/wp\/v2\/product"}],"about":[{"href":"https:\/\/singuli.wpress.me\/index.php\/wp-json\/wp\/v2\/types\/product"}],"version-history":[{"count":0,"href":"https:\/\/singuli.wpress.me\/index.php\/wp-json\/wp\/v2\/product\/42360\/revisions"}],"wp:attachment":[{"href":"https:\/\/singuli.wpress.me\/index.php\/wp-json\/wp\/v2\/media?parent=42360"}],"wp:term":[{"taxonomy":"product_brand","embeddable":true,"href":"https:\/\/singuli.wpress.me\/index.php\/wp-json\/wp\/v2\/product_brand?post=42360"},{"taxonomy":"product_cat","embeddable":true,"href":"https:\/\/singuli.wpress.me\/index.php\/wp-json\/wp\/v2\/product_cat?post=42360"},{"taxonomy":"product_tag","embeddable":true,"href":"https:\/\/singuli.wpress.me\/index.php\/wp-json\/wp\/v2\/product_tag?post=42360"}],"curies":[{"name":"wp","href":"https:\/\/api.w.org\/{rel}","templated":true}]}}