{"id":42363,"date":"2026-04-19T15:27:13","date_gmt":"2026-04-19T15:27:13","guid":{"rendered":"https:\/\/singuli.wpress.me\/index.php\/proizvod\/always-ultra-secure-night-higijenski-ulosci-12-kom\/"},"modified":"2026-04-20T12:33:45","modified_gmt":"2026-04-20T12:33:45","slug":"always-ultra-secure-night-higijenski-ulosci-12-kom","status":"publish","type":"product","link":"https:\/\/singuli.wpress.me\/index.php\/proizvod\/always-ultra-secure-night-higijenski-ulosci-12-kom\/","title":{"rendered":"ALWAYS Ultra Secure Night, higijenski ulo\u0161ci, 12\u00a0kom"},"content":{"rendered":"<p>Najbitniji je dobar san, a to \u0107ete posti\u0107i s ulo\u0161cima s krilcima ALWAYS Ultra Secure Night (veli\u010dina 4). <\/p>\n<p>Ovaj ulo\u017eak ima tri za\u0161titne zna\u010dajke kako se no\u0107u ne biste morali buditi i provjeravati je li ulo\u017eak propustio ili ga mijenjati. 60% du\u017ei stra\u017enji dio u kombinaciji s tehnologijom LeakGuard zadr\u017eava teku\u0107inu i poma\u017ee sprije\u010diti propu\u0161tanja tijekom no\u0107i za vrijeme mjese\u010dnice. <br \/>\nSustav InstantDry upija teku\u0107inu u nekoliko sekundi i dr\u017ei vla\u017enost podalje od ko\u017ee. <br \/>\nTehnologija OdourLock neutralizira neugodne mirise kako biste se osje\u0107ali svje\u017ee i \u010disto. <\/p>\n<p>Mirno spavajte, uz trostruku za\u0161titu ulo\u017eaka ALWAYS Ultra. Dermatolo\u0161ki odobrilo udru\u017eenje Skin Health Alliance.Za dodatnu cjelono\u0107nu za\u0161titu, isprobajte Always Ultra Secure Night Extra (veli\u010dina 5), najbolje Alwaysove higijenske ulo\u0161ke za za\u0161titu tijekom no\u0107i. <\/p>\n<p>Prona\u0111ite svoju idealnu veli\u010dinu pomo\u0107u sustava Always My Fit koji poma\u017ee u odabiru prikladne veli\u010dine ulo\u0161ka za najbolju Alwaysovu za\u0161titu na temelju obilnosti mjese\u010dnice i veli\u010dine ga\u0107ica.<\/p>\n","protected":false},"excerpt":{"rendered":"<p>Super upijaju\u0107a jezgra.<br \/>\nPoja\u010dana no\u0107na za\u0161tita.<br \/>\nDermatolo\u0161ki provjereno.<\/p>\n","protected":false},"featured_media":0,"template":"","meta":{"_seopress_robots_primary_cat":"","_seopress_titles_title":"","_seopress_titles_desc":"","_seopress_robots_index":"","iawp_total_views":0},"product_brand":[449],"product_cat":[211,288],"product_tag":[],"class_list":{"0":"post-42363","1":"product","2":"type-product","3":"status-publish","5":"product_brand-always","6":"product_cat-njega-majke-i-djeteta","7":"product_cat-zenska-higijena-211","9":"first","10":"instock","11":"shipping-taxable","12":"purchasable","13":"product-type-simple"},"_links":{"self":[{"href":"https:\/\/singuli.wpress.me\/index.php\/wp-json\/wp\/v2\/product\/42363","targetHints":{"allow":["GET"]}}],"collection":[{"href":"https:\/\/singuli.wpress.me\/index.php\/wp-json\/wp\/v2\/product"}],"about":[{"href":"https:\/\/singuli.wpress.me\/index.php\/wp-json\/wp\/v2\/types\/product"}],"version-history":[{"count":0,"href":"https:\/\/singuli.wpress.me\/index.php\/wp-json\/wp\/v2\/product\/42363\/revisions"}],"wp:attachment":[{"href":"https:\/\/singuli.wpress.me\/index.php\/wp-json\/wp\/v2\/media?parent=42363"}],"wp:term":[{"taxonomy":"product_brand","embeddable":true,"href":"https:\/\/singuli.wpress.me\/index.php\/wp-json\/wp\/v2\/product_brand?post=42363"},{"taxonomy":"product_cat","embeddable":true,"href":"https:\/\/singuli.wpress.me\/index.php\/wp-json\/wp\/v2\/product_cat?post=42363"},{"taxonomy":"product_tag","embeddable":true,"href":"https:\/\/singuli.wpress.me\/index.php\/wp-json\/wp\/v2\/product_tag?post=42363"}],"curies":[{"name":"wp","href":"https:\/\/api.w.org\/{rel}","templated":true}]}}