{"id":42366,"date":"2026-04-19T15:27:14","date_gmt":"2026-04-19T15:27:14","guid":{"rendered":"https:\/\/singuli.wpress.me\/index.php\/proizvod\/oral-b-professional-care-oxyjet-oralni-tus\/"},"modified":"2026-04-20T12:33:45","modified_gmt":"2026-04-20T12:33:45","slug":"oral-b-professional-care-oxyjet-oralni-tus","status":"publish","type":"product","link":"https:\/\/singuli.wpress.me\/index.php\/proizvod\/oral-b-professional-care-oxyjet-oralni-tus\/","title":{"rendered":"ORAL-B Professional Care OxyJet, oralni tu\u0161"},"content":{"rendered":"<p>Sustav zubnog tu\u0161a s jedinstvenom tehnologijom mikro mjehuri\u0107a. Namijenjen je svakodnevnoj oralnoj njezi kao nadopuna \u010detkanju, ali je tako\u0111er pogodan za \u010di\u0161\u0107enje jezika, implantata, mostova i krunica. Djeluje protiv bakterija plaka i pobolj\u0161ava oralnu njegu. tako\u0111er dopire i \u010disti me\u0111uzubni prostor i te\u0161ko dostupna mjesta Masira desni i smanjuje krvarenje desni Zidni nosa\u010d uklju\u010den.<\/p>\n<p>&#8211; Tehnologija mikro-mjehuri\u0107a: Oral-B Professional Care OxyJet s jedinstvenom tehnologijom mikro-mjehuri\u0107a djeluje protiv bakterija plaka i tako pobolj\u0161ava oralnu njegu.<br \/>\n&#8211; \u010cisti i te\u0161ko dostupna mjesta: Dohva\u0107a i \u010disti te\u0161ko dostupna mjesta kao i prostor izme\u0111u zuba, a pritom masira desni i smanjuje njihovo krvarenje.<br \/>\n&#8211; Prekida\u010d mlaznice: Ru\u010dni prekida\u010d mlaznice olak\u0161ava odabir na\u010dina \u010di\u0161\u0107enja kru\u017enim ili ravnim mlazom. Rotacija vodenog mlaza je dizajnirana za lak\u0161e prodiranje ispod ruba desni. Kada odaberete kru\u017eni mlaz, uklju\u010duje se mini turbina stvaraju\u0107i cirkulaciju brzinom od 8800 okretaja u minuti. Ravni vodeni mlaz namijenjen je \u010di\u0161\u0107enju odabranih mjesta i uklanjanju \u010destica hrane.<\/p>\n<p>Glavne zna\u010dajke:<br \/>\n&#8211; Spiralni sustav: jednostavno \u010di\u0161\u0107enje uz desni<br \/>\n&#8211; Korisnik kontrolira ja\u010dinu vodenog mlaza<br \/>\n&#8211; Rezervoar za vodu: 600 ml<br \/>\n&#8211; Razvrstavanje po bojama za lak\u0161e kori\u0161tenje razli\u010ditim \u010dlanovima obitelji<br \/>\n&#8211; 3D tehnologija \u010di\u0161\u0107enja<br \/>\n&#8211; 40 000 pulsacija u minuti razbija plak<br \/>\n&#8211; 8800 oscilacija u minuti ispira obloge<br \/>\n&#8211; Dva na\u010dina rada<br \/>\n&#8211; Tajmer od 2 minute s intervalima od 30 sekundi<br \/>\n&#8211; Isklju\u010divanje pulsiranja u slu\u010daju pretjeranog tlaka<br \/>\n&#8211; Uz svakodnevnu upotrebu nakon 2 minute, baterija traje do dva tjedna<\/p>\n<p>Sadr\u017eaj: 1 OxyJet ru\u010dka, 4 Oral-B OxyJet mlaznice, 1 punja\u010d sa postoljem i pretincem za mlaznice, 1 punjiva baterija<\/p>\n<p>Jamstvo: 2 godine<\/p>\n","protected":false},"excerpt":{"rendered":"<p>Tehnologija mikromjehuri\u0107a djeluje protiv bakterija plaka<br \/>\nDopire i \u010disti te\u0161ko dostupna mjesta, ali i prostor izme\u0111u zuba<br \/>\nRu\u010dni prekida\u010d mlaznica olak\u0161ava odabir kru\u017enog ili ravnog na\u010dina \u010di\u0161\u0107enja mlazom<\/p>\n","protected":false},"featured_media":0,"template":"","meta":{"_seopress_robots_primary_cat":"","_seopress_titles_title":"","_seopress_titles_desc":"","_seopress_robots_index":"","iawp_total_views":0},"product_brand":[423],"product_cat":[268,309],"product_tag":[],"class_list":{"0":"post-42366","1":"product","2":"type-product","3":"status-publish","5":"product_brand-oral-b-2","6":"product_cat-kozmetika-2","7":"product_cat-oralna-higijena-268","9":"first","10":"outofstock","11":"shipping-taxable","12":"purchasable","13":"product-type-simple"},"_links":{"self":[{"href":"https:\/\/singuli.wpress.me\/index.php\/wp-json\/wp\/v2\/product\/42366","targetHints":{"allow":["GET"]}}],"collection":[{"href":"https:\/\/singuli.wpress.me\/index.php\/wp-json\/wp\/v2\/product"}],"about":[{"href":"https:\/\/singuli.wpress.me\/index.php\/wp-json\/wp\/v2\/types\/product"}],"version-history":[{"count":0,"href":"https:\/\/singuli.wpress.me\/index.php\/wp-json\/wp\/v2\/product\/42366\/revisions"}],"wp:attachment":[{"href":"https:\/\/singuli.wpress.me\/index.php\/wp-json\/wp\/v2\/media?parent=42366"}],"wp:term":[{"taxonomy":"product_brand","embeddable":true,"href":"https:\/\/singuli.wpress.me\/index.php\/wp-json\/wp\/v2\/product_brand?post=42366"},{"taxonomy":"product_cat","embeddable":true,"href":"https:\/\/singuli.wpress.me\/index.php\/wp-json\/wp\/v2\/product_cat?post=42366"},{"taxonomy":"product_tag","embeddable":true,"href":"https:\/\/singuli.wpress.me\/index.php\/wp-json\/wp\/v2\/product_tag?post=42366"}],"curies":[{"name":"wp","href":"https:\/\/api.w.org\/{rel}","templated":true}]}}