{"id":42373,"date":"2026-04-19T15:27:16","date_gmt":"2026-04-19T15:27:16","guid":{"rendered":"https:\/\/singuli.wpress.me\/index.php\/proizvod\/paclan-for-nature-10-l-kompostne-papirnate-vrecice-10-l\/"},"modified":"2026-04-20T12:33:45","modified_gmt":"2026-04-20T12:33:45","slug":"paclan-for-nature-10-l-kompostne-papirnate-vrecice-10-l","status":"publish","type":"product","link":"https:\/\/singuli.wpress.me\/index.php\/proizvod\/paclan-for-nature-10-l-kompostne-papirnate-vrecice-10-l\/","title":{"rendered":"PACLAN FOR NATURE 10 l, kompostne papirnate vre\u0107ice, 10\u00a0l"},"content":{"rendered":"<p>Samostoje\u0107e BIO papirnate vre\u0107e izra\u0111ene iz recikiranog papir, samostoje\u0107e i 100% kompostabilne, FSC recikirana papirnata ambala\u017ea. Paclan je proizveo sveobuhvatnu ponudu &#8211; liniju For Nature, koja se sastoji od \u201enature friendly\u201d artikala. Ambala\u017ea je izra\u0111ena je od recikliranog papira ili certificiranog papira.<\/p>\n<p>Svaki proizvod ispunjava barem jedan od zahtjeva koje je proizvo\u0111a\u010d postavio prilikom stvaranja ove serije, tako da je na\u010dinjena od:<\/p>\n<p>\u2022 reciklirane plastike<\/p>\n<p>\u2022 prirodnih materijala, kao \u0161to su kukuruza, agave i viskoza<\/p>\n<p>\u2022 rabljenih PET boca<\/p>\n<p>\u2022 biorazgradivih materijala kao \u0161to je PLA (polaktid)<\/p>\n","protected":false},"excerpt":{"rendered":"<p>Samostoje\u0107e BIO papirnate vre\u0107ice<br \/>\nIzra\u0111ene od recikliranog papira<br \/>\n100% kompostabilne<\/p>\n","protected":false},"featured_media":0,"template":"","meta":{"_seopress_robots_primary_cat":"","_seopress_titles_title":"","_seopress_titles_desc":"","_seopress_robots_index":"","iawp_total_views":0},"product_brand":[844],"product_cat":[274,238],"product_tag":[],"class_list":{"0":"post-42373","1":"product","2":"type-product","3":"status-publish","5":"product_brand-paclan-for-nature","6":"product_cat-kucanski-pribor-238","7":"product_cat-sve-za-dom","9":"first","10":"outofstock","11":"shipping-taxable","12":"purchasable","13":"product-type-simple"},"_links":{"self":[{"href":"https:\/\/singuli.wpress.me\/index.php\/wp-json\/wp\/v2\/product\/42373","targetHints":{"allow":["GET"]}}],"collection":[{"href":"https:\/\/singuli.wpress.me\/index.php\/wp-json\/wp\/v2\/product"}],"about":[{"href":"https:\/\/singuli.wpress.me\/index.php\/wp-json\/wp\/v2\/types\/product"}],"version-history":[{"count":0,"href":"https:\/\/singuli.wpress.me\/index.php\/wp-json\/wp\/v2\/product\/42373\/revisions"}],"wp:attachment":[{"href":"https:\/\/singuli.wpress.me\/index.php\/wp-json\/wp\/v2\/media?parent=42373"}],"wp:term":[{"taxonomy":"product_brand","embeddable":true,"href":"https:\/\/singuli.wpress.me\/index.php\/wp-json\/wp\/v2\/product_brand?post=42373"},{"taxonomy":"product_cat","embeddable":true,"href":"https:\/\/singuli.wpress.me\/index.php\/wp-json\/wp\/v2\/product_cat?post=42373"},{"taxonomy":"product_tag","embeddable":true,"href":"https:\/\/singuli.wpress.me\/index.php\/wp-json\/wp\/v2\/product_tag?post=42373"}],"curies":[{"name":"wp","href":"https:\/\/api.w.org\/{rel}","templated":true}]}}