{"id":42374,"date":"2026-04-19T15:27:16","date_gmt":"2026-04-19T15:27:16","guid":{"rendered":"https:\/\/singuli.wpress.me\/index.php\/proizvod\/shell-air-freshener-osvjezivac-za-auto-fruit-coctails\/"},"modified":"2026-04-20T12:33:45","modified_gmt":"2026-04-20T12:33:45","slug":"shell-air-freshener-osvjezivac-za-auto-fruit-coctails","status":"publish","type":"product","link":"https:\/\/singuli.wpress.me\/index.php\/proizvod\/shell-air-freshener-osvjezivac-za-auto-fruit-coctails\/","title":{"rendered":"SHELL Air Freshener, osvje\u017eiva\u010d za auto, fruit coctails"},"content":{"rendered":"<p>Osvje\u017eiva\u010d za auto intenzivne boje i ugodne arome u obliku \u0161koljki.<br \/>\nOsvje\u017eite unutra\u0161njost automobila \u010dak do 30 dana.<\/p>\n","protected":false},"excerpt":{"rendered":"<p>Osvje\u017eiva\u010d za auto<br \/>\nIntenzivne boje i ugodne arome u obliku \u0161koljke<br \/>\nOsvje\u017eava prostor do 30 dana<\/p>\n","protected":false},"featured_media":0,"template":"","meta":{"_seopress_robots_primary_cat":"","_seopress_titles_title":"","_seopress_titles_desc":"","_seopress_robots_index":"","iawp_total_views":0},"product_brand":[326],"product_cat":[243,273],"product_tag":[],"class_list":{"0":"post-42374","1":"product","2":"type-product","3":"status-publish","5":"product_brand-shell","6":"product_cat-automobili-i-motori","7":"product_cat-njega-vozila-243","9":"first","10":"instock","11":"shipping-taxable","12":"purchasable","13":"product-type-simple"},"_links":{"self":[{"href":"https:\/\/singuli.wpress.me\/index.php\/wp-json\/wp\/v2\/product\/42374","targetHints":{"allow":["GET"]}}],"collection":[{"href":"https:\/\/singuli.wpress.me\/index.php\/wp-json\/wp\/v2\/product"}],"about":[{"href":"https:\/\/singuli.wpress.me\/index.php\/wp-json\/wp\/v2\/types\/product"}],"version-history":[{"count":0,"href":"https:\/\/singuli.wpress.me\/index.php\/wp-json\/wp\/v2\/product\/42374\/revisions"}],"wp:attachment":[{"href":"https:\/\/singuli.wpress.me\/index.php\/wp-json\/wp\/v2\/media?parent=42374"}],"wp:term":[{"taxonomy":"product_brand","embeddable":true,"href":"https:\/\/singuli.wpress.me\/index.php\/wp-json\/wp\/v2\/product_brand?post=42374"},{"taxonomy":"product_cat","embeddable":true,"href":"https:\/\/singuli.wpress.me\/index.php\/wp-json\/wp\/v2\/product_cat?post=42374"},{"taxonomy":"product_tag","embeddable":true,"href":"https:\/\/singuli.wpress.me\/index.php\/wp-json\/wp\/v2\/product_tag?post=42374"}],"curies":[{"name":"wp","href":"https:\/\/api.w.org\/{rel}","templated":true}]}}