{"id":42377,"date":"2026-04-19T15:27:18","date_gmt":"2026-04-19T15:27:18","guid":{"rendered":"https:\/\/singuli.wpress.me\/index.php\/proizvod\/shell-ma-75w90-transmisijsko-ulje-209-l\/"},"modified":"2026-04-21T00:27:17","modified_gmt":"2026-04-21T00:27:17","slug":"shell-ma-75w90-transmisijsko-ulje-209-l","status":"publish","type":"product","link":"https:\/\/singuli.wpress.me\/index.php\/proizvod\/shell-ma-75w90-transmisijsko-ulje-209-l\/","title":{"rendered":"SHELL MA 75W90, transmisijsko ulje, 209\u00a0l"},"content":{"rendered":"<p>Visokokvalitetno sinteti\u010dko mjenja\u010dko ulje za mjenja\u010de dizajnirano da udovolji najnovijim zahtjevima te\u0161ko-optere\u0107enih Mercedes Benz mjenja\u010da. Tako\u0111er se mo\u017ee preporu\u010diti za prijenosnike osobnih automobila, uklju\u010duju\u0107i i neke diferecijale. Odlikuje ga toplinska stabilnost, produljena sposobnost podmazivanj, visoka otpornost na oksidaciju. <\/p>\n<p><span style=\"font-weight: bold\">Specifikacije:<\/span> API GL-4, Mercedes Benz 235.11<\/p>\n","protected":false},"excerpt":{"rendered":"<p>Visokokvalitetno sinteti\u010dko mjenja\u010dko ulje za mjenja\u010de<br \/>\nMo\u017ee se preporu\u010diti za prijenosnike osobnih automobila, uklju\u010duju\u0107i i neke diferecijale<br \/>\nVisoka otpornost na oksidaciju<\/p>\n","protected":false},"featured_media":0,"template":"","meta":{"_seopress_robots_primary_cat":"","_seopress_titles_title":"","_seopress_titles_desc":"","_seopress_robots_index":"","iawp_total_views":0},"product_brand":[326],"product_cat":[243,276],"product_tag":[],"class_list":{"0":"post-42377","1":"product","2":"type-product","3":"status-publish","5":"product_brand-shell","6":"product_cat-automobili-i-motori","7":"product_cat-industrijska-i-specijalna-ulja-243","9":"first","10":"outofstock","11":"shipping-taxable","12":"purchasable","13":"product-type-simple"},"_links":{"self":[{"href":"https:\/\/singuli.wpress.me\/index.php\/wp-json\/wp\/v2\/product\/42377","targetHints":{"allow":["GET"]}}],"collection":[{"href":"https:\/\/singuli.wpress.me\/index.php\/wp-json\/wp\/v2\/product"}],"about":[{"href":"https:\/\/singuli.wpress.me\/index.php\/wp-json\/wp\/v2\/types\/product"}],"version-history":[{"count":0,"href":"https:\/\/singuli.wpress.me\/index.php\/wp-json\/wp\/v2\/product\/42377\/revisions"}],"wp:attachment":[{"href":"https:\/\/singuli.wpress.me\/index.php\/wp-json\/wp\/v2\/media?parent=42377"}],"wp:term":[{"taxonomy":"product_brand","embeddable":true,"href":"https:\/\/singuli.wpress.me\/index.php\/wp-json\/wp\/v2\/product_brand?post=42377"},{"taxonomy":"product_cat","embeddable":true,"href":"https:\/\/singuli.wpress.me\/index.php\/wp-json\/wp\/v2\/product_cat?post=42377"},{"taxonomy":"product_tag","embeddable":true,"href":"https:\/\/singuli.wpress.me\/index.php\/wp-json\/wp\/v2\/product_tag?post=42377"}],"curies":[{"name":"wp","href":"https:\/\/api.w.org\/{rel}","templated":true}]}}