{"id":42383,"date":"2026-04-19T15:27:19","date_gmt":"2026-04-19T15:27:19","guid":{"rendered":"https:\/\/singuli.wpress.me\/index.php\/proizvod\/helix-ultra-5w40-sn-motorno-ulje-za-osobna-vozila-209-l\/"},"modified":"2026-04-20T12:33:45","modified_gmt":"2026-04-20T12:33:45","slug":"helix-ultra-5w40-sn-motorno-ulje-za-osobna-vozila-209-l","status":"publish","type":"product","link":"https:\/\/singuli.wpress.me\/index.php\/proizvod\/helix-ultra-5w40-sn-motorno-ulje-za-osobna-vozila-209-l\/","title":{"rendered":"HELIX ULTRA 5W40 SN+, motorno ulje za osobna vozila, 209\u00a0l"},"content":{"rendered":"<p>Potpuno snteti\u010dko motorno ulje koje koristi Shellovu vrhunsku aktivnu tehnologiju \u010di\u0161\u0107enja za odr\u017eavanje motora visokih performansi na najvi\u0161oj razini u\u010dinkovitosti. <\/p>\n<p>Osigurava \u010disto\u0107u motora kontinuiranim sprje\u010davanjem nastajanja taloga i naslaga prljav\u0161tine. <\/p>\n<p>Prikladno je i za najdu\u017ee intervale zamjene ulja koje preporu\u010duju OEM-ovi. <\/p>\n<p>Mo\u017ee se koristiti u benzinskim, dizelskim i motorima na plin, kao i u motorima na biodizel i mje\u0161avine benzina i etanola. <\/p>\n<p>Prikladno koristiti za benzinske motori s turbopunja\u010dem i izravnim ubrizgavanjem koji su osjetljivi na LSPI efekt (preuranjeno paljenje pri niskom broju okretaja i velikom optere\u0107enju).<\/p>\n<p><span style=\"font-weight: bold\">Specifikacija:<\/span> API SN Plus, API SN, ACEA A3\/B3, A3\/B4, BMW Longlife-01, MB odobrenje 229.5, 226.5, VW Standard 502.00, 505.00, Porsche A40, Renault RN 0700, RN 0710, PSA B71 2296, Chrysler B71 2296, Chrysler MS 10725, 12991, Fiat 9.55535.Z2 &amp; Fiat 9.55535-N2.<\/p>\n","protected":false},"excerpt":{"rendered":"<p>Formulirano na bazi Shell PurePlus tehnologije<br \/>\nOdr\u017eava \u010disto\u0107u motora<br \/>\nSpecifikacija u opisu<\/p>\n","protected":false},"featured_media":0,"template":"","meta":{"_seopress_robots_primary_cat":"","_seopress_titles_title":"","_seopress_titles_desc":"","_seopress_robots_index":"","iawp_total_views":0},"product_brand":[398],"product_cat":[243,272],"product_tag":[],"class_list":{"0":"post-42383","1":"product","2":"type-product","3":"status-publish","5":"product_brand-helix","6":"product_cat-automobili-i-motori","7":"product_cat-motorna-ulja-243","9":"first","10":"instock","11":"shipping-taxable","12":"purchasable","13":"product-type-simple"},"_links":{"self":[{"href":"https:\/\/singuli.wpress.me\/index.php\/wp-json\/wp\/v2\/product\/42383","targetHints":{"allow":["GET"]}}],"collection":[{"href":"https:\/\/singuli.wpress.me\/index.php\/wp-json\/wp\/v2\/product"}],"about":[{"href":"https:\/\/singuli.wpress.me\/index.php\/wp-json\/wp\/v2\/types\/product"}],"version-history":[{"count":0,"href":"https:\/\/singuli.wpress.me\/index.php\/wp-json\/wp\/v2\/product\/42383\/revisions"}],"wp:attachment":[{"href":"https:\/\/singuli.wpress.me\/index.php\/wp-json\/wp\/v2\/media?parent=42383"}],"wp:term":[{"taxonomy":"product_brand","embeddable":true,"href":"https:\/\/singuli.wpress.me\/index.php\/wp-json\/wp\/v2\/product_brand?post=42383"},{"taxonomy":"product_cat","embeddable":true,"href":"https:\/\/singuli.wpress.me\/index.php\/wp-json\/wp\/v2\/product_cat?post=42383"},{"taxonomy":"product_tag","embeddable":true,"href":"https:\/\/singuli.wpress.me\/index.php\/wp-json\/wp\/v2\/product_tag?post=42383"}],"curies":[{"name":"wp","href":"https:\/\/api.w.org\/{rel}","templated":true}]}}